{"id":29105,"date":"2021-04-23T16:15:39","date_gmt":"2021-04-23T13:15:39","guid":{"rendered":"https:\/\/totalblue.ro\/?post_type=product&#038;p=29105"},"modified":"2025-08-01T15:09:01","modified_gmt":"2025-08-01T12:09:01","slug":"mora-funmix-favorites-36-bucati-738-g","status":"publish","type":"product","link":"https:\/\/totalblue.ro\/en\/produs\/mora-funmix-favorites-36-bucati-738-g\/","title":{"rendered":"Mora Funmix favorites 36 Bucati 738 g"},"content":{"rendered":"<p>Funmix Favorites 738g<br \/>\nMora Funmix favorites 36 Bucati 738 g<br \/>\nUn pachet delicios cu toate gust\u0103rile tale preferate. Ambalajul con\u021bine mini frikandels, bitterballen, nuggets de pui \u0219i gust\u0103ri bami.<br \/>\n<strong>Storage conditions<\/strong>Do not defrost the product from the packaging.<br \/>\nDo not freeze after defrosting.<br \/>\nStore in the freezer at -18\u00b0C. Can be kept in the fridge for 48 hours from the freezer. Do not freeze after defrosting!!! Consume before - see date written on the packaging.<br \/>\n<strong>Ingredient:\u00a0 <\/strong>Gustare Bami: taitei fierti 53% (apa, gri de grau dur), legume 13% (ceapa, praz, varza, ardei gras), pesmet (faina de grau, sare, drojdie, colorant: annatto), uleiuri vegetale (palmier, nap, floarea-soarelui), apa, agent de amestecare (f\u0103in\u0103 (grau, orez), amidon din grau, sare, dextroza, gluten din grau), condimente bami (sare, dextroza, ierburi \u0219i condimente (con\u021bine telina), amidon (grau, cartof), aroma naturala, pudra de usturoi), gelatina de vita, sos de soia (apa, melasa, zahar, hidrolizat de proteine \u200b\u200bsoy, sare, sos soy (apa, fasole soy, grau, sare, soya), amidon din grau, extract din radacina din lemn de sare, sirop de zahar prajit ), sambal (ardei ro\u0219ii, sare), aroma natural\u0103 (con\u021bine telina) Bitterbal: ap\u0103, pesmet (f\u0103in\u0103 de gr\u00e2u, f\u0103in\u0103 integral\u0103 de gr\u00e2u, ulei de floarea-soarelui, drojdie, sare), f\u0103in\u0103 de gr\u00e2u, uleiuri vegetale (palmier, floarea-soarelui, nap), proteine \u200b\u200bdin ou\u0103 de pui liber, carne de vit\u0103 g\u0103tit\u0103 5%, gelatin\u0103 de vit\u0103, natural\u0103 arome (con\u021bine CELERY), proteine \u200b\u200bdin GR\u00c2U, sare, agen\u021bi de \u00eengro\u0219are: E464 \u0219i guma de guar, dextroza, pulbere vegetala (ceap\u0103, usturoi), coloran\u021bi: caramel \u0219i E150d, ierburi \u0219i condimente, emulgator: lecitina de soia, amidon din grau, colagen bovin. Frikandel: carne de pui separata mecanic 48%, apa, carne de porc 15%, pesmet (faina de grau, apa, drojdie, sare), grasime de porc, ceapa, sare, ierburi \u0219i condimente, dextroza, usturoi, sirop de glucoza, emulgatori: E450 \u0219i E452 , aroma naturala, maltodextrina, antioxidan\u021bi: acizi ascorbici \u0219i citrici, hidrolizat de proteine \u200b\u200bdin grau, EI. Bucatelele de pui: carne de pui separata mecanic 25%, apa, faina de grau, uleiuri vegetale (palmier, nap), pesmet (faina de grau, apa, drojdie, sare), colagen de pui, concentrat de proteine \u200b\u200bsay, sare, dextroza, emulgatori: E450, E451 \u0219i E452, aroma naturala. Poate con\u021bine urme de EI. Poate con\u021bine urme de alune. Numerele \u201eE\u201d sunt excipien\u021bi aproba\u021bi de UE.<br \/>\n<strong>Allergens:<\/strong> Con\u021bine: Grau, boabe care con\u021bin gluten, \u021belin\u0103, soia, ou\u0103. Poate con\u021bine: arahide<br \/>\n<strong>Nutritional values\/100g:<br \/>\n<\/strong>Energie 1001 kJ (240 kcal)<br \/>\nProteine \u200b\u200b9,1 g<br \/>\nCarbohidrati 16 g din care zaharuri 1,2 g<br \/>\nGrasime 15 g din care saturati 5,4 g<br \/>\nSalt 1.6 g<br \/>\nFor the most up-to-date product information, please consult the packaging.<br \/>\nManufactured by Mora, Antwoordnummer 65013 5000 VH Tilburg, 0800-BELMORA\/0800-2356672<br \/>\nImporter and distributor Total Blue Impex SRL<\/p>","protected":false},"excerpt":{"rendered":"<p><span data-text-color=\"alert\"><strong>WARNING! FROZEN PRODUCT! WARNING! FROZEN PRODUCT!<\/strong><\/span><\/p>","protected":false},"featured_media":29106,"comment_status":"open","ping_status":"closed","template":"","meta":{"_acf_changed":false,"_seopress_robots_primary_cat":"none","_seopress_titles_title":"","_seopress_titles_desc":"","_seopress_robots_index":""},"product_brand":[2024],"product_cat":[1555,2050,3256,1767,1954],"giftcard-category":[],"class_list":{"0":"post-29105","1":"product","2":"type-product","3":"status-publish","4":"has-post-thumbnail","6":"product_brand-mora","7":"product_cat-bacanie","8":"product_cat-produse-congelate","9":"product_cat-produse-congelate-produse-olanda","10":"product_cat-produse-olanda","11":"product_cat-semipreparate","12":"product_shipping_class-frozen-products","14":"first","15":"outofstock","16":"taxable","17":"shipping-taxable","18":"purchasable","19":"product-type-simple"},"acf":[],"_links":{"self":[{"href":"https:\/\/totalblue.ro\/en\/wp-json\/wp\/v2\/product\/29105","targetHints":{"allow":["GET"]}}],"collection":[{"href":"https:\/\/totalblue.ro\/en\/wp-json\/wp\/v2\/product"}],"about":[{"href":"https:\/\/totalblue.ro\/en\/wp-json\/wp\/v2\/types\/product"}],"replies":[{"embeddable":true,"href":"https:\/\/totalblue.ro\/en\/wp-json\/wp\/v2\/comments?post=29105"}],"wp:featuredmedia":[{"embeddable":true,"href":"https:\/\/totalblue.ro\/en\/wp-json\/wp\/v2\/media\/29106"}],"wp:attachment":[{"href":"https:\/\/totalblue.ro\/en\/wp-json\/wp\/v2\/media?parent=29105"}],"wp:term":[{"taxonomy":"product_brand","embeddable":true,"href":"https:\/\/totalblue.ro\/en\/wp-json\/wp\/v2\/product_brand?post=29105"},{"taxonomy":"product_cat","embeddable":true,"href":"https:\/\/totalblue.ro\/en\/wp-json\/wp\/v2\/product_cat?post=29105"},{"taxonomy":"giftcard-category","embeddable":true,"href":"https:\/\/totalblue.ro\/en\/wp-json\/wp\/v2\/giftcard-category?post=29105"}],"curies":[{"name":"wp","href":"https:\/\/api.w.org\/{rel}","templated":true}]}}