{"id":297451,"date":"2026-04-01T13:31:40","date_gmt":"2026-04-01T10:31:40","guid":{"rendered":"https:\/\/totalblue.ro\/?post_type=product&#038;p=297451"},"modified":"2026-04-01T14:59:02","modified_gmt":"2026-04-01T11:59:02","slug":"dreistern-pui-cu-legume-si-curry-400g","status":"publish","type":"product","link":"https:\/\/totalblue.ro\/en\/produs\/dreistern-pui-cu-legume-si-curry-400g\/","title":{"rendered":"Dreistern Pui cu legume si curry 400g"},"content":{"rendered":"<p>Dreistern H\u00e4hnchen Curry mit Gem\u00fcse (Curry de pui cu legume), este o mancare gata preparata din gama \u201eAsiatische Spezialit\u00e4ten\u201d, ambalata in conserva de 400 g.<br \/>\nEste un preparat care imbina stilul traditional german (\u201eRegionale K\u00fcche\u201d) cu aromele asiatice, fiind produs in Germania.<br \/>\nIngrediente : Ap\u0103, 29% carne de pui (preg\u0103tit\u0103), buc\u0103\u021bi de ananas (ananas, ap\u0103, zah\u0103r, acidifiant: acid citric), sm\u00e2nt\u00e2n\u0103, zah\u0103r, 3% ardei gras, 3% f\u00e2\u0219ii de l\u0103stari de bambus, amidon modificat, 1,5% morcovi, sare de mas\u0103 iodat\u0103 (sare de mas\u0103, iodat de potasiu), past\u0103 de tomate, 0,3% pudr\u0103 de curry, ardei iute ro\u0219ii, condimente, acidifiant: acid citric, maltodextrin\u0103, extract de chili<br \/>\nNutritional values \/ 100 g:<br \/>\nEnergie 336 KJ \/ 80 kcal<br \/>\nGrasimi 3 g din care acizi grasi saturati 1.2 g<br \/>\nCarbohidrati 6.8 g din care zahar 4.8 g<br \/>\nProteine 5.8 g<br \/>\nSalt 1.1 g<\/p>\n<p>Continut: Bucati fragede de carne de pui si un amestec de legume (cum ar fi fasole verde, ardei si porumb), totul intr-un sos de curry galben, aromat si usor cremos.<br \/>\nPreparare rapida: Trebuie doar incalzit timp de 4-5 minute pe aragaz (intr-o cratita) sau la microunde (intr-un vas adecvat).<br \/>\nSpecific: Sosul are un gust echilibrat, nefiind excesiv de iute, ceea ce il face potrivit pentru intreaga familie.<\/p>\n<p>Sugestii de servire:<\/p>\n<p>Garnitura ideala: Se serveste traditional alaturi de o portie de orez basmati sau iasomie fiert, care absoarbe perfect sosul de curry.<br \/>\nStil fusion: Merge excelent cu o bucata de paine naan sau lipie calda pentru a savura tot sosul.<br \/>\nProspetime: Adauga cateva frunze de coriandru proaspat sau patrunjel si un strop de zeama de lamaie chiar inainte de servire pentru a revigora aromele.<\/p>\n<p>Iata trei moduri prin care poti transforma conserva de Dreistern H\u00e4hnchen Curry intr-o masa care sa para gatita de la zero, adaugand textura si arome proaspete:<\/p>\n<p>1. Curry \u201eRoyal\u201d cu Lapte de Cocos si Caju<br \/>\nDaca preferi un sos mai fin si mai cremos, aceasta varianta inspirata din bucataria thailandeza este ideala.<\/p>\n<p>Ingrediente: 1 conserva de H\u00e4hnchen Curry, 50-100 ml lapte de cocos (sau smantana lichida), o mana de nuci caju prajite.<br \/>\nMod de preparare: Incalzeste curry-ul intr-o tigaie adanca. Cand incepe sa fiarba, toarna laptele de cocos si amesteca usor.<br \/>\nFinalizare: Lasa sa scada 2 minute pana sosul devine catifelat. Presara nucile caju deasupra chiar inainte de servire pentru un element crocant. Serveste cu orez basmati.<\/p>\n<p>2. Curry \u201eZesty\u201d cu Ananas si Coriandru<br \/>\nO combinatie exotica unde dulceata fructului echilibreaza condimentele din sosul de curry.<\/p>\n<p>Ingrediente: 1 conserva de curry, 2-3 felii de ananas (proaspat sau din conserva) taiate cubulete, sucul de la o jumatate de lamaie verde (lime), coriandru proaspat.<br \/>\nMod de preparare: Adauga cubuletele de ananas in curry in timp ce il incalzesti. Zaharul natural din ananas va infuza sosul.<br \/>\nServire: Stoarce lime-ul deasupra si adauga coriandru tocat. Aciditatea citricelor va \u201etrezi\u201d aromele condimentelor germane din conserva.<\/p>\n<p>3. Bowl cu Curry si Legume Verzi \u201eCrunchy\u201d<br \/>\nAdauga prospetime si volum preparatului prin introducerea legumelor verzi care nu sunt gatite excesiv.<\/p>\n<p>Ingrediente: 1 conserva de curry, o mana de mazare fina sau pastai de mazare mangetout, cateva fire de ceapa verde.<br \/>\nMod de preparare: Pune mazarea la fiert separat doar 2 minute (sa ramana crocanta). Incalzeste curry-ul si, la final, incorporeaza mazarea scursa.<br \/>\nAspect: Culoarea verde aprins a mazarei va face farfuria sa arate mult mai apetisant. Serveste-l intr-un bol adanc, presarat cu rondele de ceapa verde.<\/p>\n<p>Sfat de bucatar: Deoarece orezul este garnitura clasica, incearca sa adaugi in apa in care fierbi orezul o steluta de anason sau un bat de scortisoara. Aroma discreta a orezului va completa perfect sosul de pui de la Dreistern.<\/p>\n<p>Daca vrei sa experimentezi si mai mult cu conserva de Dreistern H\u00e4hnchen Curry, iata alte trei idei care schimba complet formatul clasic de \u201etocanita cu orez\u201d si transforma produsul in preparate moderne si surprinzatoare:<br \/>\n1. \u201eCurry-Puff\u201d (Placintele cu foietaj)<br \/>\nO metoda excelenta de a transforma curry-ul intr-o gustare crocanta sau un aperitiv cald.<\/p>\n<p>Ingrediente: 1 conserva de curry, 1 foaie de aluat de foietaj, 1 ou batut.<br \/>\nMod de preparare: Scurge putin din sosul curry-ului (pastreaza doar carnea si legumele mai dense). Taie aluatul in patrate egale.<br \/>\nGatire: Pune o lingura de compozitie in centrul fiecarui patrat, impatureste-l in forma de triunghi si sigileaza marginile cu o furculita. Unge cu ou si coace la 200\u00b0C timp de 15 minute, pana devin aurii.<br \/>\nRezultat: Vei obtine niste pateuri umplute cu un pui aromat si cremos la interior.<\/p>\n<p>2. \u201eCurry Ramen\u201d Rapid<br \/>\nFoloseste sosul bogat de curry ca baza pentru o supa de taietei in stil japonez.<\/p>\n<p>Ingrediente: 1 conserva de curry, 300 ml supa de pui (sau apa), 1 pachet de taietei instant (fara condimentele lor), un ou fiert moale.<br \/>\nMod de preparare: Intr-o oala, amesteca supa cu conserva de curry si lasa sa dea in clocot. Adauga taieteii si fierbe-i conform instructiunilor (2-3 minute).<br \/>\nServire: Pune totul intr-un bol mare, adauga oul taiat pe jumatate deasupra si putina ceapa verde. Vei avea un bol de taietei mult mai nutritiv si aromat decat varianta clasica.<\/p>\n<p>3. \u201eBuddha Bowl\u201d cu Quinoa si Curry<br \/>\nO varianta sanatoasa si colorata, unde curry-ul actioneaza ca un dressing cald peste ingrediente proaspete.<\/p>\n<p>Ingrediente: 1 conserva de curry, 100g quinoa fiarta, cateva frunze de spanac proaspat, cubulete de ardei rosu crud.<br \/>\nAsamblare: Pune quinoa intr-un bol, adauga spanacul pe o parte si ardeiul pe cealalta. Toarna curry-ul fierbinte direct in mijloc.<br \/>\nDe ce functioneaza: Caldura curry-ului va inmuia usor spanacul, iar quinoa va absorbi sosul galben, creand un amestec texturat si plin de vitamine.<\/p>\n<p>Truc de intensificare: Daca preferi o varianta mai picanta, adauga in timp ce incalzesti curry-ul un praf de fulgi de chili sau o lingurita de pasta de ardei iute. Condimentele din conserva sunt destul de blande, asa ca suporta bine un adaos de iuteala.<\/p>\n<p>Depozitarea corecta a conservei Dreistern H\u00e4hnchen Curry mit Gem\u00fcse (Curry de pui cu legume) este esentiala pentru a mentine calitatea sosului exotic si textura carnii de pui. Iata regulile de baza:<\/p>\n<p>1. Inainte de deschidere (Conserva sigilata)<\/p>\n<p>Locatie: Se pastreaza intr-un loc uscat si racoros (camara, dulap de bucatarie sau beci).<br \/>\nTemperatura: Ideal sub 25\u00b0C. Fiind un produs sterilizat prin gatire la presiune in interiorul dozei, nu necesita refrigerare cat timp sigiliul este intact.<br \/>\nValabilitate: Verifica data de pe capac (de regula, are o valabilitate de 2-3 ani). Produsele Dreistern sunt concepute pentru stocare pe termen lung datorita ambalajului rezistent.<\/p>\n<p>2. Dupa deschidere (Daca nu o consumi pe toata)<\/p>\n<p>Transfer obligatoriu: NU lasa curry-ul in cutia de metal deschisa. Aciditatea sosului si a legumelor poate reactiona cu metalul dozei in prezenta oxigenului, alterand gustul fin de curry (gust metalic) si siguranta alimentului.<br \/>\nRecipient: Transfera restul de pui si sos intr-o caserola de sticla sau plastic cu capac ermetic.<br \/>\nRefrigerare: Pastreaza recipientul la frigider la o temperatura de 2-4\u00b0C.<br \/>\nTimp de consum: Trebuie consumat in maximum 2 zile. Sosul de curry pe baza de condimente si amidon se poate ingrosa excesiv sau se poate oxida daca sta mai mult.<\/p>\n<p>3. Reincalzirea corecta<\/p>\n<p>Sfat: Cand reincalzesti curry-ul dupa ce a stat la frigider, vei observa ca sosul este mult mai dens. Adauga 1-2 linguri de apa, lapte de cocos sau supa in cratita si amesteca usor la foc mic pentru a-i reda consistenta cremoasa originala.<br \/>\nAtentie: Incalzeste doar portia pe care o vei manca imediat; reincalzirea repetata poate face carnea de pui sa devina atoasa.<\/p>\n<p>Semne de alterare: Daca la deschidere observati ca doza este bombata (umflata), prezinta rugina la imbinari sau daca mancarea are un miros acru\/intepator (diferit de mirosul specific de condimente asiatice), nu o consumati.<\/p>","protected":false},"excerpt":{"rendered":"<p>Dreistern H\u00e4hnchen Curry mit Gem\u00fcse (Curry de pui cu legume), este o mancare gata preparata din gama \u201eAsiatische Spezialit\u00e4ten\u201d, ambalata in conserva de 400 g. Este un preparat care imbina stilul traditional german (\u201eRegionale K\u00fcche\u201d) cu aromele asiatice, fiind produs in Germania. Ingrediente : Ap\u0103, 29% carne de pui (preg\u0103tit\u0103), buc\u0103\u021bi de ananas (ananas, ap\u0103, [&#8230;]\n","protected":false},"featured_media":297455,"comment_status":"open","ping_status":"closed","template":"","meta":{"_acf_changed":false,"_seopress_robots_primary_cat":"none","_seopress_titles_title":"","_seopress_titles_desc":"","_seopress_robots_index":""},"product_brand":[1959],"product_cat":[1555,1683,3372,3272,1950,1767],"giftcard-category":[],"class_list":{"0":"post-297451","1":"product","2":"type-product","3":"status-publish","4":"has-post-thumbnail","6":"product_brand-dreistern","7":"product_cat-bacanie","8":"product_cat-conserve-mancare-gatita","9":"product_cat-conserve-produse-germania","10":"product_cat-conserve","11":"product_cat-produse-germania","12":"product_cat-produse-olanda","14":"first","15":"instock","16":"taxable","17":"shipping-taxable","18":"purchasable","19":"product-type-simple"},"acf":[],"_links":{"self":[{"href":"https:\/\/totalblue.ro\/en\/wp-json\/wp\/v2\/product\/297451","targetHints":{"allow":["GET"]}}],"collection":[{"href":"https:\/\/totalblue.ro\/en\/wp-json\/wp\/v2\/product"}],"about":[{"href":"https:\/\/totalblue.ro\/en\/wp-json\/wp\/v2\/types\/product"}],"replies":[{"embeddable":true,"href":"https:\/\/totalblue.ro\/en\/wp-json\/wp\/v2\/comments?post=297451"}],"wp:featuredmedia":[{"embeddable":true,"href":"https:\/\/totalblue.ro\/en\/wp-json\/wp\/v2\/media\/297455"}],"wp:attachment":[{"href":"https:\/\/totalblue.ro\/en\/wp-json\/wp\/v2\/media?parent=297451"}],"wp:term":[{"taxonomy":"product_brand","embeddable":true,"href":"https:\/\/totalblue.ro\/en\/wp-json\/wp\/v2\/product_brand?post=297451"},{"taxonomy":"product_cat","embeddable":true,"href":"https:\/\/totalblue.ro\/en\/wp-json\/wp\/v2\/product_cat?post=297451"},{"taxonomy":"giftcard-category","embeddable":true,"href":"https:\/\/totalblue.ro\/en\/wp-json\/wp\/v2\/giftcard-category?post=297451"}],"curies":[{"name":"wp","href":"https:\/\/api.w.org\/{rel}","templated":true}]}}