{"id":29878,"date":"2021-05-13T11:07:08","date_gmt":"2021-05-13T08:07:08","guid":{"rendered":"https:\/\/totalblue.ro\/?post_type=product&#038;p=29878"},"modified":"2025-08-06T13:41:28","modified_gmt":"2025-08-06T10:41:28","slug":"sos-knorr-hollandaise-250-ml","status":"publish","type":"product","link":"https:\/\/totalblue.ro\/en\/produs\/sos-knorr-hollandaise-250-ml\/","title":{"rendered":"Sos Knorr Hollandaise 250 ml"},"content":{"rendered":"<div id=\"content_tab_description\" class=\"tab-content tab-description\">\n<div class=\"tab-content-inner\">\n<div class=\"tab-content-scroll\">\n<p>Knorr Sauce Hollandaise 250ml<br \/>\nSos Knorr Hollandaise 250 ml<br \/>\nCu acest sos clasic, consumul de sparanghel devine o experien\u021b\u0103 de neuitat.<br \/>\nSe potriveste bine cu sparanghel alb sau verde \u0219i manc\u0103ruri cu broccoli, peste si paste.Pregatire usoara si rapida! Pofta buna!!!<br \/>\n<strong>Ingredient:<\/strong>apa potabila, uleiuri vegetale (palmier, rapita), galbenus de oua, lapte degresat, amidon modificat, zahar, sare de masa, acid lactic regulator de aciditate, ingrosator (xantan, guma guar, guma de salcam), sare de masa iodat\u0103, arome (cu telina). Poate con\u021bine urme de gluten, soia \u0219i mustar.<br \/>\n<strong>Allergens:<\/strong> contine lapte, oua, telina.<br \/>\nFara aditivi si coloranti<br \/>\nNo preservatives<br \/>\n<strong>Instructiuni de utilizare:<\/strong> Se \u00eenc\u0103lze\u0219te \u00eentr-o crati\u021b\u0103 timp de 2 minute la foc mediu \/ se poate incalzi la bain-marie timp de 5 minute \/ se poate \u00eenc\u0103lzi acoperit \u00een cuptorul cu microunde timp de 1-2 minute (600 W).<br \/>\n<strong>Instruc\u021biuni de depozitare:<\/strong> A nu se p\u0103stra la temperaturi sub + 5 \u00b0 C. P\u0103stra\u021bi la frigider dup\u0103 deschidere \u0219i utiliza\u021bi \u00een termen de 2 zile.<br \/>\n<strong>Informa\u0163ii nutri\u0163ionale per 100ml produs:<\/strong><br \/>\nValoare energetic\u0103 1267 kJ (303kcal),<br \/>\nProteine: 2g,<br \/>\nGlucide: 3.9g, din care Zaharuri 2.7g,<br \/>\nLipide 31g, din care gr\u0103simi saturate 11g,<br \/>\nFibre &lt;0.5g,<br \/>\nSare 0.89g<br \/>\n<a href=\"https:\/\/totalblue.ro\/wp-content\/uploads\/2021\/02\/vegetarian.jpeg\"><img loading=\"lazy\" decoding=\"async\" class=\"alignnone wp-image-27413\" src=\"https:\/\/totalblue.ro\/wp-content\/uploads\/2021\/02\/vegetarian.jpeg\" alt=\"\" width=\"100\" height=\"100\" srcset=\"https:\/\/totalblue.ro\/wp-content\/uploads\/2021\/02\/vegetarian.jpeg 225w, https:\/\/totalblue.ro\/wp-content\/uploads\/2021\/02\/vegetarian-100x100.jpeg 100w\" sizes=\"auto, (max-width: 100px) 100vw, 100px\" \/><\/a><\/p>\n<\/div>\n<\/div>\n<\/div>","protected":false},"excerpt":{"rendered":"<p>Knorr Sauce Hollandaise 250ml<br \/>\nSos Knorr Hollandaise 250 ml<\/p>","protected":false},"featured_media":42383,"comment_status":"open","ping_status":"closed","template":"","meta":{"_acf_changed":false,"_seopress_robots_primary_cat":"none","_seopress_titles_title":"Sos Knorr Hollandaise , sos gata preparat Knorr Hollandaise","_seopress_titles_desc":"Cauti Sos Knorr Hollandaise , sos gata preparat Knorr Hollandaise? Cumpara acum online sos gata preparat Knorr Hollandaise, sosuri Hollandaise\r\n\r\n","_seopress_robots_index":""},"product_brand":[1870],"product_cat":[1555,3380,3280,1950,1767,1954],"giftcard-category":[],"class_list":{"0":"post-29878","1":"product","2":"type-product","3":"status-publish","4":"has-post-thumbnail","6":"product_brand-knorr","7":"product_cat-bacanie","8":"product_cat-condimente-sosuri-produse-germania","9":"product_cat-condimente-sosuri","10":"product_cat-produse-germania","11":"product_cat-produse-olanda","12":"product_cat-semipreparate","14":"first","15":"outofstock","16":"taxable","17":"shipping-taxable","18":"purchasable","19":"product-type-simple"},"acf":[],"_links":{"self":[{"href":"https:\/\/totalblue.ro\/en\/wp-json\/wp\/v2\/product\/29878","targetHints":{"allow":["GET"]}}],"collection":[{"href":"https:\/\/totalblue.ro\/en\/wp-json\/wp\/v2\/product"}],"about":[{"href":"https:\/\/totalblue.ro\/en\/wp-json\/wp\/v2\/types\/product"}],"replies":[{"embeddable":true,"href":"https:\/\/totalblue.ro\/en\/wp-json\/wp\/v2\/comments?post=29878"}],"wp:featuredmedia":[{"embeddable":true,"href":"https:\/\/totalblue.ro\/en\/wp-json\/wp\/v2\/media\/42383"}],"wp:attachment":[{"href":"https:\/\/totalblue.ro\/en\/wp-json\/wp\/v2\/media?parent=29878"}],"wp:term":[{"taxonomy":"product_brand","embeddable":true,"href":"https:\/\/totalblue.ro\/en\/wp-json\/wp\/v2\/product_brand?post=29878"},{"taxonomy":"product_cat","embeddable":true,"href":"https:\/\/totalblue.ro\/en\/wp-json\/wp\/v2\/product_cat?post=29878"},{"taxonomy":"giftcard-category","embeddable":true,"href":"https:\/\/totalblue.ro\/en\/wp-json\/wp\/v2\/giftcard-category?post=29878"}],"curies":[{"name":"wp","href":"https:\/\/api.w.org\/{rel}","templated":true}]}}