{"id":30274,"date":"2021-05-28T14:45:47","date_gmt":"2021-05-28T11:45:47","guid":{"rendered":"https:\/\/totalblue.ro\/?post_type=product&#038;p=30274"},"modified":"2024-02-01T16:32:00","modified_gmt":"2024-02-01T14:32:00","slug":"roshen-jeleuri-delicioase-ladybird-200g","status":"publish","type":"product","link":"https:\/\/totalblue.ro\/en\/produs\/roshen-jeleuri-delicioase-ladybird-200g\/","title":{"rendered":"Roshen Jeleuri delicioase LadyBird 200g"},"content":{"rendered":"<p>Roshen Jeleuri delicioase LadyBird 200g<br \/>\nMix de bomboane gumate cu aroma de fructe Roshen LadyBird Jelly Candies<br \/>\nMixul de bomboane gumate Roshen in forma de gargarita au adaos de fructe si sucuri naturale de pere, lamaie, portocale, mere, zmeura si capsuni.<br \/>\nFiecare bomboana este ambalata individual si se vand la punga de 200g.<br \/>\nMix de jeleuri sub form\u0103 de g\u0103rg\u0103ri\u021b\u0103 cu umplutur\u0103 pe baz\u0103 de suc de fructe: par\u0103-m\u0103r, m\u0103r-vi\u0219ine, portocal\u0103-grapefruit, l\u0103m\u00e2ie-fructe de p\u0103dure, zmeur\u0103-l\u0103m\u00e2ie, c\u0103p\u0219une-lime.<br \/>\nA se pastra la temperaturi de + 18grade si umiditate relativa a aerului de maximum 75%<br \/>\nA se feri de razele soarelui.<br \/>\n<strong>Ingredient: <\/strong>melasa, zahar, umectant, sirop de sorbitol, gelifiant E 407, regulatori de aciditate: amestec de acid lactic si citric, citrat de sodium, suc concentrat 0,5% pere, portocale, lamaie, mar, capsuni, zmeura, cirese, grapfruit, merisor, amidonmodificat, glazurant ceara de albine, arome, coloranti ( Antocianina, extract de paprika, curcumina, betacaroten, carmin indigo ) . Umplutura 12%.<br \/>\n<strong>Nutritional values\/100g:<br \/>\n<\/strong>Energie 1353 kJ \/ 319 kcal<br \/>\nCarbohidrati 79.5 grame<br \/>\nDin care zaharuri 65.5 grame<br \/>\nGrasimi 0.2 grame<br \/>\nDin care acizi grasi saturati 0.2 grame<br \/>\nSare 0.36 grame<\/p>\n<p>Importer in Romania : Roshen One SRL, Blv. Tudor Vladimirescu nr. 22, Green Gate , Bucuresti, Romania<\/p>","protected":false},"excerpt":{"rendered":"<p>Mix de bomboane gumate cu aroma de fructe Roshen LadyBird Jelly Candies<\/p>","protected":false},"featured_media":30275,"comment_status":"open","ping_status":"closed","template":"","meta":{"_acf_changed":false,"_seopress_robots_primary_cat":"none","_seopress_titles_title":"Roshen Jeleuri delicioase LadyBird 200g - Total Blue","_seopress_titles_desc":"Cauti Roshen Jeleuri Roshen? Cumpara online jeleuri Roshen LadyBird cu livrare rapida. Magazin online cu livrare rapida bomboane si jeleuri Roshen.","_seopress_robots_index":""},"product_brand":[1907],"product_cat":[1555,7021],"giftcard-category":[],"class_list":{"0":"post-30274","1":"product","2":"type-product","3":"status-publish","4":"has-post-thumbnail","6":"product_brand-roshen","7":"product_cat-bacanie","8":"product_cat-dulciuri-snacks","10":"first","11":"outofstock","12":"taxable","13":"shipping-taxable","14":"purchasable","15":"product-type-simple"},"acf":[],"_links":{"self":[{"href":"https:\/\/totalblue.ro\/en\/wp-json\/wp\/v2\/product\/30274","targetHints":{"allow":["GET"]}}],"collection":[{"href":"https:\/\/totalblue.ro\/en\/wp-json\/wp\/v2\/product"}],"about":[{"href":"https:\/\/totalblue.ro\/en\/wp-json\/wp\/v2\/types\/product"}],"replies":[{"embeddable":true,"href":"https:\/\/totalblue.ro\/en\/wp-json\/wp\/v2\/comments?post=30274"}],"wp:featuredmedia":[{"embeddable":true,"href":"https:\/\/totalblue.ro\/en\/wp-json\/wp\/v2\/media\/30275"}],"wp:attachment":[{"href":"https:\/\/totalblue.ro\/en\/wp-json\/wp\/v2\/media?parent=30274"}],"wp:term":[{"taxonomy":"product_brand","embeddable":true,"href":"https:\/\/totalblue.ro\/en\/wp-json\/wp\/v2\/product_brand?post=30274"},{"taxonomy":"product_cat","embeddable":true,"href":"https:\/\/totalblue.ro\/en\/wp-json\/wp\/v2\/product_cat?post=30274"},{"taxonomy":"giftcard-category","embeddable":true,"href":"https:\/\/totalblue.ro\/en\/wp-json\/wp\/v2\/giftcard-category?post=30274"}],"curies":[{"name":"wp","href":"https:\/\/api.w.org\/{rel}","templated":true}]}}