{"id":305535,"date":"2026-05-04T09:08:00","date_gmt":"2026-05-04T06:08:00","guid":{"rendered":"https:\/\/totalblue.ro\/?post_type=product&#038;p=305535"},"modified":"2026-05-04T14:19:27","modified_gmt":"2026-05-04T11:19:27","slug":"banda-ancorare-w435-40mm-3500dan","status":"publish","type":"product","link":"https:\/\/totalblue.ro\/en\/produs\/banda-ancorare-w435-40mm-3500dan\/","title":{"rendered":"Banda ancorare 40mm, 200 metri"},"content":{"rendered":"<p>Latime 40mm , Lc=3500 daN , Culoare: alba<br \/>\n<strong>Banda se livreaza doar ambalata la sac<\/strong><br \/>\n1 sac W435UFX = 200 ml<br \/>\nGreutate proprie aprox. 1 sac : 13 kg<br \/>\nBanda de ambalare \/ ancorare asigur\u0103 transportul \u00een siguran\u0163\u0103 a tuturor produselor \/ m\u0103rfurilor ( transport maritim , transport rutier , transport feroviar , transport agabaritic , transport special ) , legarea solarelor , t\u00e2mpl\u0103rie PVC , agricultur\u0103 , industria lemnului etc. Este o band\u0103 ideal\u0103 pentru ambalarea \/ ancorarea \u0163evilor , o\u0163elului inoxidabil.<\/p>","protected":false},"excerpt":{"rendered":"<p>Latime 40mm , Lc=3500 daN<br \/>\n<strong>Banda se livreaza doar ambalata la sac<\/strong><br \/>\n<strong>Pretul afisat este pe sac<br \/>\n<\/strong>1 sac = 200 ml<\/p>\n<p>&nbsp;<\/p>","protected":false},"featured_media":305541,"comment_status":"open","ping_status":"closed","template":"","meta":{"_acf_changed":false,"_seopress_robots_primary_cat":"none","_seopress_titles_title":"","_seopress_titles_desc":"","_seopress_robots_index":""},"product_brand":[],"product_cat":[16097],"giftcard-category":[],"class_list":{"0":"post-305535","1":"product","2":"type-product","3":"status-publish","4":"has-post-thumbnail","6":"product_cat-bricolaj","8":"first","9":"instock","10":"taxable","11":"shipping-taxable","12":"purchasable","13":"product-type-simple"},"acf":[],"_links":{"self":[{"href":"https:\/\/totalblue.ro\/en\/wp-json\/wp\/v2\/product\/305535","targetHints":{"allow":["GET"]}}],"collection":[{"href":"https:\/\/totalblue.ro\/en\/wp-json\/wp\/v2\/product"}],"about":[{"href":"https:\/\/totalblue.ro\/en\/wp-json\/wp\/v2\/types\/product"}],"replies":[{"embeddable":true,"href":"https:\/\/totalblue.ro\/en\/wp-json\/wp\/v2\/comments?post=305535"}],"wp:featuredmedia":[{"embeddable":true,"href":"https:\/\/totalblue.ro\/en\/wp-json\/wp\/v2\/media\/305541"}],"wp:attachment":[{"href":"https:\/\/totalblue.ro\/en\/wp-json\/wp\/v2\/media?parent=305535"}],"wp:term":[{"taxonomy":"product_brand","embeddable":true,"href":"https:\/\/totalblue.ro\/en\/wp-json\/wp\/v2\/product_brand?post=305535"},{"taxonomy":"product_cat","embeddable":true,"href":"https:\/\/totalblue.ro\/en\/wp-json\/wp\/v2\/product_cat?post=305535"},{"taxonomy":"giftcard-category","embeddable":true,"href":"https:\/\/totalblue.ro\/en\/wp-json\/wp\/v2\/giftcard-category?post=305535"}],"curies":[{"name":"wp","href":"https:\/\/api.w.org\/{rel}","templated":true}]}}