{"id":32314,"date":"2021-07-29T15:59:58","date_gmt":"2021-07-29T12:59:58","guid":{"rendered":"https:\/\/totalblue.ro\/?post_type=product&#038;p=32314"},"modified":"2026-03-22T12:16:09","modified_gmt":"2026-03-22T10:16:09","slug":"unox-conserve-de-pate-de-ficat-3x56g","status":"publish","type":"product","link":"https:\/\/totalblue.ro\/en\/produs\/unox-conserve-de-pate-de-ficat-3x56g\/","title":{"rendered":"Unox Pork liver p\u00e2t\u00e9 3x56g"},"content":{"rendered":"<p>Ingrediente: Gr\u0103sime de porc\u00b9, ficat de porc\u00b9 26%, ap\u0103, colagen de porc\u00b9, carne de porc 18%, amidon de cartofi, sare, gelatin\u0103 de porc, condimente (piper, coriandru, ghimbir), arom\u0103, acid E270, antioxidant E301, arom\u0103, extract de condimente, stabilizator E250. \u00b9 Marca de calitate Better Life 1 stea.<br \/>\nNutritional values \/ 100 g:<br \/>\nEnergie 1247 kJ (298 kcal)<br \/>\nGrasimi 27 g din care grasimi saturate 10 g<br \/>\nGlucide 1.8 g din care zaharuri &lt; 0.5 g<br \/>\nProtein 12 g<br \/>\nSalt 1.7 g<br \/>\nFabricat de Unilever Nederland, Unox Postbus 160, 3000 AD Rotterdam, Nederland<br \/>\nImporter and distributor Total Blue Impex SRL<\/p>","protected":false},"excerpt":{"rendered":"<p>Ingrediente: Gr\u0103sime de porc\u00b9, ficat de porc\u00b9 26%, ap\u0103, colagen de porc\u00b9, carne de porc 18%, amidon de cartofi, sare, gelatin\u0103 de porc, condimente (piper, coriandru, ghimbir), arom\u0103, acid E270, antioxidant E301, arom\u0103, extract de condimente, stabilizator E250. \u00b9 Marca de calitate Better Life 1 stea. Valori nutritionale \/ 100 g: Energie 1247 kJ (298 [&#8230;]\n","protected":false},"featured_media":32315,"comment_status":"open","ping_status":"closed","template":"","meta":{"_acf_changed":false,"_seopress_robots_primary_cat":"none","_seopress_titles_title":"Unox Pate de ficat de porc 3x56g","_seopress_titles_desc":"Cauti conserve pate de ficat ? Cumpara acum Unox Pate de ficat de porc, pate conserva de ficat, conserve de ficat, conserve de pate de ficat Unox","_seopress_robots_index":""},"product_brand":[1925],"product_cat":[1555,1683,3272,1767],"giftcard-category":[],"class_list":{"0":"post-32314","1":"product","2":"type-product","3":"status-publish","4":"has-post-thumbnail","6":"product_brand-unox","7":"product_cat-bacanie","8":"product_cat-conserve-mancare-gatita","9":"product_cat-conserve","10":"product_cat-produse-olanda","12":"first","13":"outofstock","14":"taxable","15":"shipping-taxable","16":"purchasable","17":"product-type-simple"},"acf":[],"_links":{"self":[{"href":"https:\/\/totalblue.ro\/en\/wp-json\/wp\/v2\/product\/32314","targetHints":{"allow":["GET"]}}],"collection":[{"href":"https:\/\/totalblue.ro\/en\/wp-json\/wp\/v2\/product"}],"about":[{"href":"https:\/\/totalblue.ro\/en\/wp-json\/wp\/v2\/types\/product"}],"replies":[{"embeddable":true,"href":"https:\/\/totalblue.ro\/en\/wp-json\/wp\/v2\/comments?post=32314"}],"wp:featuredmedia":[{"embeddable":true,"href":"https:\/\/totalblue.ro\/en\/wp-json\/wp\/v2\/media\/32315"}],"wp:attachment":[{"href":"https:\/\/totalblue.ro\/en\/wp-json\/wp\/v2\/media?parent=32314"}],"wp:term":[{"taxonomy":"product_brand","embeddable":true,"href":"https:\/\/totalblue.ro\/en\/wp-json\/wp\/v2\/product_brand?post=32314"},{"taxonomy":"product_cat","embeddable":true,"href":"https:\/\/totalblue.ro\/en\/wp-json\/wp\/v2\/product_cat?post=32314"},{"taxonomy":"giftcard-category","embeddable":true,"href":"https:\/\/totalblue.ro\/en\/wp-json\/wp\/v2\/giftcard-category?post=32314"}],"curies":[{"name":"wp","href":"https:\/\/api.w.org\/{rel}","templated":true}]}}