{"id":32899,"date":"2021-08-12T14:58:47","date_gmt":"2021-08-12T11:58:47","guid":{"rendered":"https:\/\/totalblue.ro\/?post_type=product&#038;p=32899"},"modified":"2025-08-06T15:56:33","modified_gmt":"2025-08-06T12:56:33","slug":"maggi-bouillon-limpede-ideal-pentru-supe-si-sosuri-101-g","status":"publish","type":"product","link":"https:\/\/totalblue.ro\/en\/produs\/maggi-bouillon-limpede-ideal-pentru-supe-si-sosuri-101-g\/","title":{"rendered":"Maggi Bouillon limpede baza mancare ideal pentru supe si sosuri 7L, 101 g"},"content":{"rendered":"<p>MAGGI Klare Br\u00fche Glas 101 g<br \/>\nMaggi Bouillon limpede ideal pentru supe si sosuri 101 g<strong><br \/>\n<\/strong>Maggi Bouillon limpede ideal pentru supe si sosuri , 7 litri, Borcan 101 g<strong><br \/>\n<\/strong>Contine ingrediente naturale.<strong><br \/>\n<\/strong>MAGGI Klare Br\u00fche Glas nu trebuie sa lipseasca din nici o bucatarie ! Maggi Bouillon impresioneaza printr-un amestec special de condimente si un gust inconfundabil, delicat picant.<br \/>\nMAGGI Klare Br\u00fche este condimentul perfect pentru toata lumea. Bulionul este versatil. Fie ca baza pentru o supa consistenta, dar si supe crema, pentru condimentarea salatei de cartofi de casa sau pentru condimentarea si rafinarea sosurilor, cartofi prajiti, sosuri picante, tocanite delicioase \u0219i retete vegetariene. Garniturile precum orezul, cuscusul sau quinoa pot fi gatite si cu acest bulion clar.<br \/>\nTot ce ai nevoie este doar de 150 ml de apa clocotita la 1\/2 lingurita de bulion MAGGI Klare Br\u00fche. Daca gatesti mult si iti place sa incerci retete noi sau retete vegetariene, ar trebui sa ai \u00eentotdeauna la \u00eendemana un ajutor practic pentru bucatarie : MAGGI.<br \/>\nMaggi Bouillon ofera mancaruri creative din legume, carne si peste, cum ar fi tigaia de bulgur, antipasti de legume, salata de pui, carpaccio, pachetele sau burgeri de legume. Desigur, Maggi Bouillon poate fi folosite si pentru rafinarea supelor delicioase ai a tocanelor copioase. Nu exista limite pentru propria creativitate atunci cand pregatesti si gatesti!<strong><br \/>\nIngredient: <\/strong>Ingrediente: 51,8% amestec de condimente (sare, nucsoara, piper), amidon de cartofi, 9% ceapa, zahar, sare, arome naturale, praz, ulei de floarea-soarelui, extract de otet, condimente (din grau), aroma naturala de telina, aroma naturala de dafin. Pot fi incluse oua, lapte, mustar, soia.<br \/>\nVegetarian<br \/>\nFara ingrediente de origine animala, cu exceptia oualor, a produselor lactate si a mierii.<br \/>\n<strong>Allergens: <\/strong>contine telina, gluten, grau.<br \/>\nProtejati de lumina directa a soarelui.<br \/>\nAmbalaj: borcan cu capac<br \/>\n<strong>Nutritional values:<br \/>\n<\/strong>Energie 10 kJ \/ 3 kcal<br \/>\nGrasimi 0,1 g din care acizi grasi saturati 0,1 g<br \/>\nCarbohidrati 0,4 g din care zahar 0,2 g<br \/>\nFibre alimentare 0,1 g<br \/>\nProtein 0,1 g<br \/>\nSalt 0,8 g<br \/>\nFabricat de MAGGI GmbH 60528 Frankfurt \/ Main Made in GERMANY<br \/>\nImporter and distributor Total Blue Impex SRL<br \/>\nRetetele produselor se pot schimba. Informa\u021biile furnizate aici se refera la gama germana valabila \u00een prezent \u0219i sunt actualizate periodic. In cazul modificarilor retetei, produsele cu reteta veche \u0219i cea noua pot fi gasite in magazine. Prin urmare, cumparatorul trebuie sa citeasca cu atentie toate informa\u021biile de pe ambalaj. Acest lucru se aplica in special listei de ingrediente pentru a lua in considerare intolerantele, alergeni etc.<br \/>\n<a href=\"https:\/\/totalblue.ro\/wp-content\/uploads\/2021\/02\/vegetarian.jpeg\"><img loading=\"lazy\" decoding=\"async\" class=\"alignnone wp-image-27413\" src=\"https:\/\/totalblue.ro\/wp-content\/uploads\/2021\/02\/vegetarian.jpeg\" alt=\"\" width=\"99\" height=\"99\" srcset=\"https:\/\/totalblue.ro\/wp-content\/uploads\/2021\/02\/vegetarian.jpeg 225w, https:\/\/totalblue.ro\/wp-content\/uploads\/2021\/02\/vegetarian-100x100.jpeg 100w\" sizes=\"auto, (max-width: 99px) 100vw, 99px\" \/><\/a><\/p>","protected":false},"excerpt":{"rendered":"<p>MAGGI Klare Br\u00fche Glas 101 g<br \/>\nMaggi Bouillon limpede ideal pentru supe si sosuri 101 g<\/p>","protected":false},"featured_media":33191,"comment_status":"open","ping_status":"closed","template":"","meta":{"_acf_changed":false,"_seopress_robots_primary_cat":"1451","_seopress_titles_title":"Maggi Bouillon limpede baza mancare ideal pentru supe si sosuri 7L, 101 g","_seopress_titles_desc":"Cumpara online MAGGI Klare Br\u00fche Glas,\r\nMaggi Bouillon, Maggi condimente. Magazin online cu livrare rapida condimente, MAGGI Klare Br\u00fche, Bouillon.","_seopress_robots_index":""},"product_brand":[1869],"product_cat":[1555,3380,1451,3280,1950,1767],"giftcard-category":[],"class_list":{"0":"post-32899","1":"product","2":"type-product","3":"status-publish","4":"has-post-thumbnail","6":"product_brand-maggi","7":"product_cat-bacanie","8":"product_cat-condimente-sosuri-produse-germania","9":"product_cat-condimente-produse-instant","10":"product_cat-condimente-sosuri","11":"product_cat-produse-germania","12":"product_cat-produse-olanda","14":"first","15":"outofstock","16":"taxable","17":"shipping-taxable","18":"purchasable","19":"product-type-simple"},"acf":[],"_links":{"self":[{"href":"https:\/\/totalblue.ro\/en\/wp-json\/wp\/v2\/product\/32899","targetHints":{"allow":["GET"]}}],"collection":[{"href":"https:\/\/totalblue.ro\/en\/wp-json\/wp\/v2\/product"}],"about":[{"href":"https:\/\/totalblue.ro\/en\/wp-json\/wp\/v2\/types\/product"}],"replies":[{"embeddable":true,"href":"https:\/\/totalblue.ro\/en\/wp-json\/wp\/v2\/comments?post=32899"}],"wp:featuredmedia":[{"embeddable":true,"href":"https:\/\/totalblue.ro\/en\/wp-json\/wp\/v2\/media\/33191"}],"wp:attachment":[{"href":"https:\/\/totalblue.ro\/en\/wp-json\/wp\/v2\/media?parent=32899"}],"wp:term":[{"taxonomy":"product_brand","embeddable":true,"href":"https:\/\/totalblue.ro\/en\/wp-json\/wp\/v2\/product_brand?post=32899"},{"taxonomy":"product_cat","embeddable":true,"href":"https:\/\/totalblue.ro\/en\/wp-json\/wp\/v2\/product_cat?post=32899"},{"taxonomy":"giftcard-category","embeddable":true,"href":"https:\/\/totalblue.ro\/en\/wp-json\/wp\/v2\/giftcard-category?post=32899"}],"curies":[{"name":"wp","href":"https:\/\/api.w.org\/{rel}","templated":true}]}}