{"id":33421,"date":"2021-08-30T14:14:36","date_gmt":"2021-08-30T11:14:36","guid":{"rendered":"https:\/\/totalblue.ro\/?post_type=product&#038;p=33421"},"modified":"2025-08-05T10:33:01","modified_gmt":"2025-08-05T07:33:01","slug":"kuhne-castraveti-murati-cu-condimente-fine-330-g-370-ml","status":"publish","type":"product","link":"https:\/\/totalblue.ro\/en\/produs\/kuhne-castraveti-murati-cu-condimente-fine-330-g-370-ml\/","title":{"rendered":"K\u00fchne Castraveti murati cu condimente fine 330 g \/ 370 ml"},"content":{"rendered":"<p>K\u00fchne Castraveti murati cu condimente fine 330 g \/ 370 ml<br \/>\nCastraveti crocanti intr-o infuzie picanta cu condimente fine.<br \/>\n<strong>Ingredient:<\/strong> Castravete, otet de coniac, zahar, sare, marar, ceapa, boia, seminte de mustar, aroma naturala.<br \/>\n<strong>Allergens:<\/strong>Cereale care con\u021bin gluten: Nu.<br \/>\nCrustacee: Nu.<br \/>\nOua: Nu.<br \/>\nPeste: Nu.<br \/>\nArahide: Nu.<br \/>\nSoia: Nu.<br \/>\nLapte: Nu.<br \/>\nNuci: Nu.<br \/>\n\u021aelina: Nu.<br \/>\nMustar: da<br \/>\nSeminte de susan: Nu.<br \/>\nDioxid de sulf \u0219i sulfit: Nu.<br \/>\nLupini: Nu.<br \/>\nMoluste: Nu.<br \/>\nVegetarian product<br \/>\nGluten-free<br \/>\nLactose-free<br \/>\nA se pastra intr-un loc racoros dupa deschidere.<br \/>\nPackaging: glass jar with lid<br \/>\n<strong>Nutritional values:<\/strong><br \/>\nInforma\u021bii nutritionale la 100 g<br \/>\nValoare calorica in kJ 126 kJ<br \/>\nValoare calorica in kcal 30 kcal<br \/>\nGrasime 0,2 g acizi grasi saturati &lt;0,1 g<br \/>\nCarbohidrati 4,9 g<br \/>\nZahar 4,7 g<br \/>\nProtein 0,9 g<br \/>\nSalt 1.6 g<br \/>\nFibre dietetice 1,3 g<br \/>\n<a href=\"https:\/\/totalblue.ro\/wp-content\/uploads\/2021\/02\/vegetarian.jpeg\"><img loading=\"lazy\" decoding=\"async\" class=\"alignnone wp-image-27413\" src=\"https:\/\/totalblue.ro\/wp-content\/uploads\/2021\/02\/vegetarian.jpeg\" alt=\"\" width=\"107\" height=\"107\" srcset=\"https:\/\/totalblue.ro\/wp-content\/uploads\/2021\/02\/vegetarian.jpeg 225w, https:\/\/totalblue.ro\/wp-content\/uploads\/2021\/02\/vegetarian-100x100.jpeg 100w\" sizes=\"auto, (max-width: 107px) 100vw, 107px\" \/><\/a><\/p>\n<p>Carl K\u00fchne KG (GmbH &amp; Co.), K\u00fchneh\u00f6fe 11, 22761 Hamburg, Germany<br \/>\nImporter and distributor Total Blue Impex SRL<\/p>","protected":false},"excerpt":{"rendered":"<p>K\u00fchne Castraveti murati cu condimente fine 330 g \/ 370 ml<\/p>","protected":false},"featured_media":33424,"comment_status":"open","ping_status":"closed","template":"","meta":{"_acf_changed":false,"_seopress_robots_primary_cat":"none","_seopress_titles_title":"","_seopress_titles_desc":"","_seopress_robots_index":""},"product_brand":[2002],"product_cat":[1555,1683,3372,3272,1950,1767],"giftcard-category":[],"class_list":{"0":"post-33421","1":"product","2":"type-product","3":"status-publish","4":"has-post-thumbnail","6":"product_brand-kuhne","7":"product_cat-bacanie","8":"product_cat-conserve-mancare-gatita","9":"product_cat-conserve-produse-germania","10":"product_cat-conserve","11":"product_cat-produse-germania","12":"product_cat-produse-olanda","14":"first","15":"outofstock","16":"taxable","17":"shipping-taxable","18":"purchasable","19":"product-type-simple"},"acf":[],"_links":{"self":[{"href":"https:\/\/totalblue.ro\/en\/wp-json\/wp\/v2\/product\/33421","targetHints":{"allow":["GET"]}}],"collection":[{"href":"https:\/\/totalblue.ro\/en\/wp-json\/wp\/v2\/product"}],"about":[{"href":"https:\/\/totalblue.ro\/en\/wp-json\/wp\/v2\/types\/product"}],"replies":[{"embeddable":true,"href":"https:\/\/totalblue.ro\/en\/wp-json\/wp\/v2\/comments?post=33421"}],"wp:featuredmedia":[{"embeddable":true,"href":"https:\/\/totalblue.ro\/en\/wp-json\/wp\/v2\/media\/33424"}],"wp:attachment":[{"href":"https:\/\/totalblue.ro\/en\/wp-json\/wp\/v2\/media?parent=33421"}],"wp:term":[{"taxonomy":"product_brand","embeddable":true,"href":"https:\/\/totalblue.ro\/en\/wp-json\/wp\/v2\/product_brand?post=33421"},{"taxonomy":"product_cat","embeddable":true,"href":"https:\/\/totalblue.ro\/en\/wp-json\/wp\/v2\/product_cat?post=33421"},{"taxonomy":"giftcard-category","embeddable":true,"href":"https:\/\/totalblue.ro\/en\/wp-json\/wp\/v2\/giftcard-category?post=33421"}],"curies":[{"name":"wp","href":"https:\/\/api.w.org\/{rel}","templated":true}]}}