{"id":33442,"date":"2021-08-30T14:50:10","date_gmt":"2021-08-30T11:50:10","guid":{"rendered":"https:\/\/totalblue.ro\/?post_type=product&#038;p=33442"},"modified":"2025-08-05T10:32:55","modified_gmt":"2025-08-05T07:32:55","slug":"kuhne-castraveti-intregi-ungarische-art-picanti-cu-ardei-iute-670-g-720-ml","status":"publish","type":"product","link":"https:\/\/totalblue.ro\/en\/produs\/kuhne-castraveti-intregi-ungarische-art-picanti-cu-ardei-iute-670-g-720-ml\/","title":{"rendered":"K\u00fchne Castraveti intregi &#8222;UNGARISCHE ART&#8221;, picanti cu ardei iute 670 g \/ 720 ml"},"content":{"rendered":"<p id=\"tw-target-text\" class=\"tw-data-text tw-text-large XcVN5d tw-ta\" dir=\"ltr\" data-placeholder=\"Traducere\">K\u00fchne Castraveti intregi &#8222;UNGARISCHE ART&#8221;, picanti cu ardei iute 670 g \/ 720 ml<br \/>\nK\u00fchne castraveti picanti, condimentati in stil unguresc, rafinati cu boia si ardei iute.<br \/>\n<strong>Ingredient: <\/strong><span class=\"Y2IQFc\" lang=\"ro\">castravete, otet de coniac, sirop de glucoza-fructoza, marar, boia, ceapa, seminte de mustar, ardei iute, sare, zahar, aroma naturala de chili, culoare riboflavina.<\/span>No preservatives<br \/>\nFara substan\u021be conservante<br \/>\nGluten-free<br \/>\nFara lactoz\u0103<br \/>\nVegetarian product<br \/>\nCastraveti crocanti<br \/>\nA se pastra intr-un loc racoros dupa deschidere.<br \/>\nPackaging: glass jar with lid<br \/>\n<strong>Nutritional values:<\/strong><br \/>\nEnergie: 135 kJ \/ 32 kcal<br \/>\nGrasime: 0,2 g din care acizi grasi saturati &lt;0,1 g<br \/>\nCarbohidrati: 5,4 g din care zahar 5,2 g<br \/>\nFibre alimentare: 1,3 g<br \/>\nProteine: 0,9 g<br \/>\nSalt: 1.6 g<\/p>\n<p>Carl K\u00fchne KG (GmbH &amp; Co.), K\u00fchneh\u00f6fe 11, 22761 Hamburg, Germany<br \/>\nImporter and distributor Total Blue Impex SRL<\/p>","protected":false},"excerpt":{"rendered":"<p>K\u00fchne Castraveti intregi &#8222;UNGARISCHE ART&#8221;, picanti cu ardei iute 670 g \/ 720 ml<\/p>","protected":false},"featured_media":33444,"comment_status":"open","ping_status":"closed","template":"","meta":{"_acf_changed":false,"_seopress_robots_primary_cat":"none","_seopress_titles_title":"","_seopress_titles_desc":"","_seopress_robots_index":""},"product_brand":[2002],"product_cat":[1555,1683,3272,3372,1950,1767],"giftcard-category":[],"class_list":{"0":"post-33442","1":"product","2":"type-product","3":"status-publish","4":"has-post-thumbnail","6":"product_brand-kuhne","7":"product_cat-bacanie","8":"product_cat-conserve-mancare-gatita","9":"product_cat-conserve","10":"product_cat-conserve-produse-germania","11":"product_cat-produse-germania","12":"product_cat-produse-olanda","14":"first","15":"outofstock","16":"taxable","17":"shipping-taxable","18":"purchasable","19":"product-type-simple"},"acf":[],"_links":{"self":[{"href":"https:\/\/totalblue.ro\/en\/wp-json\/wp\/v2\/product\/33442","targetHints":{"allow":["GET"]}}],"collection":[{"href":"https:\/\/totalblue.ro\/en\/wp-json\/wp\/v2\/product"}],"about":[{"href":"https:\/\/totalblue.ro\/en\/wp-json\/wp\/v2\/types\/product"}],"replies":[{"embeddable":true,"href":"https:\/\/totalblue.ro\/en\/wp-json\/wp\/v2\/comments?post=33442"}],"wp:featuredmedia":[{"embeddable":true,"href":"https:\/\/totalblue.ro\/en\/wp-json\/wp\/v2\/media\/33444"}],"wp:attachment":[{"href":"https:\/\/totalblue.ro\/en\/wp-json\/wp\/v2\/media?parent=33442"}],"wp:term":[{"taxonomy":"product_brand","embeddable":true,"href":"https:\/\/totalblue.ro\/en\/wp-json\/wp\/v2\/product_brand?post=33442"},{"taxonomy":"product_cat","embeddable":true,"href":"https:\/\/totalblue.ro\/en\/wp-json\/wp\/v2\/product_cat?post=33442"},{"taxonomy":"giftcard-category","embeddable":true,"href":"https:\/\/totalblue.ro\/en\/wp-json\/wp\/v2\/giftcard-category?post=33442"}],"curies":[{"name":"wp","href":"https:\/\/api.w.org\/{rel}","templated":true}]}}