{"id":35921,"date":"2021-10-15T13:58:10","date_gmt":"2021-10-15T10:58:10","guid":{"rendered":"https:\/\/totalblue.ro\/?post_type=product&#038;p=35921"},"modified":"2025-08-06T13:30:18","modified_gmt":"2025-08-06T10:30:18","slug":"knorr-sos-gata-preparat-sparanghel-300-ml-olanda","status":"publish","type":"product","link":"https:\/\/totalblue.ro\/en\/produs\/knorr-sos-gata-preparat-sparanghel-300-ml-olanda\/","title":{"rendered":"Knorr sos gata preparat sparanghel 300 ml, Olanda"},"content":{"rendered":"<p><strong>Knorr sos gata preparat sparanghel 300 ml, Olanda<br \/>\nIngredient<\/strong>: <span class=\"Y2IQFc\" lang=\"ro\">ap\u0103, uleiuri vegetale (palmier, rapi\u021b\u0103), g\u0103lbenu\u0219 de ou 5,3%, sm\u00e2nt\u00e2n\u0103 4,9%, lapte praf degresat 2%, amidon de porumb modificat, sare iodat\u0103, zah\u0103r, concentrat de suc de l\u0103m\u00e2ie, regulator de aciditate E270, \u00eengro\u0219\u0103tor (E415, E412, E410 ), arom\u0103 (con\u021bine \u021belin\u0103), extract de drojdie. poate con\u021bine gluten, SOIA, mu\u0219tar.<br \/>\n<\/span><\/p>\n<p id=\"tw-target-text\" class=\"tw-data-text tw-text-large XcVN5d tw-ta\" dir=\"ltr\" data-placeholder=\"Traducere\"><span class=\"Y2IQFc\" lang=\"ro\"><strong>Preparation:<\/strong><br \/>\n&#8211; \u00cen tigaie: \u00cenc\u0103lzi\u021bi sosul timp de 2 p\u00e2n\u0103 la 3 minute la foc mic, amestec\u00e2nd, f\u0103r\u0103 a-l l\u0103sa s\u0103 fiarb\u0103.<br \/>\n&#8211; \u00cen cuptorul cu microunde: Se toarn\u0103 sosul \u00eentr-un vas potrivit, se acoper\u0103 \u0219i se \u00eenc\u0103lze\u0219te timp de 2,5 minute (600W). Se amestec\u0103 scurt \u00eenainte de servire.<br \/>\nAten\u021bie: nu pune\u021bi ambalajul \u00een cuptorul cu microunde \/ cuptor cu microunde!<br \/>\n<strong>Nutritional values \/ 100g:<\/strong><br \/>\n<\/span><span class=\"Y2IQFc\" lang=\"ro\">Energie 296 kcal<br \/>\nGr\u0103simi (total) 31 g<br \/>\ndin care Gr\u0103simi saturate 11 g<br \/>\nGlucide 3,2 g<br \/>\ndin care Zaharuri 1,9 g<br \/>\nDietary fibre 0,5 g<br \/>\nProteine \u200b\u200b1,7 g<br \/>\nSare 0,81 g<\/span><\/p>\n<p><span class=\"Y2IQFc\" lang=\"ro\">\u00a0<\/span><\/p>","protected":false},"excerpt":{"rendered":"<p>Knorr sos gata preparat sparanghel 300 ml, Olanda<\/p>","protected":false},"featured_media":35923,"comment_status":"open","ping_status":"closed","template":"","meta":{"_acf_changed":false,"_seopress_robots_primary_cat":"none","_seopress_titles_title":"","_seopress_titles_desc":"","_seopress_robots_index":""},"product_brand":[1870],"product_cat":[1555,3280,1767,1954],"giftcard-category":[],"class_list":{"0":"post-35921","1":"product","2":"type-product","3":"status-publish","4":"has-post-thumbnail","6":"product_brand-knorr","7":"product_cat-bacanie","8":"product_cat-condimente-sosuri","9":"product_cat-produse-olanda","10":"product_cat-semipreparate","12":"first","13":"outofstock","14":"taxable","15":"shipping-taxable","16":"purchasable","17":"product-type-simple"},"acf":[],"_links":{"self":[{"href":"https:\/\/totalblue.ro\/en\/wp-json\/wp\/v2\/product\/35921","targetHints":{"allow":["GET"]}}],"collection":[{"href":"https:\/\/totalblue.ro\/en\/wp-json\/wp\/v2\/product"}],"about":[{"href":"https:\/\/totalblue.ro\/en\/wp-json\/wp\/v2\/types\/product"}],"replies":[{"embeddable":true,"href":"https:\/\/totalblue.ro\/en\/wp-json\/wp\/v2\/comments?post=35921"}],"wp:featuredmedia":[{"embeddable":true,"href":"https:\/\/totalblue.ro\/en\/wp-json\/wp\/v2\/media\/35923"}],"wp:attachment":[{"href":"https:\/\/totalblue.ro\/en\/wp-json\/wp\/v2\/media?parent=35921"}],"wp:term":[{"taxonomy":"product_brand","embeddable":true,"href":"https:\/\/totalblue.ro\/en\/wp-json\/wp\/v2\/product_brand?post=35921"},{"taxonomy":"product_cat","embeddable":true,"href":"https:\/\/totalblue.ro\/en\/wp-json\/wp\/v2\/product_cat?post=35921"},{"taxonomy":"giftcard-category","embeddable":true,"href":"https:\/\/totalblue.ro\/en\/wp-json\/wp\/v2\/giftcard-category?post=35921"}],"curies":[{"name":"wp","href":"https:\/\/api.w.org\/{rel}","templated":true}]}}