{"id":38052,"date":"2021-11-15T12:35:35","date_gmt":"2021-11-15T10:35:35","guid":{"rendered":"https:\/\/totalblue.ro\/?post_type=product&#038;p=38052"},"modified":"2025-08-06T15:50:45","modified_gmt":"2025-08-06T12:50:45","slug":"maggi-bulion-de-vita-sarat-granulat-6l-126g","status":"publish","type":"product","link":"https:\/\/totalblue.ro\/en\/produs\/maggi-bulion-de-vita-sarat-granulat-6l-126g\/","title":{"rendered":"MAGGI bulion de vita sarat granulat 6L, 126G"},"content":{"rendered":"<p><strong>Preparation<\/strong>: Pentru a pregati, amestecati o lingurita usor \u00een 250 ml apa clocotita sau adaugati-o direct in timp ce gatiti, daca doriti. Bulionul poate fi folosit si nedizolvat dup\u0103 gust.<br \/>\n<strong>Ingredient:<\/strong>sare iodata (sare, iodat de potasiu), arome (cu grau, telina), amidon de cartofi, potentiator de aroma (glutamat monosodic, inozinat disodic, guanilat disodic), ulei de floarea soarelui, extract de carne de vita, praz, morcovi, patrunjel, telina (usturoi, nucsoara ) turmeric), sare, zahar, grasime de palmier, zahar caramelizat. Poate contine oua, lapte, soia si mustar.<br \/>\nInforma\u021bii despre alergeni:<br \/>\nTelina Ingrediente care con\u021bin relina.<br \/>\nIngrediente de proteine \u200b\u200bdin grau.<br \/>\nVegan f\u0103r\u0103 ingrediente de origine animal\u0103<br \/>\nOvo-lacto-vegetarian Fara ingrediente de origine animala, cu exceptia oualor, produselor lactate si mierii<br \/>\nFara carne de porc Fara ingrediente din carne de porc si gelatina de porc.<br \/>\n<strong>Nutritional values:<br \/>\n<\/strong>Energie 18 KJ \/ 4 kcal<br \/>\nGrasimi 0,2 g din care acizi grasi saturati 0 g<br \/>\nCarbohidrati 0,5 g din care zahar 0,1 g<br \/>\nFibre alimentare 0,0 g<br \/>\nProteine \u200b\u200b0,2 g<br \/>\nSalt 1.1 g<\/p>\n<p>Fabricat de MAGGI GmbH 60528 Frankfurt \/ Main Made in GERMANY<br \/>\nImporter and distributor Total Blue Impex SRL<\/p>","protected":false},"excerpt":{"rendered":"<p>Mod de preparare: Pentru a pregati, amestecati o lingurita usor \u00een 250 ml apa clocotita sau adaugati-o direct in timp ce gatiti, daca doriti. Bulionul poate fi folosit si nedizolvat dup\u0103 gust. Ingrediente:sare iodata (sare, iodat de potasiu), arome (cu grau, telina), amidon de cartofi, potentiator de aroma (glutamat monosodic, inozinat disodic, guanilat disodic), ulei [&#8230;]\n","protected":false},"featured_media":38056,"comment_status":"open","ping_status":"closed","template":"","meta":{"_acf_changed":false,"_seopress_robots_primary_cat":"none","_seopress_titles_title":"MAGGI bulion de vita sarat granulat 6L, 126G","_seopress_titles_desc":"MAGGI bulion de vita sarat granulat 6L, 126G","_seopress_robots_index":""},"product_brand":[1869],"product_cat":[1555,1451,3280,3380,1950,1767],"giftcard-category":[],"class_list":{"0":"post-38052","1":"product","2":"type-product","3":"status-publish","4":"has-post-thumbnail","6":"product_brand-maggi","7":"product_cat-bacanie","8":"product_cat-condimente-produse-instant","9":"product_cat-condimente-sosuri","10":"product_cat-condimente-sosuri-produse-germania","11":"product_cat-produse-germania","12":"product_cat-produse-olanda","14":"first","15":"outofstock","16":"taxable","17":"shipping-taxable","18":"purchasable","19":"product-type-simple"},"acf":[],"_links":{"self":[{"href":"https:\/\/totalblue.ro\/en\/wp-json\/wp\/v2\/product\/38052","targetHints":{"allow":["GET"]}}],"collection":[{"href":"https:\/\/totalblue.ro\/en\/wp-json\/wp\/v2\/product"}],"about":[{"href":"https:\/\/totalblue.ro\/en\/wp-json\/wp\/v2\/types\/product"}],"replies":[{"embeddable":true,"href":"https:\/\/totalblue.ro\/en\/wp-json\/wp\/v2\/comments?post=38052"}],"wp:featuredmedia":[{"embeddable":true,"href":"https:\/\/totalblue.ro\/en\/wp-json\/wp\/v2\/media\/38056"}],"wp:attachment":[{"href":"https:\/\/totalblue.ro\/en\/wp-json\/wp\/v2\/media?parent=38052"}],"wp:term":[{"taxonomy":"product_brand","embeddable":true,"href":"https:\/\/totalblue.ro\/en\/wp-json\/wp\/v2\/product_brand?post=38052"},{"taxonomy":"product_cat","embeddable":true,"href":"https:\/\/totalblue.ro\/en\/wp-json\/wp\/v2\/product_cat?post=38052"},{"taxonomy":"giftcard-category","embeddable":true,"href":"https:\/\/totalblue.ro\/en\/wp-json\/wp\/v2\/giftcard-category?post=38052"}],"curies":[{"name":"wp","href":"https:\/\/api.w.org\/{rel}","templated":true}]}}