{"id":38538,"date":"2021-11-18T10:58:52","date_gmt":"2021-11-18T08:58:52","guid":{"rendered":"https:\/\/totalblue.ro\/?post_type=product&#038;p=38538"},"modified":"2025-08-06T14:20:55","modified_gmt":"2025-08-06T11:20:55","slug":"lacroix-fond-de-legume-400-ml","status":"publish","type":"product","link":"https:\/\/totalblue.ro\/en\/produs\/lacroix-fond-de-legume-400-ml\/","title":{"rendered":"Lacroix food base, liquid vegetable stock 400 ml"},"content":{"rendered":"<p>Lacroix baza mancare de legume, fond lichid de legume 400 ml<\/p>\n<p>Ingrediente: bulion de legume (apa, morcovi, conopida, ceapa, praz, rosii, ardei, broccoli, telina), sare, uleiuri vegetale (ulei de floarea soarelui, ulei de soia), aroma (contine telina), condimente (contine soia), ierburi ( con\u0163ine telina), condimente (con\u0163ine telina), zahar, grasime de palmier, dextroza, maltodextrina, extract de drojdie (con\u0163ine grau).<br \/>\nAlergeni: cereale care contin gluten, telina, soia.<br \/>\nInformatii nutritionale la 100 ml (nepreg\u0103tit)<br \/>\nEnergie kj 35,0 kj \/ 8,0 kcal<br \/>\nGrasimi 0,1 g din care acizi grasi saturati 0,0 g<br \/>\nGlucide 1,3 g din care zaharuri 0,9 g<br \/>\nFibre alimentare 0,3 g proteine \u200b\u200b0,4 g<br \/>\nSalt 0,9 g<br \/>\nInstructiuni de pastrare: Agitati bine inainte de utilizare. Pastrati cantitatile neutilizate intr-un loc racoros timp de maximum 2 zile sau congelati in pungi cu cuburi de gheata.<br \/>\nAmbalaj : borcan de sticla cu capac<br \/>\nFabricat de Eugen Lacroix GmbH Postfach 108120, D-23530 L\u00fcbeck<br \/>\nImportator si distribuitor: Total Blue Impex SRL, Bucuresti, Romania<\/p>","protected":false},"excerpt":{"rendered":"<p>Lacroix baza mancare de legume, fond lichid de legume 400 ml Ingrediente: bulion de legume (apa, morcovi, conopida, ceapa, praz, rosii, ardei, broccoli, telina), sare, uleiuri vegetale (ulei de floarea soarelui, ulei de soia), aroma (contine telina), condimente (contine soia), ierburi ( con\u0163ine telina), condimente (con\u0163ine telina), zahar, grasime de palmier, dextroza, maltodextrina, extract de [&#8230;]\n","protected":false},"featured_media":62427,"comment_status":"open","ping_status":"closed","template":"","meta":{"_acf_changed":false,"_seopress_robots_primary_cat":"none","_seopress_titles_title":"Lacroix baza mancare, fond lichid de legume 400 ml","_seopress_titles_desc":"Cauti baza mancare de legume? Cumpara acum online Lacroix baza mancare, fond lichid de legume 400 ml, condimente legume, ciorbe legume, supe.","_seopress_robots_index":""},"product_brand":[4136],"product_cat":[1555,1451,3380,3280,1950,1767],"giftcard-category":[],"class_list":{"0":"post-38538","1":"product","2":"type-product","3":"status-publish","4":"has-post-thumbnail","6":"product_brand-lacroix","7":"product_cat-bacanie","8":"product_cat-condimente-produse-instant","9":"product_cat-condimente-sosuri-produse-germania","10":"product_cat-condimente-sosuri","11":"product_cat-produse-germania","12":"product_cat-produse-olanda","14":"first","15":"instock","16":"taxable","17":"shipping-taxable","18":"purchasable","19":"product-type-simple"},"acf":[],"_links":{"self":[{"href":"https:\/\/totalblue.ro\/en\/wp-json\/wp\/v2\/product\/38538","targetHints":{"allow":["GET"]}}],"collection":[{"href":"https:\/\/totalblue.ro\/en\/wp-json\/wp\/v2\/product"}],"about":[{"href":"https:\/\/totalblue.ro\/en\/wp-json\/wp\/v2\/types\/product"}],"replies":[{"embeddable":true,"href":"https:\/\/totalblue.ro\/en\/wp-json\/wp\/v2\/comments?post=38538"}],"wp:featuredmedia":[{"embeddable":true,"href":"https:\/\/totalblue.ro\/en\/wp-json\/wp\/v2\/media\/62427"}],"wp:attachment":[{"href":"https:\/\/totalblue.ro\/en\/wp-json\/wp\/v2\/media?parent=38538"}],"wp:term":[{"taxonomy":"product_brand","embeddable":true,"href":"https:\/\/totalblue.ro\/en\/wp-json\/wp\/v2\/product_brand?post=38538"},{"taxonomy":"product_cat","embeddable":true,"href":"https:\/\/totalblue.ro\/en\/wp-json\/wp\/v2\/product_cat?post=38538"},{"taxonomy":"giftcard-category","embeddable":true,"href":"https:\/\/totalblue.ro\/en\/wp-json\/wp\/v2\/giftcard-category?post=38538"}],"curies":[{"name":"wp","href":"https:\/\/api.w.org\/{rel}","templated":true}]}}