{"id":42326,"date":"2022-01-07T14:03:30","date_gmt":"2022-01-07T12:03:30","guid":{"rendered":"https:\/\/totalblue.ro\/?post_type=product&#038;p=42326"},"modified":"2025-08-06T15:50:32","modified_gmt":"2025-08-06T12:50:32","slug":"maggi-aroma-hot-100ml","status":"publish","type":"product","link":"https:\/\/totalblue.ro\/en\/produs\/maggi-aroma-hot-100ml\/","title":{"rendered":"Maggi aroma hot 119g \/ 110 ml"},"content":{"rendered":"<p>Maggi aroma hot 119g \/ 110 ml<br \/>\nMaggi aroma wurze hot 119g \/ 110 ml<br \/>\nIngredient : <span class=\"HwtZe\" lang=\"ro\"><span class=\"jCAhz ChMk0b\"><span class=\"ryNqvb\">ap\u0103, legume hidrolizate, proteine \u200b\u200b(ap\u0103, proteine \u200b\u200bdin gr\u00e2u, sare), sare, arome (cu \u021belin\u0103, gr\u00e2u), poten\u021biatori de arom\u0103, extract de drojdie, zah\u0103r, agent de \u00eengro\u0219are<br \/>\nNutritional values \/ 100 g:<br \/>\nEnergie 222 kJ \/ 52 kcal<br \/>\nGrasimi 0,1 g din care acizi grasi saturati 0 g<br \/>\nCarbohidra\u021bi 4.3g din care zahar 2 g<br \/>\nDietary fibre 0 g<br \/>\nProteine 7.2 g<br \/>\nSare 22 g<\/span><\/span><\/span><\/p>","protected":false},"excerpt":{"rendered":"<p>Maggi aroma hot 119g \/ 110 ml Maggi aroma wurze hot 119g \/ 110 ml Ingrediente : ap\u0103, legume hidrolizate, proteine \u200b\u200b(ap\u0103, proteine \u200b\u200bdin gr\u00e2u, sare), sare, arome (cu \u021belin\u0103, gr\u00e2u), poten\u021biatori de arom\u0103, extract de drojdie, zah\u0103r, agent de \u00eengro\u0219are Valori nutritionale \/ 100 g: Energie 222 kJ \/ 52 kcal Grasimi 0,1 g [&#8230;]\n","protected":false},"featured_media":117180,"comment_status":"open","ping_status":"closed","template":"","meta":{"_acf_changed":false,"_seopress_robots_primary_cat":"none","_seopress_titles_title":"","_seopress_titles_desc":"","_seopress_robots_index":""},"product_brand":[1869],"product_cat":[1555,21674,3280,3380,17494,1950,1767],"giftcard-category":[],"class_list":{"0":"post-42326","1":"product","2":"type-product","3":"status-publish","4":"has-post-thumbnail","6":"product_brand-maggi","7":"product_cat-bacanie","8":"product_cat-condimente-sosuri-influente-asiatice","9":"product_cat-condimente-sosuri","10":"product_cat-condimente-sosuri-produse-germania","11":"product_cat-influente-asiatice","12":"product_cat-produse-germania","13":"product_cat-produse-olanda","15":"first","16":"outofstock","17":"taxable","18":"shipping-taxable","19":"purchasable","20":"product-type-simple"},"acf":[],"_links":{"self":[{"href":"https:\/\/totalblue.ro\/en\/wp-json\/wp\/v2\/product\/42326","targetHints":{"allow":["GET"]}}],"collection":[{"href":"https:\/\/totalblue.ro\/en\/wp-json\/wp\/v2\/product"}],"about":[{"href":"https:\/\/totalblue.ro\/en\/wp-json\/wp\/v2\/types\/product"}],"replies":[{"embeddable":true,"href":"https:\/\/totalblue.ro\/en\/wp-json\/wp\/v2\/comments?post=42326"}],"wp:featuredmedia":[{"embeddable":true,"href":"https:\/\/totalblue.ro\/en\/wp-json\/wp\/v2\/media\/117180"}],"wp:attachment":[{"href":"https:\/\/totalblue.ro\/en\/wp-json\/wp\/v2\/media?parent=42326"}],"wp:term":[{"taxonomy":"product_brand","embeddable":true,"href":"https:\/\/totalblue.ro\/en\/wp-json\/wp\/v2\/product_brand?post=42326"},{"taxonomy":"product_cat","embeddable":true,"href":"https:\/\/totalblue.ro\/en\/wp-json\/wp\/v2\/product_cat?post=42326"},{"taxonomy":"giftcard-category","embeddable":true,"href":"https:\/\/totalblue.ro\/en\/wp-json\/wp\/v2\/giftcard-category?post=42326"}],"curies":[{"name":"wp","href":"https:\/\/api.w.org\/{rel}","templated":true}]}}