{"id":44080,"date":"2022-02-03T09:18:57","date_gmt":"2022-02-03T07:18:57","guid":{"rendered":"https:\/\/totalblue.ro\/?post_type=product&#038;p=44080"},"modified":"2025-09-22T09:58:54","modified_gmt":"2025-09-22T06:58:54","slug":"olvarit-mancare-pentru-bebelusi-curcan-morcovi-rosii-cartofi-12-luni-250g","status":"publish","type":"product","link":"https:\/\/totalblue.ro\/en\/produs\/olvarit-mancare-pentru-bebelusi-curcan-morcovi-rosii-cartofi-12-luni-250g\/","title":{"rendered":"Olvarit baby food Turkey, carrots, tomatoes, potatoes 12+ months, 250g"},"content":{"rendered":"<p id=\"tw-target-text\" class=\"tw-data-text tw-text-large tw-ta\" dir=\"ltr\" data-placeholder=\"Traducere\">Olvarit cu curcan, morcovi, rosii si cartofi pentru bebelusi cu ingrediente pure \u0219i naturale pentru bebelusii cu varsta peste 12 luni.<br \/>\nBaby food has a recognisable taste and texture that contributes to taste development.<br \/>\nA delicious baby snack with pure and natural ingredients.<br \/>\nContent and weight: 250 grams.<br \/>\n<strong>Ingredient: <\/strong>35,2% legume (19% morcov, 7% p\u0103st\u00e2rnac, 5,2% ro\u0219ii, 4% ceap\u0103), ap\u0103, 21% cartofi, 8% curcan, 3,1% amidon de gr\u00e2u, ulei de rapi\u021b\u0103, amidon de porumb, usturoi, piper negru. f\u0103r\u0103 gluten, f\u0103r\u0103 proteine \u200b\u200bdin lapte de vac\u0103.<br \/>\nPackaged in a glass jar with click lid.<br \/>\n<strong>Before opening, press on the lid. If it does not click, do not use the content!<\/strong><br \/>\n<strong>Preparation<\/strong>: Mix the contents and place the desired amount on a plate. Use a plastic spoon for this operation.<br \/>\nKeep the remaining contents sealed in the fridge and use within 24 hours.<br \/>\nHeat in the microwave for about 30 seconds at 600W.<br \/>\nAfter heating, stir well again and check the temperature.<br \/>\nDo not reuse leftovers.<br \/>\n<strong>Nutritional values\/100g:<br \/>\n<\/strong>Energie 293 kJ (70 kcal)<br \/>\nGrasimi 2.1 g din care grasimi saturate 0.1 g<br \/>\nGlucide 9.6 g din care zaharuri 1.6 g<br \/>\nProtein 1.4 g<br \/>\nFibre alimentare 2.4 g<br \/>\nSalt 0,05 g<br \/>\nMade in the Netherlands by Nutricia, Antwoordnummer 10061 2700 VB Zoetermeer<br \/>\nImporter and distributor Total Blue Impex SRL<br \/>\n<a href=\"https:\/\/totalblue.ro\/wp-content\/uploads\/2021\/03\/bcorporation.jpg\"><img loading=\"lazy\" decoding=\"async\" class=\"alignnone wp-image-43908\" src=\"https:\/\/totalblue.ro\/wp-content\/uploads\/2021\/03\/bcorporation-269x400.jpg\" alt=\"\" width=\"59\" height=\"88\" srcset=\"https:\/\/totalblue.ro\/wp-content\/uploads\/2021\/03\/bcorporation-269x400.jpg 269w, https:\/\/totalblue.ro\/wp-content\/uploads\/2021\/03\/bcorporation-100x149.jpg 100w, https:\/\/totalblue.ro\/wp-content\/uploads\/2021\/03\/bcorporation.jpg 320w\" sizes=\"auto, (max-width: 59px) 100vw, 59px\" \/><\/a><\/p>","protected":false},"excerpt":{"rendered":"<p>Olvarit cu curcan, morcovi, rosii si cartofi pentru bebelusi cu ingrediente pure \u0219i naturale pentru bebelusii cu varsta peste 12 luni. Mancarea pentru copii are un gust si o textura recunoscute care contribuie la dezvoltarea gustului. O gustare delicioasa pentru bebelusi cu ingrediente pure si naturale. Con\u021binut si greutate: 250 grame. Ingrediente: 35,2% legume (19% [&#8230;]\n","protected":false},"featured_media":44087,"comment_status":"open","ping_status":"closed","template":"","meta":{"_acf_changed":false,"_seopress_robots_primary_cat":"1767","_seopress_titles_title":"","_seopress_titles_desc":"","_seopress_robots_index":""},"product_brand":[6175],"product_cat":[1984,1520,5677,1767],"giftcard-category":[],"class_list":{"0":"post-44080","1":"product","2":"type-product","3":"status-publish","4":"has-post-thumbnail","6":"product_brand-olvarit","7":"product_cat-hrana-bebelusi","8":"product_cat-mama-copilul","9":"product_cat-mancare-si-accesorii-bebe","10":"product_cat-produse-olanda","12":"first","13":"outofstock","14":"taxable","15":"shipping-taxable","16":"purchasable","17":"product-type-simple"},"acf":[],"_links":{"self":[{"href":"https:\/\/totalblue.ro\/en\/wp-json\/wp\/v2\/product\/44080","targetHints":{"allow":["GET"]}}],"collection":[{"href":"https:\/\/totalblue.ro\/en\/wp-json\/wp\/v2\/product"}],"about":[{"href":"https:\/\/totalblue.ro\/en\/wp-json\/wp\/v2\/types\/product"}],"replies":[{"embeddable":true,"href":"https:\/\/totalblue.ro\/en\/wp-json\/wp\/v2\/comments?post=44080"}],"wp:featuredmedia":[{"embeddable":true,"href":"https:\/\/totalblue.ro\/en\/wp-json\/wp\/v2\/media\/44087"}],"wp:attachment":[{"href":"https:\/\/totalblue.ro\/en\/wp-json\/wp\/v2\/media?parent=44080"}],"wp:term":[{"taxonomy":"product_brand","embeddable":true,"href":"https:\/\/totalblue.ro\/en\/wp-json\/wp\/v2\/product_brand?post=44080"},{"taxonomy":"product_cat","embeddable":true,"href":"https:\/\/totalblue.ro\/en\/wp-json\/wp\/v2\/product_cat?post=44080"},{"taxonomy":"giftcard-category","embeddable":true,"href":"https:\/\/totalblue.ro\/en\/wp-json\/wp\/v2\/giftcard-category?post=44080"}],"curies":[{"name":"wp","href":"https:\/\/api.w.org\/{rel}","templated":true}]}}