{"id":48160,"date":"2022-03-29T16:05:53","date_gmt":"2022-03-29T13:05:53","guid":{"rendered":"https:\/\/totalblue.ro\/?post_type=product&#038;p=48160"},"modified":"2026-01-07T11:40:13","modified_gmt":"2026-01-07T09:40:13","slug":"budureasca-clasic-fume-vin-demisec-075l","status":"publish","type":"product","link":"https:\/\/totalblue.ro\/en\/produs\/budureasca-clasic-fume-vin-demisec-075l\/","title":{"rendered":"Budureasca Clasic Fume, Demisic wine 0,75L"},"content":{"rendered":"<p>Clasic Fum\u00e9 Demisec 2020<\/p>\n<p>Fum\u00e9 Clasic este un vin perfect echilibrat, creat din patru soiuri de struguri albi. Culoarea galben pai este complementata de aromele de pepene galben copt si notele fine de stejar. Gustul placut de gutuie coapta si accentele de stejar dezvaluie un final lung si incantator in acelasi timp.<\/p>\n<p>Culoare vin: Alb<br \/>\nTip vin: Demisec<br \/>\nSoi de struguri : Chardonnay<br \/>\nSauvignon Blanc<br \/>\nFeteasca Regala<br \/>\nPinot Gris<\/p>\n<p>Volum alcool: 13.5%<br \/>\nContinut si ambalaj: sticla imbuteliata, 0,75L<\/p>\n<p>Sugestii de servire:<br \/>\nRecomandam servirea vinului la o temperatura de 10 &#8211; 12\u00b0C.<\/p>\n<p>Procedeul de obtinere al Fum\u00e9-ului de Budureasca este unul foarte complex. Secretul consta in gasirea echilibrului perfect intre soiurile cupajului. Fiecare varietate de strugure (Chardonnay, Sauvignon Blanc, Feteasca Regala si Pinot Gris) este presata individual, iar mustul este pus separat \u00een tancuri pentru a se limpezi. Dupa limpezire, cele trei musturi sunt amestecate, cu exceptia unei mici cantitati de Chardonnay, care este in fermentata cu lemn de stejar. Fermentarea este realizata la temperaturi controlate de 13 &#8211; 15\u00b0C timp de trei saptamani.<\/p>\n<p>Vin realizat din struguri cule\u0219i la maturitate deplin\u0103 (D.O.C. \u2013 C.M.D. Dealu Mare).<\/p>\n<p>Pentru o experien\u021b\u0103 gustativ\u0103 deplin\u0103, recomand\u0103m servirea vinului la o temperatur\u0103 de 10 &#8211; 12\u00b0C.<\/p>\n<p>Legal lies: Alcohol seriously harms your health. Drink in moderation. Sale to under 18s is prohibited. www.desprealcool.ro<br \/>\n<a href=\"https:\/\/totalblue.ro\/wp-content\/uploads\/2021\/04\/under-18.jpg\"><img loading=\"lazy\" decoding=\"async\" class=\"alignnone wp-image-30757\" src=\"https:\/\/totalblue.ro\/wp-content\/uploads\/2021\/04\/under-18-400x400.jpg\" alt=\"\" width=\"95\" height=\"95\" srcset=\"https:\/\/totalblue.ro\/wp-content\/uploads\/2021\/04\/under-18-400x400.jpg 400w, https:\/\/totalblue.ro\/wp-content\/uploads\/2021\/04\/under-18-100x100.jpg 100w, https:\/\/totalblue.ro\/wp-content\/uploads\/2021\/04\/under-18-510x510.jpg 510w, https:\/\/totalblue.ro\/wp-content\/uploads\/2021\/04\/under-18-280x280.jpg 280w, https:\/\/totalblue.ro\/wp-content\/uploads\/2021\/04\/under-18.jpg 600w\" sizes=\"auto, (max-width: 95px) 100vw, 95px\" \/><\/a><a href=\"https:\/\/totalblue.ro\/wp-content\/uploads\/2021\/06\/drink-drive.jpg\"><img loading=\"lazy\" decoding=\"async\" class=\"alignnone wp-image-30761\" src=\"https:\/\/totalblue.ro\/wp-content\/uploads\/2021\/06\/drink-drive.jpg\" alt=\"\" width=\"96\" height=\"94\" srcset=\"https:\/\/totalblue.ro\/wp-content\/uploads\/2021\/06\/drink-drive.jpg 344w, https:\/\/totalblue.ro\/wp-content\/uploads\/2021\/06\/drink-drive-100x98.jpg 100w\" sizes=\"auto, (max-width: 96px) 100vw, 96px\" \/><\/a><a href=\"https:\/\/totalblue.ro\/wp-content\/uploads\/2021\/06\/bere-gravide02.jpg\"><img loading=\"lazy\" decoding=\"async\" class=\"alignnone wp-image-30771\" src=\"https:\/\/totalblue.ro\/wp-content\/uploads\/2021\/06\/bere-gravide02-403x400.jpg\" alt=\"\" width=\"97\" height=\"96\" srcset=\"https:\/\/totalblue.ro\/wp-content\/uploads\/2021\/06\/bere-gravide02-403x400.jpg 403w, https:\/\/totalblue.ro\/wp-content\/uploads\/2021\/06\/bere-gravide02-100x99.jpg 100w, https:\/\/totalblue.ro\/wp-content\/uploads\/2021\/06\/bere-gravide02-510x507.jpg 510w, https:\/\/totalblue.ro\/wp-content\/uploads\/2021\/06\/bere-gravide02-805x800.jpg 805w, https:\/\/totalblue.ro\/wp-content\/uploads\/2021\/06\/bere-gravide02-280x280.jpg 280w, https:\/\/totalblue.ro\/wp-content\/uploads\/2021\/06\/bere-gravide02-768x763.jpg 768w, https:\/\/totalblue.ro\/wp-content\/uploads\/2021\/06\/bere-gravide02-600x596.jpg 600w, https:\/\/totalblue.ro\/wp-content\/uploads\/2021\/06\/bere-gravide02.jpg 895w\" sizes=\"auto, (max-width: 97px) 100vw, 97px\" \/><\/a><\/p>","protected":false},"excerpt":{"rendered":"<p>Clasic Fum\u00e9 Demisec 2020 Fum\u00e9 Clasic este un vin perfect echilibrat, creat din patru soiuri de struguri albi. Culoarea galben pai este complementata de aromele de pepene galben copt si notele fine de stejar. Gustul placut de gutuie coapta si accentele de stejar dezvaluie un final lung si incantator in acelasi timp. Culoare vin: Alb [&#8230;]\n","protected":false},"featured_media":48161,"comment_status":"open","ping_status":"closed","template":"","meta":{"_acf_changed":false,"_seopress_robots_primary_cat":"none","_seopress_titles_title":"","_seopress_titles_desc":"","_seopress_robots_index":""},"product_brand":[6035],"product_cat":[1519],"giftcard-category":[],"class_list":{"0":"post-48160","1":"product","2":"type-product","3":"status-publish","4":"has-post-thumbnail","6":"product_brand-budureasca","7":"product_cat-bauturi-alcoolice-bere","9":"first","10":"instock","11":"taxable","12":"shipping-taxable","13":"purchasable","14":"product-type-simple"},"acf":[],"_links":{"self":[{"href":"https:\/\/totalblue.ro\/en\/wp-json\/wp\/v2\/product\/48160","targetHints":{"allow":["GET"]}}],"collection":[{"href":"https:\/\/totalblue.ro\/en\/wp-json\/wp\/v2\/product"}],"about":[{"href":"https:\/\/totalblue.ro\/en\/wp-json\/wp\/v2\/types\/product"}],"replies":[{"embeddable":true,"href":"https:\/\/totalblue.ro\/en\/wp-json\/wp\/v2\/comments?post=48160"}],"wp:featuredmedia":[{"embeddable":true,"href":"https:\/\/totalblue.ro\/en\/wp-json\/wp\/v2\/media\/48161"}],"wp:attachment":[{"href":"https:\/\/totalblue.ro\/en\/wp-json\/wp\/v2\/media?parent=48160"}],"wp:term":[{"taxonomy":"product_brand","embeddable":true,"href":"https:\/\/totalblue.ro\/en\/wp-json\/wp\/v2\/product_brand?post=48160"},{"taxonomy":"product_cat","embeddable":true,"href":"https:\/\/totalblue.ro\/en\/wp-json\/wp\/v2\/product_cat?post=48160"},{"taxonomy":"giftcard-category","embeddable":true,"href":"https:\/\/totalblue.ro\/en\/wp-json\/wp\/v2\/giftcard-category?post=48160"}],"curies":[{"name":"wp","href":"https:\/\/api.w.org\/{rel}","templated":true}]}}