{"id":48507,"date":"2022-04-04T14:17:36","date_gmt":"2022-04-04T11:17:36","guid":{"rendered":"https:\/\/totalblue.ro\/?post_type=product&#038;p=48507"},"modified":"2026-01-26T10:39:39","modified_gmt":"2026-01-26T08:39:39","slug":"jidvei-grigorescu-muscat-dry-vin-alb-demisec-075l","status":"publish","type":"product","link":"https:\/\/totalblue.ro\/en\/produs\/jidvei-grigorescu-muscat-dry-vin-alb-demisec-075l\/","title":{"rendered":"Jidvei Grigorescu Muscat Dry, Demisic white wine 0,75L"},"content":{"rendered":"<p>Jidvei Grigorescu Muscat Dry, Demisic white wine 0,75L<\/p>\n<p>Picturile lui Grigorescu surprind prin firescul \u0219i expresivitatea lor, prin armonia culorilor \u0219i a luminii, prin originalitatea ilustrarii specificului national. Toate acestea ne-au inspirat \u00een crearea unei game care \u00eei poart\u0103 numele \u0219i reuneste vinuri delicate, care incanta prin compozitia lor armonioasa si prin prospetime. Etichetele acestor vinuri reproduc unele dintre tablourile celebre ale marelui pictor roman.<\/p>\n<p>Grigorescu Dry Muscat surprinde prin textura catifelata si aromele intense de piersica, citrice, caise<br \/>\nsi caprifoi care sunt potentate de o aciditate echilibrata. La nivel olfactiv se remarca notele de flori<br \/>\nde tei, flori de salcam \u0219i fagure de miere, completate de tonuri exotice de mango \u0219i papaya.<\/p>\n<p>Culoare vin: Alb<br \/>\nTip vin: Demisec<br \/>\nSoi de struguri : Muscat Ottonel<br \/>\nVolum alcool: 12.0%<br \/>\nContinut si ambalaj: sticla imbuteliata, 0,75L<br \/>\nServirea: Recomandam servirea vinului la o temperatura de 8-10 \u00b0C . .<br \/>\nTara de origine Romania<br \/>\nNume producator Jidvei<br \/>\nLocatie: Podisul tarnavelor (Jidvei)<br \/>\nZaharuri reziduale: 5.3 g\/L<br \/>\nAciditate total\u0103: 5.3 g\/L<\/p>\n<p>Legal lies: Alcohol seriously harms your health. Drink in moderation. Sale to under 18s is prohibited. www.desprealcool.ro<br \/>\n<a href=\"https:\/\/totalblue.ro\/wp-content\/uploads\/2021\/04\/under-18.jpg\"><img loading=\"lazy\" decoding=\"async\" class=\"alignnone wp-image-30757\" src=\"https:\/\/totalblue.ro\/wp-content\/uploads\/2021\/04\/under-18-400x400.jpg\" alt=\"\" width=\"95\" height=\"95\" srcset=\"https:\/\/totalblue.ro\/wp-content\/uploads\/2021\/04\/under-18-400x400.jpg 400w, https:\/\/totalblue.ro\/wp-content\/uploads\/2021\/04\/under-18-100x100.jpg 100w, https:\/\/totalblue.ro\/wp-content\/uploads\/2021\/04\/under-18-510x510.jpg 510w, https:\/\/totalblue.ro\/wp-content\/uploads\/2021\/04\/under-18-280x280.jpg 280w, https:\/\/totalblue.ro\/wp-content\/uploads\/2021\/04\/under-18.jpg 600w\" sizes=\"auto, (max-width: 95px) 100vw, 95px\" \/><\/a><a href=\"https:\/\/totalblue.ro\/wp-content\/uploads\/2021\/06\/drink-drive.jpg\"><img loading=\"lazy\" decoding=\"async\" class=\"alignnone wp-image-30761\" src=\"https:\/\/totalblue.ro\/wp-content\/uploads\/2021\/06\/drink-drive.jpg\" alt=\"\" width=\"96\" height=\"94\" srcset=\"https:\/\/totalblue.ro\/wp-content\/uploads\/2021\/06\/drink-drive.jpg 344w, https:\/\/totalblue.ro\/wp-content\/uploads\/2021\/06\/drink-drive-100x98.jpg 100w\" sizes=\"auto, (max-width: 96px) 100vw, 96px\" \/><\/a><a href=\"https:\/\/totalblue.ro\/wp-content\/uploads\/2021\/06\/bere-gravide02.jpg\"><img loading=\"lazy\" decoding=\"async\" class=\"alignnone wp-image-30771\" src=\"https:\/\/totalblue.ro\/wp-content\/uploads\/2021\/06\/bere-gravide02-403x400.jpg\" alt=\"\" width=\"97\" height=\"96\" srcset=\"https:\/\/totalblue.ro\/wp-content\/uploads\/2021\/06\/bere-gravide02-403x400.jpg 403w, https:\/\/totalblue.ro\/wp-content\/uploads\/2021\/06\/bere-gravide02-100x99.jpg 100w, https:\/\/totalblue.ro\/wp-content\/uploads\/2021\/06\/bere-gravide02-510x507.jpg 510w, https:\/\/totalblue.ro\/wp-content\/uploads\/2021\/06\/bere-gravide02-805x800.jpg 805w, https:\/\/totalblue.ro\/wp-content\/uploads\/2021\/06\/bere-gravide02-280x280.jpg 280w, https:\/\/totalblue.ro\/wp-content\/uploads\/2021\/06\/bere-gravide02-768x763.jpg 768w, https:\/\/totalblue.ro\/wp-content\/uploads\/2021\/06\/bere-gravide02-600x596.jpg 600w, https:\/\/totalblue.ro\/wp-content\/uploads\/2021\/06\/bere-gravide02.jpg 895w\" sizes=\"auto, (max-width: 97px) 100vw, 97px\" \/><\/a><\/p>","protected":false},"excerpt":{"rendered":"<p>Jidvei Grigorescu Muscat Dry, Vin alb demisec 0,75L Picturile lui Grigorescu surprind prin firescul \u0219i expresivitatea lor, prin armonia culorilor \u0219i a luminii, prin originalitatea ilustrarii specificului national. Toate acestea ne-au inspirat \u00een crearea unei game care \u00eei poart\u0103 numele \u0219i reuneste vinuri delicate, care incanta prin compozitia lor armonioasa si prin prospetime. Etichetele acestor [&#8230;]\n","protected":false},"featured_media":48508,"comment_status":"open","ping_status":"closed","template":"","meta":{"_acf_changed":false,"_seopress_robots_primary_cat":"none","_seopress_titles_title":"","_seopress_titles_desc":"","_seopress_robots_index":""},"product_brand":[6066],"product_cat":[1519],"giftcard-category":[],"class_list":{"0":"post-48507","1":"product","2":"type-product","3":"status-publish","4":"has-post-thumbnail","6":"product_brand-jidvei","7":"product_cat-bauturi-alcoolice-bere","9":"first","10":"instock","11":"taxable","12":"shipping-taxable","13":"purchasable","14":"product-type-simple"},"acf":[],"_links":{"self":[{"href":"https:\/\/totalblue.ro\/en\/wp-json\/wp\/v2\/product\/48507","targetHints":{"allow":["GET"]}}],"collection":[{"href":"https:\/\/totalblue.ro\/en\/wp-json\/wp\/v2\/product"}],"about":[{"href":"https:\/\/totalblue.ro\/en\/wp-json\/wp\/v2\/types\/product"}],"replies":[{"embeddable":true,"href":"https:\/\/totalblue.ro\/en\/wp-json\/wp\/v2\/comments?post=48507"}],"wp:featuredmedia":[{"embeddable":true,"href":"https:\/\/totalblue.ro\/en\/wp-json\/wp\/v2\/media\/48508"}],"wp:attachment":[{"href":"https:\/\/totalblue.ro\/en\/wp-json\/wp\/v2\/media?parent=48507"}],"wp:term":[{"taxonomy":"product_brand","embeddable":true,"href":"https:\/\/totalblue.ro\/en\/wp-json\/wp\/v2\/product_brand?post=48507"},{"taxonomy":"product_cat","embeddable":true,"href":"https:\/\/totalblue.ro\/en\/wp-json\/wp\/v2\/product_cat?post=48507"},{"taxonomy":"giftcard-category","embeddable":true,"href":"https:\/\/totalblue.ro\/en\/wp-json\/wp\/v2\/giftcard-category?post=48507"}],"curies":[{"name":"wp","href":"https:\/\/api.w.org\/{rel}","templated":true}]}}