{"id":50549,"date":"2022-04-26T15:07:23","date_gmt":"2022-04-26T12:07:23","guid":{"rendered":"https:\/\/totalblue.ro\/?post_type=product&#038;p=50549"},"modified":"2025-08-01T11:58:13","modified_gmt":"2025-08-01T08:58:13","slug":"knorr-pasta-snack-rahm-sos-62g","status":"publish","type":"product","link":"https:\/\/totalblue.ro\/en\/produs\/knorr-pasta-snack-rahm-sos-62g\/","title":{"rendered":"Knorr Pasta Snack Rahm sos 62g"},"content":{"rendered":"<p>Knorr Pasta Snack Rahm sos 62g<\/p>\n<p>Mod de preparare \/ Mod de utilizare:<br \/>\n1. Deschide\u021bi capacul.<br \/>\n2. Se toarn\u0103 apa clocotita pana la semn.<br \/>\n3. Se amesteca bine \u0219i se inchide din nou capacul.<br \/>\n4. Lasa pastele sa absoarba apa 5 minute.<br \/>\n5. Se amestec\u0103 din nou bine.<br \/>\n6. Gata ! Un snack rapid si delicios !<br \/>\n<strong>Ingredient:<\/strong>57% paste (grau dur, albus de ou), 12,5% pudra smantana, amidon, arome (cu grau, orz), ulei de floarea soarelui, pudra de pasta de rosii, sirop de glucoza, lactoza, 1% morcov, 0,4% ceapa primavara , usturoi, turmeric, 0,3% arpagic, patrunjel, inlocuitor de sare de gatit4, ceapa, proteine de lapte, sare de masa iodata, concentrat de suc de ceapa, extract de drojdie. Poate contine urme de soia, telina si mustar. Din cultivare durabila. Obtinut din minerale naturale de potasiu.<br \/>\n<strong>Allergens:<\/strong>Contine gluten, ou si lapte. Poate contine soia, telina si mustar.<br \/>\nA se pastra intr-un loc racoros \u0219i uscat.<br \/>\n<strong>Nutritional values \/ 100g:<\/strong><br \/>\nEnergie (kJ\/kcal) 441 kJ\/105 kcal<br \/>\nGrasimi 2,8 g din care acizi grasi saturati 1,1 g<br \/>\nCarbohidrati 16 g din care zahar 2,5 g<br \/>\nFibre alimentare 0,7 g<br \/>\nProtein 3.3 g<br \/>\nSare 0,74 g<br \/>\nCountry of origin: Germany<br \/>\nProducator Unilever Deutschland, Postfach 570 237, 22771 Hamburg<br \/>\n*Re\u021betele produselor se pot schimba. Informa\u021biile furnizate aici se refera la gama germana valabila \u00een prezent \u0219i sunt actualizate periodic. In cazul modific\u0103rilor retetei, produsele cu reteta veche \u0219i cea nou\u0103 pot fi g\u0103site \u00een magazine. Prin urmare, cump\u0103r\u0103torul trebuie sa citeasca intotdeauna cu atentie toate informatiile de pe ambalaj. Acest lucru se aplica in special listei de ingrediente pentru a lua \u00een considerare intolerantele.<\/p>","protected":false},"excerpt":{"rendered":"<p>Knorr Pasta Snack Rahm sos 62g Mod de preparare \/ Mod de utilizare: 1. Deschide\u021bi capacul. 2. Se toarn\u0103 apa clocotita pana la semn. 3. Se amesteca bine \u0219i se inchide din nou capacul. 4. Lasa pastele sa absoarba apa 5 minute. 5. Se amestec\u0103 din nou bine. 6. Gata ! Un snack rapid si [&#8230;]\n","protected":false},"featured_media":50551,"comment_status":"open","ping_status":"closed","template":"","meta":{"_acf_changed":false,"_seopress_robots_primary_cat":"1950","_seopress_titles_title":"","_seopress_titles_desc":"","_seopress_robots_index":""},"product_brand":[1870],"product_cat":[1555,1683,3272,3372,3428,3328,1950,1767,1954],"giftcard-category":[],"class_list":{"0":"post-50549","1":"product","2":"type-product","3":"status-publish","4":"has-post-thumbnail","6":"product_brand-knorr","7":"product_cat-bacanie","8":"product_cat-conserve-mancare-gatita","9":"product_cat-conserve","10":"product_cat-conserve-produse-germania","11":"product_cat-paste-orez-ulei-otet-produse-germania","12":"product_cat-paste-orez-ulei-otet","13":"product_cat-produse-germania","14":"product_cat-produse-olanda","15":"product_cat-semipreparate","17":"first","18":"outofstock","19":"taxable","20":"shipping-taxable","21":"purchasable","22":"product-type-simple"},"acf":[],"_links":{"self":[{"href":"https:\/\/totalblue.ro\/en\/wp-json\/wp\/v2\/product\/50549","targetHints":{"allow":["GET"]}}],"collection":[{"href":"https:\/\/totalblue.ro\/en\/wp-json\/wp\/v2\/product"}],"about":[{"href":"https:\/\/totalblue.ro\/en\/wp-json\/wp\/v2\/types\/product"}],"replies":[{"embeddable":true,"href":"https:\/\/totalblue.ro\/en\/wp-json\/wp\/v2\/comments?post=50549"}],"wp:featuredmedia":[{"embeddable":true,"href":"https:\/\/totalblue.ro\/en\/wp-json\/wp\/v2\/media\/50551"}],"wp:attachment":[{"href":"https:\/\/totalblue.ro\/en\/wp-json\/wp\/v2\/media?parent=50549"}],"wp:term":[{"taxonomy":"product_brand","embeddable":true,"href":"https:\/\/totalblue.ro\/en\/wp-json\/wp\/v2\/product_brand?post=50549"},{"taxonomy":"product_cat","embeddable":true,"href":"https:\/\/totalblue.ro\/en\/wp-json\/wp\/v2\/product_cat?post=50549"},{"taxonomy":"giftcard-category","embeddable":true,"href":"https:\/\/totalblue.ro\/en\/wp-json\/wp\/v2\/giftcard-category?post=50549"}],"curies":[{"name":"wp","href":"https:\/\/api.w.org\/{rel}","templated":true}]}}