{"id":53232,"date":"2022-05-26T13:11:20","date_gmt":"2022-05-26T10:11:20","guid":{"rendered":"https:\/\/totalblue.ro\/?post_type=product&#038;p=53232"},"modified":"2025-08-01T10:28:56","modified_gmt":"2025-08-01T07:28:56","slug":"piure-bio-bon-bebe-caise-mere-si-banane-6-luni-200g","status":"publish","type":"product","link":"https:\/\/totalblue.ro\/en\/produs\/piure-bio-bon-bebe-caise-mere-si-banane-6-luni-200g\/","title":{"rendered":"Organic puree Bon Bebe Apricots, Apples and Bananas 6+ months, 200g"},"content":{"rendered":"<p>At Bonb\u00e9b\u00e9 we understand that you want the best for your baby. That's why we use carefully selected and quality controlled ingredients in all our products.<br \/>\nFormulated by nutritionists. In addition, our products contain only natural sugars and salts.<br \/>\nThis way we offer good products so that you can give your child your full attention.<\/p>\n<p><strong>\u2713 Bio<\/strong><br \/>\n<strong>\u2713 Piure<\/strong><\/p>\n<p>Piure BIO Bon Bebe cu caise, mere si banane pentru bebelusii cu varsta peste 6 luni.<br \/>\nA delicious baby snack with pure and natural ingredients.<br \/>\nContent and weight: 200 grams.<br \/>\n<strong>Ingredient<\/strong>: 37% caise*, 36.6% mere*, 24% banane*, f\u0103in\u0103 de orez*, suc concentrat de l\u0103m\u00e2ie*, vitamina C, *de origine BIO.<br \/>\nPackaged in a glass jar with click lid.<br \/>\nBefore opening, press on the lid. If it does not click, do not use the content!<br \/>\n<strong>Preparation<\/strong>: Mix the contents and place the desired amount on a plate. Use a plastic spoon for this operation.<br \/>\nKeep the remaining contents sealed in the fridge and use within 24 hours.<br \/>\nDo not reuse leftovers.<br \/>\n<strong>Nutritional values\/100g:<\/strong><br \/>\nEnergie 280 kJ (66 kcal)<br \/>\nGrasimi 0.2 g din care saturate 0.0 g<br \/>\nGlucide 14.1 g din care zaharuri 10.6 g<br \/>\nProtein 0.7 g<br \/>\nSare &lt;0.01 g<br \/>\nVitamina C 15 mg<\/p>\n<p>Made in Holland by Bonb\u00e9b\u00e9, Antwoordnummer 3500, 4140 VH Beesd<br \/>\nImporter and distributor Total Blue Impex SRL<\/p>","protected":false},"excerpt":{"rendered":"<p>La Bonb\u00e9b\u00e9 intelegem ca iti doresti tot ce este mai bun pentru copilul tau. De aceea folosim ingrediente atent selectate si controlate de buna calitate in toate produsele noastre. Formulat de nutritionisti. In plus, produsele noastre contin numai zaharuri si saruri naturale. In acest fel oferim produse bune, astfel incat sa puteti acorda toata atentia [&#8230;]\n","protected":false},"featured_media":53234,"comment_status":"open","ping_status":"closed","template":"","meta":{"_acf_changed":false,"_seopress_robots_primary_cat":"1767","_seopress_titles_title":"Piure BIO Bon Bebe Caise, Mere si Banane 6+ luni, 200g","_seopress_titles_desc":"Piure BIO Bon Bebe cu caise, mere si banane pentru bebelusii cu varsta peste 6 luni.\r\nO gustare delicioasa pentru bebelusi cu ingrediente pure si naturale.","_seopress_robots_index":""},"product_brand":[7974],"product_cat":[1984,1520,5677,1767],"giftcard-category":[],"class_list":{"0":"post-53232","1":"product","2":"type-product","3":"status-publish","4":"has-post-thumbnail","6":"product_brand-bon-bebe","7":"product_cat-hrana-bebelusi","8":"product_cat-mama-copilul","9":"product_cat-mancare-si-accesorii-bebe","10":"product_cat-produse-olanda","12":"first","13":"outofstock","14":"taxable","15":"shipping-taxable","16":"purchasable","17":"product-type-simple"},"acf":[],"_links":{"self":[{"href":"https:\/\/totalblue.ro\/en\/wp-json\/wp\/v2\/product\/53232","targetHints":{"allow":["GET"]}}],"collection":[{"href":"https:\/\/totalblue.ro\/en\/wp-json\/wp\/v2\/product"}],"about":[{"href":"https:\/\/totalblue.ro\/en\/wp-json\/wp\/v2\/types\/product"}],"replies":[{"embeddable":true,"href":"https:\/\/totalblue.ro\/en\/wp-json\/wp\/v2\/comments?post=53232"}],"wp:featuredmedia":[{"embeddable":true,"href":"https:\/\/totalblue.ro\/en\/wp-json\/wp\/v2\/media\/53234"}],"wp:attachment":[{"href":"https:\/\/totalblue.ro\/en\/wp-json\/wp\/v2\/media?parent=53232"}],"wp:term":[{"taxonomy":"product_brand","embeddable":true,"href":"https:\/\/totalblue.ro\/en\/wp-json\/wp\/v2\/product_brand?post=53232"},{"taxonomy":"product_cat","embeddable":true,"href":"https:\/\/totalblue.ro\/en\/wp-json\/wp\/v2\/product_cat?post=53232"},{"taxonomy":"giftcard-category","embeddable":true,"href":"https:\/\/totalblue.ro\/en\/wp-json\/wp\/v2\/giftcard-category?post=53232"}],"curies":[{"name":"wp","href":"https:\/\/api.w.org\/{rel}","templated":true}]}}