{"id":61106,"date":"2022-09-07T12:03:30","date_gmt":"2022-09-07T09:03:30","guid":{"rendered":"https:\/\/totalblue.ro\/?post_type=product&#038;p=61106"},"modified":"2025-08-01T10:28:39","modified_gmt":"2025-08-01T07:28:39","slug":"alete-cereale-gata-preparate-cu-cacao-10-luni-2x200ml","status":"publish","type":"product","link":"https:\/\/totalblue.ro\/en\/produs\/alete-cereale-gata-preparate-cu-cacao-10-luni-2x200ml\/","title":{"rendered":"Ready-made cereal with cocoa, 10+ months, 2x200ml"},"content":{"rendered":"<p>Recomandat pentru bebelusi de la 10+ luni.<br \/>\nAlete cu cacao pentru bebelusi este bogat in calciu, fier, vitamina D. Este important ca bebelusul dumneavoastra sa aiba o dieta variata \u0219i echilibrata, un stil de viata sanatos.<br \/>\nUn pachet 400 ml contine 2 bucati ( portii ) x 200 ml<br \/>\n<strong>Ingredient:<\/strong><span class=\"Y2IQFc\" lang=\"ro\">LAPTE DEGRESAT (44%), ap\u0103, F\u0102IN\u0102 DE GR\u00c2U (macerat\u0103) (5%), amidon de porumb, zah\u0103r, uleiuri vegetale (ulei de floarea-soarelui, bogat \u00een acid oleic; ulei de rapi\u021b\u0103, s\u0103rac \u00een acid erucic; ulei de floarea soarelui), SMANTAN\u0102, cacao pulbere (0,8%), carbonat de calciu, vitamina C, vanilina, sulfat de zinc, vitamina E, niacina, acid pantotenic, tiamina, vitamina A, vitamina B6, riboflavina, iodura de potasiu, acid folic, vitamina K, biotina, vitamina D, vitamina B12.<br \/>\n<\/span><strong>Allergens:<\/strong> Lapte, gluten<br \/>\n<strong>Mod de Pregatire \/ Mod de utilizare:<\/strong><br \/>\n1) Agitati bine pachetul inainte de utilizare.<br \/>\n2) Rupeti sau taiati pachetul in partea de sus. Se toarna pasta intr-o sticla \/ biberon sau o can\u0103 de baut.<br \/>\n3) se poate servi rece (la temperatura camerei) sau se pot incalzi timp de 45 de secunde la 500 de wati.<br \/>\nVerificati intotdeauna temperatura inainte de a da Alete cu cacao bebelusului dumneavoastra. Nu incalziti pachetul direct in cuptorul cu microunde.<br \/>\nA se pastra la frigider dup\u0103 deschidere (maxim 24 de ore). Nu pastrati resturile de mancare incalzita.<br \/>\n<strong>Nutritional values:<\/strong><br \/>\nEnergie 354 kJ (85 kcal)<br \/>\nGrasimi 2.8 g<br \/>\ndin care saturate 0,4 g<br \/>\nCarbohidra\u021bi 11.9 g<br \/>\ndin care zaharuri 4.9 g<br \/>\nDietary fibre 0,5 g<br \/>\nProtein 2,5 g<br \/>\nsare 0,06 g<\/p>","protected":false},"excerpt":{"rendered":"<p>Recomandat pentru bebelusi de la 10+ luni. Alete cu cacao pentru bebelusi este bogat in calciu, fier, vitamina D. Este important ca bebelusul dumneavoastra sa aiba o dieta variata \u0219i echilibrata, un stil de viata sanatos. Un pachet 400 ml contine 2 bucati ( portii ) x 200 ml Ingrediente:LAPTE DEGRESAT (44%), ap\u0103, F\u0102IN\u0102 DE [&#8230;]\n","protected":false},"featured_media":61108,"comment_status":"open","ping_status":"closed","template":"","meta":{"_acf_changed":false,"_seopress_robots_primary_cat":"1767","_seopress_titles_title":"","_seopress_titles_desc":"","_seopress_robots_index":""},"product_brand":[11779],"product_cat":[1984,1520,20200,5677,1950,1767],"giftcard-category":[],"class_list":{"0":"post-61106","1":"product","2":"type-product","3":"status-publish","4":"has-post-thumbnail","6":"product_brand-alete","7":"product_cat-hrana-bebelusi","8":"product_cat-mama-copilul","9":"product_cat-mancare-bebe","10":"product_cat-mancare-si-accesorii-bebe","11":"product_cat-produse-germania","12":"product_cat-produse-olanda","14":"first","15":"outofstock","16":"taxable","17":"shipping-taxable","18":"purchasable","19":"product-type-simple"},"acf":[],"_links":{"self":[{"href":"https:\/\/totalblue.ro\/en\/wp-json\/wp\/v2\/product\/61106","targetHints":{"allow":["GET"]}}],"collection":[{"href":"https:\/\/totalblue.ro\/en\/wp-json\/wp\/v2\/product"}],"about":[{"href":"https:\/\/totalblue.ro\/en\/wp-json\/wp\/v2\/types\/product"}],"replies":[{"embeddable":true,"href":"https:\/\/totalblue.ro\/en\/wp-json\/wp\/v2\/comments?post=61106"}],"wp:featuredmedia":[{"embeddable":true,"href":"https:\/\/totalblue.ro\/en\/wp-json\/wp\/v2\/media\/61108"}],"wp:attachment":[{"href":"https:\/\/totalblue.ro\/en\/wp-json\/wp\/v2\/media?parent=61106"}],"wp:term":[{"taxonomy":"product_brand","embeddable":true,"href":"https:\/\/totalblue.ro\/en\/wp-json\/wp\/v2\/product_brand?post=61106"},{"taxonomy":"product_cat","embeddable":true,"href":"https:\/\/totalblue.ro\/en\/wp-json\/wp\/v2\/product_cat?post=61106"},{"taxonomy":"giftcard-category","embeddable":true,"href":"https:\/\/totalblue.ro\/en\/wp-json\/wp\/v2\/giftcard-category?post=61106"}],"curies":[{"name":"wp","href":"https:\/\/api.w.org\/{rel}","templated":true}]}}