{"id":63389,"date":"2022-09-21T13:34:56","date_gmt":"2022-09-21T10:34:56","guid":{"rendered":"https:\/\/totalblue.ro\/?post_type=product&#038;p=63389"},"modified":"2024-09-09T11:12:46","modified_gmt":"2024-09-09T08:12:46","slug":"katjes-jeleuri-delicioase-vegan-wunder-rainbow-edition-200g-import-germania","status":"publish","type":"product","link":"https:\/\/totalblue.ro\/en\/produs\/katjes-jeleuri-delicioase-vegan-wunder-rainbow-edition-200g-import-germania\/","title":{"rendered":"Katjes Jeleuri Delicioase Vegan Wunder Rainbow-Edition 200g, import Germania"},"content":{"rendered":"<p>Ingrediente: sirop de fructoza-glucoza, sirop de glucoza, amidon modificat, zahar, agent de gelifiere: pectine, acidificanti (acid citric, acid malic, acid lactic), proteina hidrolizata din mazare, concentrate colorante de fructe si plante (morcov negru, mar, cartof dulce, turmeric), arome naturale, arom\u0103 natural\u0103 de portocale, sare de mas\u0103, colorant concentrat de spirulina, ulei de floarea soarelui, agent de glazurare: cear\u0103 de carnauba.<br \/>\nAlergeni: Poate contine urme de: lapte si produse lactate (inclusiv lactoza).<br \/>\nDescriere: jeleuri de fructe.<br \/>\nValori nutritionale la 100 g:<br \/>\nValoare energetica: 344,00 kilocalorii (kcal) \/ 1.461,00 kilojuli (kJ)<br \/>\nGrasimi: 0,20 grasimi, din care acizi grasi saturati: 0,10 carbohidra\u021bi: 84,00 carbohidra\u021bi, din care zaharuri: 60,00<br \/>\nProteine: 0,010 g<br \/>\nSare: 0,13g<br \/>\nProdus Vegan<br \/>\nStore in a dry, dark place at room temperature.<br \/>\nProducator Katjes Fassin GmbH + Co. KG, Dechant-Spr\u00fcnken-Str. 53-57, 46446 Emmerich (D)<br \/>\nImportator Total Blue Impex SRL<\/p>","protected":false},"excerpt":{"rendered":"<p>Ingrediente: sirop de fructoza-glucoza, sirop de glucoza, amidon modificat, zahar, agent de gelifiere: pectine, acidificanti (acid citric, acid malic, acid lactic), proteina hidrolizata din mazare, concentrate colorante de fructe si plante (morcov negru, mar, cartof dulce, turmeric), arome naturale, arom\u0103 natural\u0103 de portocale, sare de mas\u0103, colorant concentrat de spirulina, ulei de floarea soarelui, agent [&#8230;]\n","protected":false},"featured_media":63391,"comment_status":"open","ping_status":"closed","template":"","meta":{"_acf_changed":false,"_seopress_robots_primary_cat":"none","_seopress_titles_title":"","_seopress_titles_desc":"","_seopress_robots_index":""},"product_brand":[12132],"product_cat":[1555,3436,7021,3338,1950,1767],"giftcard-category":[],"class_list":{"0":"post-63389","1":"product","2":"type-product","3":"status-publish","4":"has-post-thumbnail","6":"product_brand-katjes","7":"product_cat-bacanie","8":"product_cat-dulciuri-snacks-produse-germania","9":"product_cat-dulciuri-snacks","10":"product_cat-dulciuri-snacksuri","11":"product_cat-produse-germania","12":"product_cat-produse-olanda","14":"first","15":"outofstock","16":"taxable","17":"shipping-taxable","18":"purchasable","19":"product-type-simple"},"acf":[],"_links":{"self":[{"href":"https:\/\/totalblue.ro\/en\/wp-json\/wp\/v2\/product\/63389","targetHints":{"allow":["GET"]}}],"collection":[{"href":"https:\/\/totalblue.ro\/en\/wp-json\/wp\/v2\/product"}],"about":[{"href":"https:\/\/totalblue.ro\/en\/wp-json\/wp\/v2\/types\/product"}],"replies":[{"embeddable":true,"href":"https:\/\/totalblue.ro\/en\/wp-json\/wp\/v2\/comments?post=63389"}],"wp:featuredmedia":[{"embeddable":true,"href":"https:\/\/totalblue.ro\/en\/wp-json\/wp\/v2\/media\/63391"}],"wp:attachment":[{"href":"https:\/\/totalblue.ro\/en\/wp-json\/wp\/v2\/media?parent=63389"}],"wp:term":[{"taxonomy":"product_brand","embeddable":true,"href":"https:\/\/totalblue.ro\/en\/wp-json\/wp\/v2\/product_brand?post=63389"},{"taxonomy":"product_cat","embeddable":true,"href":"https:\/\/totalblue.ro\/en\/wp-json\/wp\/v2\/product_cat?post=63389"},{"taxonomy":"giftcard-category","embeddable":true,"href":"https:\/\/totalblue.ro\/en\/wp-json\/wp\/v2\/giftcard-category?post=63389"}],"curies":[{"name":"wp","href":"https:\/\/api.w.org\/{rel}","templated":true}]}}