{"id":66805,"date":"2022-10-12T15:26:56","date_gmt":"2022-10-12T12:26:56","guid":{"rendered":"https:\/\/totalblue.ro\/?post_type=product&#038;p=66805"},"modified":"2025-12-02T00:04:48","modified_gmt":"2025-12-01T22:04:48","slug":"erasco-tocanita-vegetariana-de-linte-800g-import-germania","status":"publish","type":"product","link":"https:\/\/totalblue.ro\/en\/produs\/erasco-tocanita-vegetariana-de-linte-800g-import-germania\/","title":{"rendered":"Erasco vegetarian lentil stew 800g, import from Germany"},"content":{"rendered":"<p>100% VEGAN: Gust pentru toata lumea &#8211; tocana noastra de linte este absolut delicioasa, fara ingrediente de origine animala si, prin urmare, ideala pentru vegetarieni, vegani si toti gurmanzii.<br \/>\nFARA CONSERVANTI SI ADITIVI PENTRU AROME: Pregatim linte de inalta calitate deosebit de delicat si atent. O masa gata delicioasa nu are nevoie de mai mult.<br \/>\nCU MULTE LEGUME: Lintea gustoasa ofera baza pentru legendarul gust Erasco &#8211; perfect asezonata cu condimente aromate si ierburi alese.<br \/>\nUSOR SI RAPID DE PREGATIT: Nu aveti timp sa gatiti? La noi mai este timp sa mancam bine. Fie acasa, la serviciu sau in deplasare: preparatele noastre gata sunt intotdeauna un rasfat.<br \/>\nPRACTIC SI PERFECT PENTRU CAMPARE SI FESTIVALE: Bineinteles ca puteti pregati acasa si o conserva de tocana de linte Erasco. Dar campingul este probabil cel mai distractiv.<br \/>\n<span class=\"HwtZe\" lang=\"ro\"><span class=\"jCAhz ChMk0b\"><span class=\"ryNqvb\">Ingrediente : ap\u0103, 35% linte fiart\u0103, 8,6% cartofi, 7,4% morcovi, amidon modificat, sare, mu\u0219tar (ap\u0103, semin\u021be de mu\u0219tar, o\u021bet de \u021buic\u0103, sare, condimente, arom\u0103 natural\u0103), ulei de rapi\u021b\u0103, past\u0103 de ro\u0219ii, zah\u0103r, extract de drojdie , Otet de rachiu de vin, patrunjel, dextroza, extract de boia de ardei colorant, aroma, acidulant: acid citric, antioxidant: acid ascorbic, agent de ingrosare: guma de guar, aroma de fum.<br \/>\nNutritional values \/ 100 g:<br \/>\nEnergie 289 kJ \/ 69 kcal<br \/>\nGrasimi 0.9 g din care acizi grasi saturati 0.1 g<br \/>\nGlucide 11 g din care zaharuri 1.5 g<br \/>\nFibre alimentare 1.8 g<br \/>\nProteine \u200b\u200b 3.6 g<br \/>\nSare\u00a0 1 g<\/span><\/span><\/span><br \/>\nKeep in a dry and cool place, away from direct sunlight. After opening, keep covered in the refrigerator and consume within 48h.<br \/>\nRecommendations: Pour the contents into a saucepan\/pan. Stir occasionally. Heat over medium heat. You can also microwave at 600 W for about 6 minutes. Quick and easy!<br \/>\nCountry of origin: Germany<br \/>\nMade in Germany by Continental Foods Germany GmbH Kontaktadresse: Postfach 12 11 62, D-23532 L\u00fcbeck<br \/>\nImporter and distributor Total Blue Impex SRL<br \/>\n<a href=\"https:\/\/totalblue.ro\/wp-content\/uploads\/2021\/02\/vegetarian.jpeg\"><img loading=\"lazy\" decoding=\"async\" class=\"alignnone wp-image-27413\" src=\"https:\/\/totalblue.ro\/wp-content\/uploads\/2021\/02\/vegetarian.jpeg\" alt=\"\" width=\"86\" height=\"86\" srcset=\"https:\/\/totalblue.ro\/wp-content\/uploads\/2021\/02\/vegetarian.jpeg 225w, https:\/\/totalblue.ro\/wp-content\/uploads\/2021\/02\/vegetarian-100x100.jpeg 100w\" sizes=\"auto, (max-width: 86px) 100vw, 86px\" \/><\/a><\/p>","protected":false},"excerpt":{"rendered":"<p>100% VEGAN: Gust pentru toata lumea &#8211; tocana noastra de linte este absolut delicioasa, fara ingrediente de origine animala si, prin urmare, ideala pentru vegetarieni, vegani si toti gurmanzii. FARA CONSERVANTI SI ADITIVI PENTRU AROME: Pregatim linte de inalta calitate deosebit de delicat si atent. O masa gata delicioasa nu are nevoie de mai mult. [&#8230;]\n","protected":false},"featured_media":66813,"comment_status":"open","ping_status":"closed","template":"","meta":{"_acf_changed":false,"_seopress_robots_primary_cat":"none","_seopress_titles_title":"","_seopress_titles_desc":"","_seopress_robots_index":""},"product_brand":[1951],"product_cat":[1555,1683,3272,3372,1950,1767,1954],"giftcard-category":[],"class_list":{"0":"post-66805","1":"product","2":"type-product","3":"status-publish","4":"has-post-thumbnail","6":"product_brand-erasco","7":"product_cat-bacanie","8":"product_cat-conserve-mancare-gatita","9":"product_cat-conserve","10":"product_cat-conserve-produse-germania","11":"product_cat-produse-germania","12":"product_cat-produse-olanda","13":"product_cat-semipreparate","15":"first","16":"outofstock","17":"taxable","18":"shipping-taxable","19":"purchasable","20":"product-type-simple"},"acf":[],"_links":{"self":[{"href":"https:\/\/totalblue.ro\/en\/wp-json\/wp\/v2\/product\/66805","targetHints":{"allow":["GET"]}}],"collection":[{"href":"https:\/\/totalblue.ro\/en\/wp-json\/wp\/v2\/product"}],"about":[{"href":"https:\/\/totalblue.ro\/en\/wp-json\/wp\/v2\/types\/product"}],"replies":[{"embeddable":true,"href":"https:\/\/totalblue.ro\/en\/wp-json\/wp\/v2\/comments?post=66805"}],"wp:featuredmedia":[{"embeddable":true,"href":"https:\/\/totalblue.ro\/en\/wp-json\/wp\/v2\/media\/66813"}],"wp:attachment":[{"href":"https:\/\/totalblue.ro\/en\/wp-json\/wp\/v2\/media?parent=66805"}],"wp:term":[{"taxonomy":"product_brand","embeddable":true,"href":"https:\/\/totalblue.ro\/en\/wp-json\/wp\/v2\/product_brand?post=66805"},{"taxonomy":"product_cat","embeddable":true,"href":"https:\/\/totalblue.ro\/en\/wp-json\/wp\/v2\/product_cat?post=66805"},{"taxonomy":"giftcard-category","embeddable":true,"href":"https:\/\/totalblue.ro\/en\/wp-json\/wp\/v2\/giftcard-category?post=66805"}],"curies":[{"name":"wp","href":"https:\/\/api.w.org\/{rel}","templated":true}]}}