{"id":75050,"date":"2022-12-22T09:59:44","date_gmt":"2022-12-22T07:59:44","guid":{"rendered":"https:\/\/totalblue.ro\/?post_type=product&#038;p=75050"},"modified":"2026-02-20T20:32:41","modified_gmt":"2026-02-20T18:32:41","slug":"red-band-smullers-525-g","status":"publish","type":"product","link":"https:\/\/totalblue.ro\/en\/produs\/red-band-smullers-525-g\/","title":{"rendered":"Red Band Smullers 525 g"},"content":{"rendered":"<div class=\"lRu31\" dir=\"ltr\">\n<p><span class=\"HwtZe\" lang=\"ro\"><span class=\"jCAhz JxVs2d ChMk0b\"><span class=\"ryNqvb\">Ingrediente: sirop de glucoz\u0103, zah\u0103r, amidon modificat, amidon, gelatin\u0103, melado, acid alimentar (acid lactic), extract de r\u0103d\u0103cin\u0103 de lemn dulce, sare amoniac, uleiuri vegetale (nuc\u0103 de cocos, rapi\u021b\u0103), zah\u0103r caramelizat, arome, concentrat de (morcov negru, spirulina, sofranul, morcov, fructe de padure negre), agent de glazura (ceara de albine), coloranti (extract de boia, curcumina),<\/span><\/span><\/span><\/p>\n<div id=\"ow2241\">Nutritional values \/ 100 g:<br \/>\nEnergie: 1469 kJ \/ 347 kcal<br \/>\nGrasimi: 0.2 g din care acizi grasi saturati: 0.2 g<br \/>\nCarbohidrati 86 g sau care zaharuri 47 g<br \/>\nProteine: 0 g<br \/>\nSare: 0.21 g<\/div>\n<\/div>","protected":false},"excerpt":{"rendered":"<p>Ingrediente: sirop de glucoz\u0103, zah\u0103r, amidon modificat, amidon, gelatin\u0103, melado, acid alimentar (acid lactic), extract de r\u0103d\u0103cin\u0103 de lemn dulce, sare amoniac, uleiuri vegetale (nuc\u0103 de cocos, rapi\u021b\u0103), zah\u0103r caramelizat, arome, concentrat de (morcov negru, spirulina, sofranul, morcov, fructe de padure negre), agent de glazura (ceara de albine), coloranti (extract de boia, curcumina), Valori nutritionale [&#8230;]\n","protected":false},"featured_media":75054,"comment_status":"open","ping_status":"closed","template":"","meta":{"_acf_changed":false,"_seopress_robots_primary_cat":"none","_seopress_titles_title":"","_seopress_titles_desc":"","_seopress_robots_index":""},"product_brand":[3722],"product_cat":[1555,7021,3338,1767],"giftcard-category":[],"class_list":{"0":"post-75050","1":"product","2":"type-product","3":"status-publish","4":"has-post-thumbnail","6":"product_brand-red-band","7":"product_cat-bacanie","8":"product_cat-dulciuri-snacks","9":"product_cat-dulciuri-snacksuri","10":"product_cat-produse-olanda","12":"first","13":"outofstock","14":"taxable","15":"shipping-taxable","16":"purchasable","17":"product-type-simple"},"acf":[],"_links":{"self":[{"href":"https:\/\/totalblue.ro\/en\/wp-json\/wp\/v2\/product\/75050","targetHints":{"allow":["GET"]}}],"collection":[{"href":"https:\/\/totalblue.ro\/en\/wp-json\/wp\/v2\/product"}],"about":[{"href":"https:\/\/totalblue.ro\/en\/wp-json\/wp\/v2\/types\/product"}],"replies":[{"embeddable":true,"href":"https:\/\/totalblue.ro\/en\/wp-json\/wp\/v2\/comments?post=75050"}],"wp:featuredmedia":[{"embeddable":true,"href":"https:\/\/totalblue.ro\/en\/wp-json\/wp\/v2\/media\/75054"}],"wp:attachment":[{"href":"https:\/\/totalblue.ro\/en\/wp-json\/wp\/v2\/media?parent=75050"}],"wp:term":[{"taxonomy":"product_brand","embeddable":true,"href":"https:\/\/totalblue.ro\/en\/wp-json\/wp\/v2\/product_brand?post=75050"},{"taxonomy":"product_cat","embeddable":true,"href":"https:\/\/totalblue.ro\/en\/wp-json\/wp\/v2\/product_cat?post=75050"},{"taxonomy":"giftcard-category","embeddable":true,"href":"https:\/\/totalblue.ro\/en\/wp-json\/wp\/v2\/giftcard-category?post=75050"}],"curies":[{"name":"wp","href":"https:\/\/api.w.org\/{rel}","templated":true}]}}