{"id":87052,"date":"2023-03-30T16:43:19","date_gmt":"2023-03-30T13:43:19","guid":{"rendered":"https:\/\/totalblue.ro\/?post_type=product&#038;p=87052"},"modified":"2025-08-04T13:04:48","modified_gmt":"2025-08-04T10:04:48","slug":"gwoon-supa-instant-de-vita-3-x-14-g","status":"publish","type":"product","link":"https:\/\/totalblue.ro\/en\/produs\/gwoon-supa-instant-de-vita-3-x-14-g\/","title":{"rendered":"G&#8217;woon Supa instant de vita 3 x 14 g"},"content":{"rendered":"<p><span class=\"HwtZe\" lang=\"ro\"><span class=\"jCAhz JxVs2d ChMk0b\"><span class=\"ryNqvb\">Ingrediente: sirop de glucoz\u0103, amidon de cartofi, 13% vermicelli (gri\u0219 dur, sare), 10% crutoane (f\u0103in\u0103 de GRAU, ulei de palmier, sare, drojdie), arome (SOIA), sare, zah\u0103r, 3% ceap\u0103, extract de drojdie, gr\u0103sime de palmier, morcov 2%, ulei de rapi\u021b\u0103, extract de vit\u0103 0,2%, p\u0103trunjel, frunze de \u021belin\u0103, condimente.<br \/>\nNutritional values \/ 100 g:<br \/>\nEnergie 1514 kJ \/ 359 kcal<br \/>\nGrasime 7.3 g din care grasimi 4.7 g<br \/>\nCarbohidrati 66.3 g din care zaharuri 33.1 g<br \/>\nFibre 1.8 g<br \/>\nProteine \u200b\u200b6 g<br \/>\nSare 10.9 g<br \/>\n<\/span><\/span><\/span><\/p>\n<p>Preparation:<br \/>\n1. Turnati continutul unui plic de supa instant intr-o cana.<br \/>\n2. Add 175 ml of water boiled at 100\u00b0C and leave to stand for 1 minute.<br \/>\n3. Ready to drink!<\/p>\n<p>Note: mug\/cup may be hot! Soup can be hot!<\/p>\n<p>&nbsp;<\/p>\n<p>&nbsp;<\/p>","protected":false},"excerpt":{"rendered":"<p>Ingrediente: sirop de glucoz\u0103, amidon de cartofi, 13% vermicelli (gri\u0219 dur, sare), 10% crutoane (f\u0103in\u0103 de GRAU, ulei de palmier, sare, drojdie), arome (SOIA), sare, zah\u0103r, 3% ceap\u0103, extract de drojdie, gr\u0103sime de palmier, morcov 2%, ulei de rapi\u021b\u0103, extract de vit\u0103 0,2%, p\u0103trunjel, frunze de \u021belin\u0103, condimente. Valori nutritionale \/ 100 g: Energie 1514 [&#8230;]\n","protected":false},"featured_media":87056,"comment_status":"open","ping_status":"closed","template":"","meta":{"_acf_changed":false,"_seopress_robots_primary_cat":"none","_seopress_titles_title":"","_seopress_titles_desc":"Cumpara online supa de legume, supe legume, ciorbe legume, supe olandeze legume. Magazin online supe si produse olandeze cu livrare rapida.","_seopress_robots_index":""},"product_brand":[1971],"product_cat":[1555,1683,3272,1362,1767],"giftcard-category":[],"class_list":{"0":"post-87052","1":"product","2":"type-product","3":"status-publish","4":"has-post-thumbnail","6":"product_brand-gwoon","7":"product_cat-bacanie","8":"product_cat-conserve-mancare-gatita","9":"product_cat-conserve","10":"product_cat-ulei-orez-faina-zahar","11":"product_cat-produse-olanda","13":"first","14":"outofstock","15":"taxable","16":"shipping-taxable","17":"purchasable","18":"product-type-simple"},"acf":[],"_links":{"self":[{"href":"https:\/\/totalblue.ro\/en\/wp-json\/wp\/v2\/product\/87052","targetHints":{"allow":["GET"]}}],"collection":[{"href":"https:\/\/totalblue.ro\/en\/wp-json\/wp\/v2\/product"}],"about":[{"href":"https:\/\/totalblue.ro\/en\/wp-json\/wp\/v2\/types\/product"}],"replies":[{"embeddable":true,"href":"https:\/\/totalblue.ro\/en\/wp-json\/wp\/v2\/comments?post=87052"}],"wp:featuredmedia":[{"embeddable":true,"href":"https:\/\/totalblue.ro\/en\/wp-json\/wp\/v2\/media\/87056"}],"wp:attachment":[{"href":"https:\/\/totalblue.ro\/en\/wp-json\/wp\/v2\/media?parent=87052"}],"wp:term":[{"taxonomy":"product_brand","embeddable":true,"href":"https:\/\/totalblue.ro\/en\/wp-json\/wp\/v2\/product_brand?post=87052"},{"taxonomy":"product_cat","embeddable":true,"href":"https:\/\/totalblue.ro\/en\/wp-json\/wp\/v2\/product_cat?post=87052"},{"taxonomy":"giftcard-category","embeddable":true,"href":"https:\/\/totalblue.ro\/en\/wp-json\/wp\/v2\/giftcard-category?post=87052"}],"curies":[{"name":"wp","href":"https:\/\/api.w.org\/{rel}","templated":true}]}}