{"id":88567,"date":"2023-04-25T16:16:07","date_gmt":"2023-04-25T13:16:07","guid":{"rendered":"https:\/\/totalblue.ro\/?post_type=product&#038;p=88567"},"modified":"2025-08-01T15:42:50","modified_gmt":"2025-08-01T12:42:50","slug":"unox-ragout-de-ciuperci-400-g","status":"publish","type":"product","link":"https:\/\/totalblue.ro\/en\/produs\/unox-ragout-de-ciuperci-400-g\/","title":{"rendered":"Unox Ragout de Ciuperci 400 g"},"content":{"rendered":"<p>Ingredient : <span class=\"HwtZe\" lang=\"ro\"><span class=\"jCAhz ChMk0b\"><span class=\"ryNqvb\">Ap\u0103, ciuperci 20%, f\u0103in\u0103 de GR\u00c2U, ulei de rapi\u021b\u0103, amidon de porumb modificat, LAPTE praf degresat, GRASIME DE UNT, sare, extract de drojdie, maltodextrin\u0103, stabilizator (E451, E452), fructoz\u0103, pudr\u0103 de usturoi, piper alb, frunze de \u021belin\u0103, arome, otet balsamic (must de struguri, otet de vin).<\/span><\/span> <span class=\"jCAhz ChMk0b\"><span class=\"ryNqvb\">Alergen: gluten, lapte<\/span><\/span><\/span><\/p>\n<p>Valori nutritionale \/ 100 ml:<br \/>\nEnergie 310 kJ (75 kcal)<br \/>\nGrasimi 4 g din care saturate 1 g<br \/>\nCarbohidra\u021bi 7 g din care zaharuri 1.5 g<br \/>\nProtein 2.5 g<br \/>\nSalt 0,98 g<\/p>","protected":false},"excerpt":{"rendered":"<p>&nbsp;<\/p>\n<div id=\"simple-translate\" class=\"simple-translate-light-theme\">\n<div>\n<div class=\"simple-translate-button isShow\" style=\"height: 22px; width: 22px; top: 28px; left: -39px;\"><\/div>\n<div class=\"simple-translate-panel\" style=\"width: 300px; height: 200px; top: 0px; left: 0px; font-size: 13px;\">\n<div class=\"simple-translate-result-wrapper\" style=\"overflow: hidden;\">\n<div class=\"simple-translate-move\"><\/div>\n<div class=\"simple-translate-result-contents\">\n<p class=\"simple-translate-candidate\" dir=\"auto\">\n<\/div>\n<\/div>\n<\/div>\n<\/div>\n<\/div>","protected":false},"featured_media":217956,"comment_status":"open","ping_status":"closed","template":"","meta":{"_acf_changed":false,"_seopress_robots_primary_cat":"none","_seopress_titles_title":"","_seopress_titles_desc":"Comanda acum online cu livrare rapida pana la usa ta Unox Ragout kip 400 g - Unox Ragout de Pui 400 g. Preturi mici","_seopress_robots_index":""},"product_brand":[1925],"product_cat":[1555,1683,3272,3304,1767],"giftcard-category":[],"class_list":{"0":"post-88567","1":"product","2":"type-product","3":"status-publish","4":"has-post-thumbnail","6":"product_brand-unox","7":"product_cat-bacanie","8":"product_cat-conserve-mancare-gatita","9":"product_cat-conserve","10":"product_cat-mic-dejun-produse-olanda","11":"product_cat-produse-olanda","13":"first","14":"outofstock","15":"taxable","16":"shipping-taxable","17":"purchasable","18":"product-type-simple"},"acf":[],"_links":{"self":[{"href":"https:\/\/totalblue.ro\/en\/wp-json\/wp\/v2\/product\/88567","targetHints":{"allow":["GET"]}}],"collection":[{"href":"https:\/\/totalblue.ro\/en\/wp-json\/wp\/v2\/product"}],"about":[{"href":"https:\/\/totalblue.ro\/en\/wp-json\/wp\/v2\/types\/product"}],"replies":[{"embeddable":true,"href":"https:\/\/totalblue.ro\/en\/wp-json\/wp\/v2\/comments?post=88567"}],"wp:featuredmedia":[{"embeddable":true,"href":"https:\/\/totalblue.ro\/en\/wp-json\/wp\/v2\/media\/217956"}],"wp:attachment":[{"href":"https:\/\/totalblue.ro\/en\/wp-json\/wp\/v2\/media?parent=88567"}],"wp:term":[{"taxonomy":"product_brand","embeddable":true,"href":"https:\/\/totalblue.ro\/en\/wp-json\/wp\/v2\/product_brand?post=88567"},{"taxonomy":"product_cat","embeddable":true,"href":"https:\/\/totalblue.ro\/en\/wp-json\/wp\/v2\/product_cat?post=88567"},{"taxonomy":"giftcard-category","embeddable":true,"href":"https:\/\/totalblue.ro\/en\/wp-json\/wp\/v2\/giftcard-category?post=88567"}],"curies":[{"name":"wp","href":"https:\/\/api.w.org\/{rel}","templated":true}]}}