{"id":88892,"date":"2023-04-27T11:58:15","date_gmt":"2023-04-27T08:58:15","guid":{"rendered":"https:\/\/totalblue.ro\/?post_type=product&#038;p=88892"},"modified":"2025-12-11T12:41:22","modified_gmt":"2025-12-11T10:41:22","slug":"kips-slagersleverworst-330-g","status":"publish","type":"product","link":"https:\/\/totalblue.ro\/en\/produs\/kips-slagersleverworst-330-g\/","title":{"rendered":"Kips Slagersleverworst 330 g"},"content":{"rendered":"<p>Ingredient : <span class=\"HwtZe\" lang=\"ro\"><span class=\"jCAhz ChMk0b\"><span class=\"ryNqvb\">ficat de porc 37%, gr\u0103sime de porc, ap\u0103, coaj\u0103 de porc, amidon de cartofi, sare, hemoglobin\u0103 de porc, condimente, stabilizator: E451, zah\u0103r, arome, ierburi, conservant: E250<\/span><\/span><\/span><br \/>\nNutritional values \/ 100 g:<br \/>\nEnergie: 1132 kJ\/273 kcal<br \/>\nGrasimi: 23 g din care acizi grasi saturati: 8.8 g<br \/>\nCarbohidrati 3 g sau care zaharuri 0.1 g<br \/>\nProteine: 14 g<br \/>\nSare: 2.15 g<\/p>","protected":false},"excerpt":{"rendered":"<p>Ingrediente : ficat de porc 37%, gr\u0103sime de porc, ap\u0103, coaj\u0103 de porc, amidon de cartofi, sare, hemoglobin\u0103 de porc, condimente, stabilizator: E451, zah\u0103r, arome, ierburi, conservant: E250 Valori nutritionale \/ 100 g: Energie: 1132 kJ\/273 kcal Grasimi: 23 g din care acizi grasi saturati: 8.8 g Carbohidrati 3 g sau care zaharuri 0.1 g [&#8230;]\n","protected":false},"featured_media":88894,"comment_status":"open","ping_status":"closed","template":"","meta":{"_acf_changed":false,"_seopress_robots_primary_cat":"none","_seopress_titles_title":"","_seopress_titles_desc":"","_seopress_robots_index":""},"product_brand":[14353],"product_cat":[1555,1683,3272,1362,1767],"giftcard-category":[],"class_list":{"0":"post-88892","1":"product","2":"type-product","3":"status-publish","4":"has-post-thumbnail","6":"product_brand-kips","7":"product_cat-bacanie","8":"product_cat-conserve-mancare-gatita","9":"product_cat-conserve","10":"product_cat-ulei-orez-faina-zahar","11":"product_cat-produse-olanda","13":"first","14":"outofstock","15":"taxable","16":"shipping-taxable","17":"purchasable","18":"product-type-simple"},"acf":[],"_links":{"self":[{"href":"https:\/\/totalblue.ro\/en\/wp-json\/wp\/v2\/product\/88892","targetHints":{"allow":["GET"]}}],"collection":[{"href":"https:\/\/totalblue.ro\/en\/wp-json\/wp\/v2\/product"}],"about":[{"href":"https:\/\/totalblue.ro\/en\/wp-json\/wp\/v2\/types\/product"}],"replies":[{"embeddable":true,"href":"https:\/\/totalblue.ro\/en\/wp-json\/wp\/v2\/comments?post=88892"}],"wp:featuredmedia":[{"embeddable":true,"href":"https:\/\/totalblue.ro\/en\/wp-json\/wp\/v2\/media\/88894"}],"wp:attachment":[{"href":"https:\/\/totalblue.ro\/en\/wp-json\/wp\/v2\/media?parent=88892"}],"wp:term":[{"taxonomy":"product_brand","embeddable":true,"href":"https:\/\/totalblue.ro\/en\/wp-json\/wp\/v2\/product_brand?post=88892"},{"taxonomy":"product_cat","embeddable":true,"href":"https:\/\/totalblue.ro\/en\/wp-json\/wp\/v2\/product_cat?post=88892"},{"taxonomy":"giftcard-category","embeddable":true,"href":"https:\/\/totalblue.ro\/en\/wp-json\/wp\/v2\/giftcard-category?post=88892"}],"curies":[{"name":"wp","href":"https:\/\/api.w.org\/{rel}","templated":true}]}}