{"id":88964,"date":"2023-04-27T15:55:56","date_gmt":"2023-04-27T12:55:56","guid":{"rendered":"https:\/\/totalblue.ro\/?post_type=product&#038;p=88964"},"modified":"2026-03-30T10:52:23","modified_gmt":"2026-03-30T07:52:23","slug":"supa-de-sparanghel-unox-olanda-800-ml","status":"publish","type":"product","link":"https:\/\/totalblue.ro\/en\/produs\/supa-de-sparanghel-unox-olanda-800-ml\/","title":{"rendered":"Unox asparagus soup Holland 800 ml"},"content":{"rendered":"<p><span class=\"HwtZe\" lang=\"ro\"><span class=\"jCAhz ChMk0b\"><span class=\"ryNqvb\">Ingrediente : ap\u0103, sparanghel 9,4%, ulei de rapi\u021b\u0103, amidon de porumb modificat, f\u0103in\u0103 de gr\u00e2u, praf de mal\u021b degresat, sare, extract de drojdie, arome (con\u021bine lapte), stabilizatori (E451, E452), nuc\u0219oar\u0103, p\u0103trunjel, colorant E160a.<br \/>\nNutritional values \/ 100 g:<br \/>\nEnergie 162 kJ \/ 39 kcal<br \/>\nGrasimi 2 g acizi grasi, saturati 0,2 g<br \/>\nAcizi grasi polinesaturati 0,2 g<br \/>\nCarbohidrati 4,1 g zaharuri 0,7 g<br \/>\nDietary fibre &lt; 0.5 g<br \/>\nProtein 0.9 g<br \/>\nSare 0,67 g<br \/>\n<\/span><\/span><\/span><\/p>\n<p>Cantitatea ideala pentru 2-3 portii de supa.<br \/>\nDutch brand Unox has been producing the best Dutch soups since 1957.  As Unox is continuously working on improving its products, in addition to the classic soups, we find a wide range of delicious ready-made soups.<br \/>\n<strong>Preparation:<\/strong> Do not microwave the packaging! Do not cook the soup! Put the soup in a bowl and heat in the microwave for 3 minutes at approx. 600 watts or heat directly in a saucepan or pot stirring gently. After heating is ready to savour!<\/p>","protected":false},"excerpt":{"rendered":"<p>Ingrediente : ap\u0103, sparanghel 9,4%, ulei de rapi\u021b\u0103, amidon de porumb modificat, f\u0103in\u0103 de gr\u00e2u, praf de mal\u021b degresat, sare, extract de drojdie, arome (con\u021bine lapte), stabilizatori (E451, E452), nuc\u0219oar\u0103, p\u0103trunjel, colorant E160a. Valori nutritionale \/ 100 g: Energie 162 kJ \/ 39 kcal Grasimi 2 g acizi grasi, saturati 0,2 g Acizi grasi polinesaturati [&#8230;]\n","protected":false},"featured_media":88966,"comment_status":"open","ping_status":"closed","template":"","meta":{"_acf_changed":false,"_seopress_robots_primary_cat":"none","_seopress_titles_title":"","_seopress_titles_desc":"Cumpara online supa de legume, supe legume, ciorbe legume, supe olandeze legume. Magazin online supe si produse olandeze cu livrare rapida.","_seopress_robots_index":""},"product_brand":[1925],"product_cat":[1555,1683,3272,1767],"giftcard-category":[],"class_list":{"0":"post-88964","1":"product","2":"type-product","3":"status-publish","4":"has-post-thumbnail","6":"product_brand-unox","7":"product_cat-bacanie","8":"product_cat-conserve-mancare-gatita","9":"product_cat-conserve","10":"product_cat-produse-olanda","12":"first","13":"instock","14":"taxable","15":"shipping-taxable","16":"purchasable","17":"product-type-simple"},"acf":[],"_links":{"self":[{"href":"https:\/\/totalblue.ro\/en\/wp-json\/wp\/v2\/product\/88964","targetHints":{"allow":["GET"]}}],"collection":[{"href":"https:\/\/totalblue.ro\/en\/wp-json\/wp\/v2\/product"}],"about":[{"href":"https:\/\/totalblue.ro\/en\/wp-json\/wp\/v2\/types\/product"}],"replies":[{"embeddable":true,"href":"https:\/\/totalblue.ro\/en\/wp-json\/wp\/v2\/comments?post=88964"}],"wp:featuredmedia":[{"embeddable":true,"href":"https:\/\/totalblue.ro\/en\/wp-json\/wp\/v2\/media\/88966"}],"wp:attachment":[{"href":"https:\/\/totalblue.ro\/en\/wp-json\/wp\/v2\/media?parent=88964"}],"wp:term":[{"taxonomy":"product_brand","embeddable":true,"href":"https:\/\/totalblue.ro\/en\/wp-json\/wp\/v2\/product_brand?post=88964"},{"taxonomy":"product_cat","embeddable":true,"href":"https:\/\/totalblue.ro\/en\/wp-json\/wp\/v2\/product_cat?post=88964"},{"taxonomy":"giftcard-category","embeddable":true,"href":"https:\/\/totalblue.ro\/en\/wp-json\/wp\/v2\/giftcard-category?post=88964"}],"curies":[{"name":"wp","href":"https:\/\/api.w.org\/{rel}","templated":true}]}}