{"id":89050,"date":"2023-04-28T15:23:58","date_gmt":"2023-04-28T12:23:58","guid":{"rendered":"https:\/\/totalblue.ro\/?post_type=product&#038;p=89050"},"modified":"2026-01-30T09:22:14","modified_gmt":"2026-01-30T07:22:14","slug":"supa-crema-de-pui-cu-crema-de-branza-570-ml-unox-olanda","status":"publish","type":"product","link":"https:\/\/totalblue.ro\/en\/produs\/supa-crema-de-pui-cu-crema-de-branza-570-ml-unox-olanda\/","title":{"rendered":"Unox Chicken soup with cream cheese 570 ml"},"content":{"rendered":"<p>Ingredient : <span class=\"HwtZe\" lang=\"ro\"><span class=\"jCAhz ChMk0b\"><span class=\"ryNqvb\">Ap\u0103, legume 12% (morcov 4,6%, praz 3,8%, \u021belin\u0103, e\u0219alot\u0103 1,3%), carne de pui 4,5%, crem\u0103 de br\u00e2nz\u0103 1,9% (LAPTE, CREMA DE LAPTE, sare, usturoi, ierburi, PROTEINE LAPTE, piper, amidon de porumb modificat, cultur\u0103 de amidon de porumb modificat), ulei de rapi\u021b\u0103 ZAPTE PULBERE, extract de drojdie (contine ORZ), sare iodata, sare minerala (potasiu), ierburi (patrunjel, dafin), sare, stabilizatori (E451, E452), usturoi, nucsoara, extract de vin alb, otet balsamic pudra (otet de vin, must de struguri).<br \/>\nNutritional values per 100 ml:<br \/>\nEnergie 158 kJ \/ (38 kcal)<br \/>\nGr\u0103simi 1.5 g din care satura\u021bi 0,5 g<br \/>\nCarbohidra\u021bi 3.8 g din care zaharuri 0.8 g<br \/>\nFibre alimentare 0.5 g<br \/>\nProtein 1,9 g<br \/>\nSare 0,65 g<\/span><\/span><\/span><br \/>\nIdeal amount for 2 servings of soup.<br \/>\n<strong>Preparation<\/strong>:Nu introduceti ambalajul in cuptorul cu microunde! Nu gatiti supa!Puneti supa intr-un bol si incalziti la cuptorul cu microunde timp de 2,5 minute la aprox. 750 wati sau incalziti-o direct intr-o craticioara sau oala amestecand usor. Dupa incalzire este gata de savurat!<br \/>\n<strong>Mod pastrare<\/strong>: Dupa deschiderea pungii, aceasta sup\u0103 poate fi pastrata maxim 2 zile la frigider. Inchideti punga.<br \/>\nContinut si greutate : 570 ml, punga.<br \/>\nManufactured in the Netherlands by Unilever Nederland Unox, Postbus 160 3000 AD AD Rotterdam<br \/>\nImporter and distributor Total Blue Impex SRL<\/p>","protected":false},"excerpt":{"rendered":"<p>Ingrediente : Ap\u0103, legume 12% (morcov 4,6%, praz 3,8%, \u021belin\u0103, e\u0219alot\u0103 1,3%), carne de pui 4,5%, crem\u0103 de br\u00e2nz\u0103 1,9% (LAPTE, CREMA DE LAPTE, sare, usturoi, ierburi, PROTEINE LAPTE, piper, amidon de porumb modificat, cultur\u0103 de amidon de porumb modificat), ulei de rapi\u021b\u0103 ZAPTE PULBERE, extract de drojdie (contine ORZ), sare iodata, sare minerala (potasiu), [&#8230;]\n","protected":false},"featured_media":217757,"comment_status":"open","ping_status":"closed","template":"","meta":{"_acf_changed":false,"_seopress_robots_primary_cat":"none","_seopress_titles_title":"","_seopress_titles_desc":"","_seopress_robots_index":""},"product_brand":[1925],"product_cat":[1555,1683,3272,1767],"giftcard-category":[],"class_list":{"0":"post-89050","1":"product","2":"type-product","3":"status-publish","4":"has-post-thumbnail","6":"product_brand-unox","7":"product_cat-bacanie","8":"product_cat-conserve-mancare-gatita","9":"product_cat-conserve","10":"product_cat-produse-olanda","12":"first","13":"outofstock","14":"taxable","15":"shipping-taxable","16":"purchasable","17":"product-type-simple"},"acf":[],"_links":{"self":[{"href":"https:\/\/totalblue.ro\/en\/wp-json\/wp\/v2\/product\/89050","targetHints":{"allow":["GET"]}}],"collection":[{"href":"https:\/\/totalblue.ro\/en\/wp-json\/wp\/v2\/product"}],"about":[{"href":"https:\/\/totalblue.ro\/en\/wp-json\/wp\/v2\/types\/product"}],"replies":[{"embeddable":true,"href":"https:\/\/totalblue.ro\/en\/wp-json\/wp\/v2\/comments?post=89050"}],"wp:featuredmedia":[{"embeddable":true,"href":"https:\/\/totalblue.ro\/en\/wp-json\/wp\/v2\/media\/217757"}],"wp:attachment":[{"href":"https:\/\/totalblue.ro\/en\/wp-json\/wp\/v2\/media?parent=89050"}],"wp:term":[{"taxonomy":"product_brand","embeddable":true,"href":"https:\/\/totalblue.ro\/en\/wp-json\/wp\/v2\/product_brand?post=89050"},{"taxonomy":"product_cat","embeddable":true,"href":"https:\/\/totalblue.ro\/en\/wp-json\/wp\/v2\/product_cat?post=89050"},{"taxonomy":"giftcard-category","embeddable":true,"href":"https:\/\/totalblue.ro\/en\/wp-json\/wp\/v2\/giftcard-category?post=89050"}],"curies":[{"name":"wp","href":"https:\/\/api.w.org\/{rel}","templated":true}]}}