{"id":93193,"date":"2023-05-26T09:22:56","date_gmt":"2023-05-26T06:22:56","guid":{"rendered":"https:\/\/totalblue.ro\/?post_type=product&#038;p=93193"},"modified":"2025-11-12T08:54:58","modified_gmt":"2025-11-12T06:54:58","slug":"tuborg-bere-blonda-fara-alcool-033l-sticla","status":"publish","type":"product","link":"https:\/\/totalblue.ro\/en\/produs\/tuborg-bere-blonda-fara-alcool-033l-sticla\/","title":{"rendered":"Tuborg bere blonda fara alcool 0,33L, sticla"},"content":{"rendered":"<p>Tuborg Non-Alcoolic este produs prin folosirea unei tehnologii unice de distilare sub vid, la rece, care permite p\u0103strarea \u00een \u00eentregime a gustului berii, prin eliminarea cu grij\u0103 a alcoolului la sf\u00e2r\u0219itul procesului de fermenta\u021bie.<\/p>\n<p>Aceast\u0103 tehnologie, bazat\u0103 pe re\u021beta clasic\u0103 a berii \u0219i ingrediente de \u00eenalt\u0103 calitate, permite producerea unei beri non-alcoolice cu acelea\u0219i propriet\u0103\u021bi ale aromei ca ale oricarei alte beri cu alcool, pentru a o putea consuma cu pl\u0103cere oric\u00eend. \u00cen acest fel, cu Tuborg 0.0% alcool, po\u021bi spune DA \u00een orice moment<br \/>\nAlcool: 0 % vol.<br \/>\nCaracteristici: bere blonda<br \/>\nProduct available online<br \/>\nStorage \/ Use \/ Preparation tip: Keep away from high temperatures and frost.<br \/>\nIngrediente: apa, hamei, trei tipuri de malt.<br \/>\nAMBALAJ PREMIUM: sticla embosata cu eticheta inclinat\u0103 la 62.5 grade si capacul inovator easy-open, tuby cap, doza cu senzor special de racire.<br \/>\nNutritional Values per 100 ml:<br \/>\nValoare energetica pe 100g produs KJ 114 kJ<br \/>\nValoare energetica pe 100g produs Kcal 27 kcal<br \/>\nGrasimi, Lipide &lt;0.1 g<br \/>\nGrasimi, din care acizi grasi saturati 0 g<br \/>\nGlucide, Carbohidrati 5.9 g<br \/>\nGlucide, din care zaharuri 2.5 g<br \/>\nProteine &lt;1 g<br \/>\nSalt 0 g<br \/>\nLegal lies: Alcohol seriously harms your health. Drink in moderation. Sale to under 18s is prohibited. www.desprealcool.ro<br \/>\n<a href=\"https:\/\/totalblue.ro\/wp-content\/uploads\/2021\/04\/under-18.jpg\"><img loading=\"lazy\" decoding=\"async\" class=\"alignnone wp-image-30757\" src=\"https:\/\/totalblue.ro\/wp-content\/uploads\/2021\/04\/under-18-400x400.jpg\" alt=\"\" width=\"96\" height=\"96\" srcset=\"https:\/\/totalblue.ro\/wp-content\/uploads\/2021\/04\/under-18-400x400.jpg 400w, https:\/\/totalblue.ro\/wp-content\/uploads\/2021\/04\/under-18-100x100.jpg 100w, https:\/\/totalblue.ro\/wp-content\/uploads\/2021\/04\/under-18-510x510.jpg 510w, https:\/\/totalblue.ro\/wp-content\/uploads\/2021\/04\/under-18-280x280.jpg 280w, https:\/\/totalblue.ro\/wp-content\/uploads\/2021\/04\/under-18.jpg 600w\" sizes=\"auto, (max-width: 96px) 100vw, 96px\" \/><\/a><a href=\"https:\/\/totalblue.ro\/wp-content\/uploads\/2021\/06\/drink-drive.jpg\"><img loading=\"lazy\" decoding=\"async\" class=\"alignnone wp-image-30761\" src=\"https:\/\/totalblue.ro\/wp-content\/uploads\/2021\/06\/drink-drive.jpg\" alt=\"\" width=\"98\" height=\"96\" srcset=\"https:\/\/totalblue.ro\/wp-content\/uploads\/2021\/06\/drink-drive.jpg 344w, https:\/\/totalblue.ro\/wp-content\/uploads\/2021\/06\/drink-drive-100x98.jpg 100w\" sizes=\"auto, (max-width: 98px) 100vw, 98px\" \/><\/a><a href=\"https:\/\/totalblue.ro\/wp-content\/uploads\/2021\/06\/bere-gravide02.jpg\"><img loading=\"lazy\" decoding=\"async\" class=\"alignnone wp-image-30771\" src=\"https:\/\/totalblue.ro\/wp-content\/uploads\/2021\/06\/bere-gravide02-403x400.jpg\" alt=\"\" width=\"101\" height=\"100\" srcset=\"https:\/\/totalblue.ro\/wp-content\/uploads\/2021\/06\/bere-gravide02-403x400.jpg 403w, https:\/\/totalblue.ro\/wp-content\/uploads\/2021\/06\/bere-gravide02-100x99.jpg 100w, https:\/\/totalblue.ro\/wp-content\/uploads\/2021\/06\/bere-gravide02-510x507.jpg 510w, https:\/\/totalblue.ro\/wp-content\/uploads\/2021\/06\/bere-gravide02-805x800.jpg 805w, https:\/\/totalblue.ro\/wp-content\/uploads\/2021\/06\/bere-gravide02-280x280.jpg 280w, https:\/\/totalblue.ro\/wp-content\/uploads\/2021\/06\/bere-gravide02-768x763.jpg 768w, https:\/\/totalblue.ro\/wp-content\/uploads\/2021\/06\/bere-gravide02-600x596.jpg 600w, https:\/\/totalblue.ro\/wp-content\/uploads\/2021\/06\/bere-gravide02.jpg 895w\" sizes=\"auto, (max-width: 101px) 100vw, 101px\" \/><\/a><\/p>","protected":false},"excerpt":{"rendered":"<p>1 box contains 24 bottles. The displayed price is per 1 bottle.<\/p>","protected":false},"featured_media":93194,"comment_status":"open","ping_status":"closed","template":"","meta":{"_acf_changed":false,"_seopress_robots_primary_cat":"none","_seopress_titles_title":"","_seopress_titles_desc":"","_seopress_robots_index":""},"product_brand":[15921],"product_cat":[1519],"giftcard-category":[],"class_list":{"0":"post-93193","1":"product","2":"type-product","3":"status-publish","4":"has-post-thumbnail","6":"product_brand-tuborg","7":"product_cat-bauturi-alcoolice-bere","9":"first","10":"instock","11":"taxable","12":"shipping-taxable","13":"purchasable","14":"product-type-simple"},"acf":[],"_links":{"self":[{"href":"https:\/\/totalblue.ro\/en\/wp-json\/wp\/v2\/product\/93193","targetHints":{"allow":["GET"]}}],"collection":[{"href":"https:\/\/totalblue.ro\/en\/wp-json\/wp\/v2\/product"}],"about":[{"href":"https:\/\/totalblue.ro\/en\/wp-json\/wp\/v2\/types\/product"}],"replies":[{"embeddable":true,"href":"https:\/\/totalblue.ro\/en\/wp-json\/wp\/v2\/comments?post=93193"}],"wp:featuredmedia":[{"embeddable":true,"href":"https:\/\/totalblue.ro\/en\/wp-json\/wp\/v2\/media\/93194"}],"wp:attachment":[{"href":"https:\/\/totalblue.ro\/en\/wp-json\/wp\/v2\/media?parent=93193"}],"wp:term":[{"taxonomy":"product_brand","embeddable":true,"href":"https:\/\/totalblue.ro\/en\/wp-json\/wp\/v2\/product_brand?post=93193"},{"taxonomy":"product_cat","embeddable":true,"href":"https:\/\/totalblue.ro\/en\/wp-json\/wp\/v2\/product_cat?post=93193"},{"taxonomy":"giftcard-category","embeddable":true,"href":"https:\/\/totalblue.ro\/en\/wp-json\/wp\/v2\/giftcard-category?post=93193"}],"curies":[{"name":"wp","href":"https:\/\/api.w.org\/{rel}","templated":true}]}}