{"id":96069,"date":"2023-07-13T16:40:25","date_gmt":"2023-07-13T13:40:25","guid":{"rendered":"https:\/\/totalblue.ro\/?post_type=product&#038;p=96069"},"modified":"2026-02-10T04:15:33","modified_gmt":"2026-02-10T02:15:33","slug":"teisseire-le-0-lemon-lime-sirop-600-m","status":"publish","type":"product","link":"https:\/\/totalblue.ro\/en\/produs\/teisseire-le-0-lemon-lime-sirop-600-m\/","title":{"rendered":"Teisseire Le 0% Lemon &amp; Lime Syrup 600 ml"},"content":{"rendered":"<p>Ingredient : <span class=\"HwtZe\" lang=\"ro\"><span class=\"jCAhz ChMk0b\"><span class=\"ryNqvb\">Ap\u0103, suc de l\u0103m\u00e2ie din concentrat 10,5%, agent de \u00eenc\u0103rcare (polidextroz\u0103), regulator de aciditate (acid citric), arom\u0103 natural\u0103 de l\u0103m\u00e2ie \u0219i l\u0103m\u00e2ie cu alte arome naturale, agent de \u00eengro\u0219are (gum\u0103 xantan\u0103), \u00eendulcitori (sucraloz\u0103, acesulfam K), conservant (sorbat de potasiu)<\/span><\/span><\/span><br \/>\nNutritional values \/ 100 g:<br \/>\nEnergie 100 kJ \/ 23 kcal<br \/>\nCarbohidra\u021bi 3.7 g , din care zahar &lt; 0.5 g<br \/>\nSare 0.03 g<\/p>\n<p>Mod de utilizare: Agitati inainte de utilizare.<br \/>\nMod de preparare: La 1 parte sirop de fructe se adauga 12 parti apa. Puteti folosi si apa minerala.<br \/>\nRecomandari: Inchideti sticla ermetic dupa deschidere, pastrati la loc racoros si intunecat. Perioada de valabilitate limitata dupa deschidere.<br \/>\nAmbalaj si continut: 600 ml ( 60 cl )<br \/>\nProducator : Teisseire CS 70501 &#8211; 38926 Crolles cedex, Franta<br \/>\nImporter and distributor Total Blue Impex SRL<\/p>","protected":false},"excerpt":{"rendered":"<p>Ingrediente : Ap\u0103, suc de l\u0103m\u00e2ie din concentrat 10,5%, agent de \u00eenc\u0103rcare (polidextroz\u0103), regulator de aciditate (acid citric), arom\u0103 natural\u0103 de l\u0103m\u00e2ie \u0219i l\u0103m\u00e2ie cu alte arome naturale, agent de \u00eengro\u0219are (gum\u0103 xantan\u0103), \u00eendulcitori (sucraloz\u0103, acesulfam K), conservant (sorbat de potasiu) Valori nutritionale \/ 100 g: Energie 100 kJ \/ 23 kcal Carbohidra\u021bi 3.7 g [&#8230;]\n","protected":false},"featured_media":149454,"comment_status":"open","ping_status":"closed","template":"","meta":{"_acf_changed":false,"_seopress_robots_primary_cat":"none","_seopress_titles_title":"","_seopress_titles_desc":"","_seopress_robots_index":""},"product_brand":[16122],"product_cat":[1354,1767,3312],"giftcard-category":[],"class_list":{"0":"post-96069","1":"product","2":"type-product","3":"status-publish","4":"has-post-thumbnail","6":"product_brand-teisseire","7":"product_cat-apa-plata-apa-minerala-sucuri","8":"product_cat-produse-olanda","9":"product_cat-bauturi-racoritoare-produse-olanda","11":"first","12":"instock","13":"taxable","14":"shipping-taxable","15":"purchasable","16":"product-type-simple"},"acf":[],"_links":{"self":[{"href":"https:\/\/totalblue.ro\/en\/wp-json\/wp\/v2\/product\/96069","targetHints":{"allow":["GET"]}}],"collection":[{"href":"https:\/\/totalblue.ro\/en\/wp-json\/wp\/v2\/product"}],"about":[{"href":"https:\/\/totalblue.ro\/en\/wp-json\/wp\/v2\/types\/product"}],"replies":[{"embeddable":true,"href":"https:\/\/totalblue.ro\/en\/wp-json\/wp\/v2\/comments?post=96069"}],"wp:featuredmedia":[{"embeddable":true,"href":"https:\/\/totalblue.ro\/en\/wp-json\/wp\/v2\/media\/149454"}],"wp:attachment":[{"href":"https:\/\/totalblue.ro\/en\/wp-json\/wp\/v2\/media?parent=96069"}],"wp:term":[{"taxonomy":"product_brand","embeddable":true,"href":"https:\/\/totalblue.ro\/en\/wp-json\/wp\/v2\/product_brand?post=96069"},{"taxonomy":"product_cat","embeddable":true,"href":"https:\/\/totalblue.ro\/en\/wp-json\/wp\/v2\/product_cat?post=96069"},{"taxonomy":"giftcard-category","embeddable":true,"href":"https:\/\/totalblue.ro\/en\/wp-json\/wp\/v2\/giftcard-category?post=96069"}],"curies":[{"name":"wp","href":"https:\/\/api.w.org\/{rel}","templated":true}]}}