{"id":98886,"date":"2023-08-18T10:04:18","date_gmt":"2023-08-18T07:04:18","guid":{"rendered":"https:\/\/totalblue.ro\/?post_type=product&#038;p=98886"},"modified":"2025-10-21T15:12:19","modified_gmt":"2025-10-21T12:12:19","slug":"lapte-praf-bon-bebe-no-1-800-g-0-6-luni","status":"publish","type":"product","link":"https:\/\/totalblue.ro\/en\/produs\/lapte-praf-bon-bebe-no-1-800-g-0-6-luni\/","title":{"rendered":"Milk powder Bon Bebe no 1, 800 g, 0-6 months"},"content":{"rendered":"<p>Formula complet\u0103 pentru sugari Bonb\u00e9b\u00e9 Standard 1 poate fi utilizat\u0103 de la na\u0219tere p\u00e2n\u0103 la 6 luni, dac\u0103 nu al\u0103pta\u021bi sau ca si completare.<br \/>\nAcest produs este ambalat \u00een atmosfer\u0103 protectoare.<br \/>\nDup\u0103 deschidere, con\u021binutul poate fi p\u0103strat maxim 4 s\u0103pt\u0103m\u00e2ni.<\/p>\n<p><strong>Ingredient:<\/strong> zer demineralizat (LAPTE), gr\u0103simi (uleiuri vegetale (palm, miez de palmier, rapi\u021b\u0103, floarea soarelui) ULEI DE PESTE (DHA), ulei de Mortierella alpina (AA)), LAPTE degresat, lactoz\u0103 (LAPTE), maltodextrin\u0103 (porumb), fibre (galactooligozaharid\u0103 (LAPTE), fructooligozaharid\u0103), minerale (citrat de potasiu, fosfat de calciu, carbonat de calciu, clorur\u0103 de sodiu, citrat de magneziu, clorur\u0103 de potasiu, hidroxid de calciu, sulfat de fier, sulfat de zinc, sulfat de cupru, sulfat de mangan, iodur\u0103 de potasiu, selenit de sodiu, ), vitamine (acid L-ascorbic, L-ascorbat de sodiu, acetat de DL-alfa tocoferil, nicotinamid\u0103, D-pantotenat de calciu, acetat de retinil, riboflavin\u0103, clorhidrat de tiamin\u0103, colecalciferol, clorhidrat de piridoxin\u0103, acid folic, D-biotina, fitomenadion\u0103, fitominamin\u0103 ), clorur\u0103 de colin\u0103, taurin\u0103, nucleotide (sare de sodiu citidin\u0103 5&#8242;-monofosfat, sare de sodiu uridin\u0103 5&#8242;-monofosfat, adenozin\u0103 5&#8242;-monofosfat, guanozin\u0103 5&#8242;-monofosfat sare de sodiu, inozin\u0103 5&#8242;-monofosfat sare de sodiu), inozitol, antioxidant ( palmitat de ascorbil\/D-tocoferoli (SOIA)), emulgator (mono-digliceride ale acizilor gra\u0219i, LECITIN\u0102 DE SOIA)<\/p>\n<p><strong>Utilizare :<br \/>\n<\/strong>1. Spalati-va bine pe maini inainte de a pregati laptele pentru sugari.<br \/>\n2. Asigurati-va ca biberonul si tetina sunt curate.<br \/>\n3. Fierbe-le timp de 5 minute. Lasa-le acoperite pana la folosire.<br \/>\n4. Fierbe apa potabila timp de 5 minute, las-o apoi sa se raceasca (~37\u00b0C).<br \/>\n5. Consulta modul de preparare si toarna exact cantitatea de apa necesara.<br \/>\n6. Foloseste doar masura din interior si niveleaza pudra cu ajutorul inelului interior fara sa presezi.<br \/>\n7. Consulta modul de preparare; adauga numarul exact de masuri rase corespunzator varstei sugarului.<br \/>\n8. Dupa utilizare, asaza masura suspendata in spatiul din interiorul cutiei asa cum este aratat in imagine.<br \/>\n9. Inchide biberonul si agita bine pana cand pudra s-a dizolvat complet.<br \/>\n10. Inchide bine cutia dupa fiecare folosire si pastreaz-o intr-un loc racoros si uscat.<\/p>\n<p><a href=\"https:\/\/racekids.ro\/wp-content\/uploads\/2022\/04\/little-steps-2-mod-de-pregatire.jpg\"><img loading=\"lazy\" decoding=\"async\" class=\"alignnone size-full wp-image-63216\" src=\"https:\/\/racekids.ro\/wp-content\/uploads\/2022\/04\/little-steps-2-mod-de-pregatire.jpg\" alt=\"\" width=\"725\" height=\"543\" \/><\/a><br \/>\nGreutatea sugarului: &lt;3,0 kg; Numar de linguri: 2; Ap\u0103 (ml): 60; Nutri\u021bie total\u0103 (ml): 65; Num\u0103r de hr\u0103niri la 24 de ore: 7;<br \/>\nGreutatea bebelusului: 3,0 &#8211; 3,5 kg; Numar de linguri: 3; Ap\u0103 (ml): 90; Nutri\u021bie total\u0103 (ml): 100; Num\u0103r de hr\u0103niri la 24 de ore: 6;<br \/>\nGreutatea bebelusului: 3,5 &#8211; 4,0 kg; Numar de linguri: 4; Ap\u0103 (ml): 120; Nutri\u021bie total\u0103 (ml): 135; Num\u0103r de hr\u0103niri la 24 de ore: 5;<br \/>\nGreutatea bebelusului: 4,0 &#8211; 4,5 kg; Numar de linguri: 5; Ap\u0103 (ml): 150; Nutri\u021bie total\u0103 (ml): 165; Num\u0103r de hr\u0103niri la 24 de ore: 5;<br \/>\nGreutatea bebelusului: 5,0 &#8211; 6,0 kg; Numar de linguri: 6; Ap\u0103 (ml): 180; Nutri\u021bie total\u0103 (ml): 200; Num\u0103r de hr\u0103niri la 24 de ore: 5;<br \/>\nGreutatea sugarului: &gt;6,0 kg; Numar de linguri: 6; Ap\u0103 (ml): 180; Nutri\u021bie total\u0103 (ml): 200; Num\u0103r de hr\u0103niri pe 24 de ore: 4.<br \/>\n1 lingur\u0103 de m\u0103surare nivel\u0103 = 4,5 grame.<\/p>\n<p>&nbsp;<\/p>\n<p>&nbsp;<\/p>\n<table id=\"tablefield-node-38761-field_product_composition-0\" class=\"tablefield tablefield-columns-4 sticky-enabled tableheader-processed sticky-table\">\n<tbody>\n<tr>\n<th class=\"row_0 col_0\" scope=\"col\">Declaratie nutritionala<\/th>\n<th class=\"row_0 col_1\" scope=\"col\">Unitatea de masura<\/th>\n<th class=\"row_0 col_2\" scope=\"col\"><\/th>\n<th class=\"row_0 col_3\" scope=\"col\">Per 100 ml lapte preparat<\/th>\n<\/tr>\n<tr class=\"odd\">\n<td class=\"row_1 col_0\">Energy value<\/td>\n<td class=\"row_1 col_1\">kJ<\/td>\n<td class=\"row_1 col_2\"><\/td>\n<td class=\"row_1 col_3\">279<\/td>\n<\/tr>\n<tr class=\"even\">\n<td class=\"row_2 col_0\">Energy value<\/td>\n<td class=\"row_2 col_1\">kcal<\/td>\n<td class=\"row_2 col_2\"><\/td>\n<td class=\"row_2 col_3\">67<\/td>\n<\/tr>\n<tr class=\"odd\">\n<td class=\"row_3 col_0\">Fats<\/td>\n<td class=\"row_3 col_1\">g<\/td>\n<td class=\"row_3 col_2\"><\/td>\n<td class=\"row_3 col_3\">3,3<\/td>\n<\/tr>\n<tr class=\"even\">\n<td class=\"row_4 col_0\">\u2013 din care acizi grasi saturati<\/td>\n<td class=\"row_4 col_1\">g<\/td>\n<td class=\"row_4 col_2\"><\/td>\n<td class=\"row_4 col_3\">1,3<\/td>\n<\/tr>\n<tr class=\"odd\">\n<td class=\"row_5 col_0\">\u2013 din care acizi grasi mono-nesaturati<\/td>\n<td class=\"row_5 col_1\">g<\/td>\n<td class=\"row_5 col_2\"><\/td>\n<td class=\"row_5 col_3\">1,3<\/td>\n<\/tr>\n<tr class=\"even\">\n<td class=\"row_6 col_0\">\u2013 din care acizi grasi poli-nesaturati<\/td>\n<td class=\"row_6 col_1\">g<\/td>\n<td class=\"row_6 col_2\"><\/td>\n<td class=\"row_6 col_3\">0,7<\/td>\n<\/tr>\n<tr class=\"odd\">\n<td class=\"row_7 col_0\">\u2013 acid \u03b1-linolenic (ALA)<\/td>\n<td class=\"row_7 col_1\">mg<\/td>\n<td class=\"row_7 col_2\"><\/td>\n<td class=\"row_7 col_3\">43<\/td>\n<\/tr>\n<tr class=\"even\">\n<td class=\"row_8 col_0\">\u2013 acid docosahexaenoic (DHA)<\/td>\n<td class=\"row_8 col_1\">mg<\/td>\n<td class=\"row_8 col_2\"><\/td>\n<td class=\"row_8 col_3\">17<\/td>\n<\/tr>\n<tr class=\"odd\">\n<td class=\"row_9 col_0\">\u2013 acid linoleic (LA)<\/td>\n<td class=\"row_9 col_1\">mg<\/td>\n<td class=\"row_9 col_2\"><\/td>\n<td class=\"row_9 col_3\">432<\/td>\n<\/tr>\n<tr class=\"even\">\n<td class=\"row_10 col_0\">Carbohydrate<\/td>\n<td class=\"row_10 col_1\">g<\/td>\n<td class=\"row_10 col_2\"><\/td>\n<td class=\"row_10 col_3\">7,7<\/td>\n<\/tr>\n<tr class=\"odd\">\n<td class=\"row_11 col_0\">\u2013 din care zaharuri<\/td>\n<td class=\"row_11 col_1\">g<\/td>\n<td class=\"row_11 col_2\"><\/td>\n<td class=\"row_11 col_3\">7.1<\/td>\n<\/tr>\n<tr class=\"even\">\n<td class=\"row_12 col_0\">\u2013 din care lactoza<\/td>\n<td class=\"row_12 col_1\">g<\/td>\n<td class=\"row_12 col_2\"><\/td>\n<td class=\"row_12 col_3\">7<\/td>\n<\/tr>\n<tr class=\"odd\">\n<td class=\"row_13 col_0\">Fibre<\/td>\n<td class=\"row_13 col_1\">g<\/td>\n<td class=\"row_13 col_2\"><\/td>\n<td class=\"row_13 col_3\">0,6<\/td>\n<\/tr>\n<tr class=\"even\">\n<td class=\"row_14 col_0\">Protein<\/td>\n<td class=\"row_14 col_1\">g<\/td>\n<td class=\"row_14 col_2\"><\/td>\n<td class=\"row_14 col_3\">1,4<\/td>\n<\/tr>\n<tr class=\"odd\">\n<td class=\"row_15 col_0\">Calciu<\/td>\n<td class=\"row_15 col_1\">mg<\/td>\n<td class=\"row_15 col_2\"><\/td>\n<td class=\"row_15 col_3\">49<\/td>\n<\/tr>\n<tr class=\"even\">\n<td class=\"row_16 col_0\">Fosfor<\/td>\n<td class=\"row_16 col_1\">mg<\/td>\n<td class=\"row_16 col_2\"><\/td>\n<td class=\"row_16 col_3\">28<\/td>\n<\/tr>\n<tr class=\"odd\">\n<td class=\"row_17 col_0\">Potasiu<\/td>\n<td class=\"row_17 col_1\">mg<\/td>\n<td class=\"row_17 col_2\"><\/td>\n<td class=\"row_17 col_3\">68<\/td>\n<\/tr>\n<tr class=\"even\">\n<td class=\"row_18 col_0\">Sodium<\/td>\n<td class=\"row_18 col_1\">mg<\/td>\n<td class=\"row_18 col_2\"><\/td>\n<td class=\"row_18 col_3\">20<\/td>\n<\/tr>\n<tr class=\"odd\">\n<td class=\"row_19 col_0\">Clorura<\/td>\n<td class=\"row_19 col_1\">mg<\/td>\n<td class=\"row_19 col_2\"><\/td>\n<td class=\"row_19 col_3\">42<\/td>\n<\/tr>\n<tr class=\"even\">\n<td class=\"row_20 col_0\">Fier<\/td>\n<td class=\"row_20 col_1\">mg<\/td>\n<td class=\"row_20 col_2\"><\/td>\n<td class=\"row_20 col_3\">0,57<\/td>\n<\/tr>\n<tr class=\"odd\">\n<td class=\"row_21 col_0\">Zinc<\/td>\n<td class=\"row_21 col_1\">mg<\/td>\n<td class=\"row_21 col_2\"><\/td>\n<td class=\"row_21 col_3\">0,53<\/td>\n<\/tr>\n<tr class=\"even\">\n<td class=\"row_22 col_0\">Iod<\/td>\n<td class=\"row_22 col_1\">\u03bcg<\/td>\n<td class=\"row_22 col_2\"><\/td>\n<td class=\"row_22 col_3\">13<\/td>\n<\/tr>\n<tr class=\"odd\">\n<td class=\"row_23 col_0\">Seleniu<\/td>\n<td class=\"row_23 col_1\">\u03bcg<\/td>\n<td class=\"row_23 col_2\"><\/td>\n<td class=\"row_23 col_3\">3<\/td>\n<\/tr>\n<tr class=\"even\">\n<td class=\"row_24 col_0\">Cupru<\/td>\n<td class=\"row_24 col_1\">\u03bcg<\/td>\n<td class=\"row_24 col_2\"><\/td>\n<td class=\"row_24 col_3\">45<\/td>\n<\/tr>\n<tr class=\"odd\">\n<td class=\"row_25 col_0\">Magneziu<\/td>\n<td class=\"row_25 col_1\">mg<\/td>\n<td class=\"row_25 col_2\"><\/td>\n<td class=\"row_25 col_3\">5,3<\/td>\n<\/tr>\n<tr class=\"even\">\n<td class=\"row_26 col_0\">Mangan<\/td>\n<td class=\"row_26 col_1\">\u03bcg<\/td>\n<td class=\"row_26 col_2\"><\/td>\n<td class=\"row_26 col_3\">6.1<\/td>\n<\/tr>\n<tr class=\"odd\">\n<td class=\"row_27 col_0\">Acid Folic<\/td>\n<td class=\"row_27 col_1\">\u03bcg<\/td>\n<td class=\"row_27 col_2\"><\/td>\n<td class=\"row_27 col_3\">13<\/td>\n<\/tr>\n<tr class=\"even\">\n<td class=\"row_28 col_0\">Vitamina A<\/td>\n<td class=\"row_28 col_1\">\u03bcg<\/td>\n<td class=\"row_28 col_2\"><\/td>\n<td class=\"row_28 col_3\">68<\/td>\n<\/tr>\n<tr class=\"odd\">\n<td class=\"row_29 col_0\">Vitamina D<\/td>\n<td class=\"row_29 col_1\">\u03bcg<\/td>\n<td class=\"row_29 col_2\"><\/td>\n<td class=\"row_29 col_3\">1,5<\/td>\n<\/tr>\n<tr class=\"even\">\n<td class=\"row_30 col_0\">Vitamina E<\/td>\n<td class=\"row_30 col_1\">mg TE<\/td>\n<td class=\"row_30 col_2\"><\/td>\n<td class=\"row_30 col_3\">1,1<\/td>\n<\/tr>\n<tr class=\"odd\">\n<td class=\"row_31 col_0\">Vitamina K<\/td>\n<td class=\"row_31 col_1\">\u03bcg<\/td>\n<td class=\"row_31 col_2\"><\/td>\n<td class=\"row_31 col_3\">6.1<\/td>\n<\/tr>\n<tr class=\"even\">\n<td class=\"row_32 col_0\">Vitamina C<\/td>\n<td class=\"row_32 col_1\">mg<\/td>\n<td class=\"row_32 col_2\"><\/td>\n<td class=\"row_32 col_3\">11<\/td>\n<\/tr>\n<tr class=\"odd\">\n<td class=\"row_33 col_0\">Tiamina<\/td>\n<td class=\"row_33 col_1\">\u03bcg<\/td>\n<td class=\"row_33 col_2\"><\/td>\n<td class=\"row_33 col_3\">58<\/td>\n<\/tr>\n<tr class=\"even\">\n<td class=\"row_34 col_0\">Riboflavina<\/td>\n<td class=\"row_34 col_1\">\u03bcg<\/td>\n<td class=\"row_34 col_2\"><\/td>\n<td class=\"row_34 col_3\">140<\/td>\n<\/tr>\n<tr class=\"odd\">\n<td class=\"row_35 col_0\">Niacina<\/td>\n<td class=\"row_35 col_1\">\u03bcg<\/td>\n<td class=\"row_35 col_2\"><\/td>\n<td class=\"row_35 col_3\">0.53<\/td>\n<\/tr>\n<tr class=\"even\">\n<td class=\"row_36 col_0\">Vitamina B6<\/td>\n<td class=\"row_36 col_1\">mg<\/td>\n<td class=\"row_36 col_2\"><\/td>\n<td class=\"row_36 col_3\">2.4<\/td>\n<\/tr>\n<tr class=\"odd\">\n<td class=\"row_37 col_0\">Vitamina B12<\/td>\n<td class=\"row_37 col_1\">\u03bcg<\/td>\n<td class=\"row_37 col_2\"><\/td>\n<td class=\"row_37 col_3\">0,20<\/td>\n<\/tr>\n<tr class=\"even\">\n<td class=\"row_38 col_0\">Acid pantotenic<\/td>\n<td class=\"row_38 col_1\">mg<\/td>\n<td class=\"row_38 col_2\"><\/td>\n<td class=\"row_38 col_3\">0,35<\/td>\n<\/tr>\n<tr class=\"odd\">\n<td class=\"row_39 col_0\">Biotina<\/td>\n<td class=\"row_39 col_1\">\u03bcg<\/td>\n<td class=\"row_39 col_2\"><\/td>\n<td class=\"row_39 col_3\">2<\/td>\n<\/tr>\n<tr class=\"even\">\n<td class=\"row_40 col_0\"><\/td>\n<td class=\"row_40 col_1\"><\/td>\n<td class=\"row_40 col_2\"><\/td>\n<td class=\"row_40 col_3\"><\/td>\n<\/tr>\n<\/tbody>\n<\/table>\n<p>&nbsp;<\/p>","protected":false},"excerpt":{"rendered":"<p>Formula complet\u0103 pentru sugari Bonb\u00e9b\u00e9 Standard 1 poate fi utilizat\u0103 de la na\u0219tere p\u00e2n\u0103 la 6 luni, dac\u0103 nu al\u0103pta\u021bi sau ca si completare. Acest produs este ambalat \u00een atmosfer\u0103 protectoare. Dup\u0103 deschidere, con\u021binutul poate fi p\u0103strat maxim 4 s\u0103pt\u0103m\u00e2ni. Ingrediente: zer demineralizat (LAPTE), gr\u0103simi (uleiuri vegetale (palm, miez de palmier, rapi\u021b\u0103, floarea soarelui) ULEI [&#8230;]\n","protected":false},"featured_media":216734,"comment_status":"open","ping_status":"closed","template":"","meta":{"_acf_changed":false,"_seopress_robots_primary_cat":"1767","_seopress_titles_title":"","_seopress_titles_desc":"","_seopress_robots_index":""},"product_brand":[7974],"product_cat":[1984,1520,5677,1767],"giftcard-category":[],"class_list":{"0":"post-98886","1":"product","2":"type-product","3":"status-publish","4":"has-post-thumbnail","6":"product_brand-bon-bebe","7":"product_cat-hrana-bebelusi","8":"product_cat-mama-copilul","9":"product_cat-mancare-si-accesorii-bebe","10":"product_cat-produse-olanda","12":"first","13":"instock","14":"taxable","15":"shipping-taxable","16":"purchasable","17":"product-type-simple"},"acf":[],"_links":{"self":[{"href":"https:\/\/totalblue.ro\/en\/wp-json\/wp\/v2\/product\/98886","targetHints":{"allow":["GET"]}}],"collection":[{"href":"https:\/\/totalblue.ro\/en\/wp-json\/wp\/v2\/product"}],"about":[{"href":"https:\/\/totalblue.ro\/en\/wp-json\/wp\/v2\/types\/product"}],"replies":[{"embeddable":true,"href":"https:\/\/totalblue.ro\/en\/wp-json\/wp\/v2\/comments?post=98886"}],"wp:featuredmedia":[{"embeddable":true,"href":"https:\/\/totalblue.ro\/en\/wp-json\/wp\/v2\/media\/216734"}],"wp:attachment":[{"href":"https:\/\/totalblue.ro\/en\/wp-json\/wp\/v2\/media?parent=98886"}],"wp:term":[{"taxonomy":"product_brand","embeddable":true,"href":"https:\/\/totalblue.ro\/en\/wp-json\/wp\/v2\/product_brand?post=98886"},{"taxonomy":"product_cat","embeddable":true,"href":"https:\/\/totalblue.ro\/en\/wp-json\/wp\/v2\/product_cat?post=98886"},{"taxonomy":"giftcard-category","embeddable":true,"href":"https:\/\/totalblue.ro\/en\/wp-json\/wp\/v2\/giftcard-category?post=98886"}],"curies":[{"name":"wp","href":"https:\/\/api.w.org\/{rel}","templated":true}]}}