{"id":99106,"date":"2023-08-22T14:07:10","date_gmt":"2023-08-22T11:07:10","guid":{"rendered":"https:\/\/totalblue.ro\/?post_type=product&#038;p=99106"},"modified":"2025-01-30T15:00:40","modified_gmt":"2025-01-30T13:00:40","slug":"scutece-bon-bebe-maxi-no-4-8-16-kg-40-bucati","status":"publish","type":"product","link":"https:\/\/totalblue.ro\/en\/produs\/scutece-bon-bebe-maxi-no-4-8-16-kg-40-bucati\/","title":{"rendered":"Scutece Bon Bebe, Maxi, no 4, 8-16 kg, 40 bucati"},"content":{"rendered":"<div id=\"tab-description\" class=\"woocommerce-Tabs-panel woocommerce-Tabs-panel--description panel entry-content active\" role=\"tabpanel\" aria-labelledby=\"tab-title-description\">\n<div id=\"tab-description\" class=\"woocommerce-Tabs-panel woocommerce-Tabs-panel--description panel entry-content active\" role=\"tabpanel\" aria-labelledby=\"tab-title-description\">\n<div id=\"tab-description\" class=\"woocommerce-Tabs-panel woocommerce-Tabs-panel--description panel entry-content active\" role=\"tabpanel\" aria-labelledby=\"tab-title-description\">\n<div id=\"tab-description\" class=\"woocommerce-Tabs-panel woocommerce-Tabs-panel--description panel entry-content active\" role=\"tabpanel\" aria-labelledby=\"tab-title-description\">\n<div id=\"tab-description\" class=\"woocommerce-Tabs-panel woocommerce-Tabs-panel--description panel entry-content active\" role=\"tabpanel\" aria-labelledby=\"tab-title-description\">Scutecele Bonb\u00e9b\u00e9 con\u021bin canale magice cu un strat superior moale ce ofer\u0103 o protec\u021bie mai bun\u0103 \u00eempotriva scurgerilor.<br \/>\nCanalele de absorb\u021bie ajut\u0103 la distribuirea uniform\u0103 a umidit\u0103\u021bii, astfel \u00eenc\u00e2t aceasta s\u0103 fie absorbita mai repede \u0219i s\u0103 protejeze p\u00e2n\u0103 la 12 ore.<br \/>\nStratul superior este un strat suplimentar care \u00eempiedic\u0103 umiditatea s\u0103 revin\u0103 \u00een piele. \u00cen plus, acest strat este foarte moale \u0219i sub\u021bire pentru un plus de confort \u0219i libertate de mi\u0219care.<br \/>\nP\u00e2n\u0103 la 12 ore de protec\u021bie zi \u0219i noapte<br \/>\nScutecele au un indicator de umezeala, care devine albastru si iti arata cand bebe trebuie schimbat.<br \/>\nFixarea elastica in jurul taliei si a picioruselor se adapteaza la formele si miscarile copilului pentru o ajustare perfecta in orice pozitie.<\/div>\n<\/div>\n<\/div>\n<\/div>\n<\/div>","protected":false},"excerpt":{"rendered":"<p>Scutecele Bonb\u00e9b\u00e9 con\u021bin canale magice cu un strat superior moale ce ofer\u0103 o protec\u021bie mai bun\u0103 \u00eempotriva scurgerilor. Canalele de absorb\u021bie ajut\u0103 la distribuirea uniform\u0103 a umidit\u0103\u021bii, astfel \u00eenc\u00e2t aceasta s\u0103 fie absorbita mai repede \u0219i s\u0103 protejeze p\u00e2n\u0103 la 12 ore. Stratul superior este un strat suplimentar care \u00eempiedic\u0103 umiditatea s\u0103 revin\u0103 \u00een piele. [&#8230;]\n","protected":false},"featured_media":99107,"comment_status":"open","ping_status":"closed","template":"","meta":{"_acf_changed":false,"_seopress_robots_primary_cat":"1938","_seopress_titles_title":"","_seopress_titles_desc":"Noile scutecele Pampers au un extra strat absorbant pentru nopti uscate, care ajuta la absorbtia rapida a lichidului.","_seopress_robots_index":""},"product_brand":[7974],"product_cat":[1520,1938],"giftcard-category":[],"class_list":{"0":"post-99106","1":"product","2":"type-product","3":"status-publish","4":"has-post-thumbnail","6":"product_brand-bon-bebe","7":"product_cat-mama-copilul","8":"product_cat-scutece-servetele-umede","10":"first","11":"outofstock","12":"taxable","13":"shipping-taxable","14":"purchasable","15":"product-type-simple"},"acf":[],"_links":{"self":[{"href":"https:\/\/totalblue.ro\/en\/wp-json\/wp\/v2\/product\/99106","targetHints":{"allow":["GET"]}}],"collection":[{"href":"https:\/\/totalblue.ro\/en\/wp-json\/wp\/v2\/product"}],"about":[{"href":"https:\/\/totalblue.ro\/en\/wp-json\/wp\/v2\/types\/product"}],"replies":[{"embeddable":true,"href":"https:\/\/totalblue.ro\/en\/wp-json\/wp\/v2\/comments?post=99106"}],"wp:featuredmedia":[{"embeddable":true,"href":"https:\/\/totalblue.ro\/en\/wp-json\/wp\/v2\/media\/99107"}],"wp:attachment":[{"href":"https:\/\/totalblue.ro\/en\/wp-json\/wp\/v2\/media?parent=99106"}],"wp:term":[{"taxonomy":"product_brand","embeddable":true,"href":"https:\/\/totalblue.ro\/en\/wp-json\/wp\/v2\/product_brand?post=99106"},{"taxonomy":"product_cat","embeddable":true,"href":"https:\/\/totalblue.ro\/en\/wp-json\/wp\/v2\/product_cat?post=99106"},{"taxonomy":"giftcard-category","embeddable":true,"href":"https:\/\/totalblue.ro\/en\/wp-json\/wp\/v2\/giftcard-category?post=99106"}],"curies":[{"name":"wp","href":"https:\/\/api.w.org\/{rel}","templated":true}]}}