{"id":1554,"date":"2019-01-30T06:46:01","date_gmt":"2019-01-30T06:46:01","guid":{"rendered":"https:\/\/racekids.ro\/?page_id=1554"},"modified":"2025-11-18T09:37:09","modified_gmt":"2025-11-18T07:37:09","slug":"livrare","status":"publish","type":"page","link":"https:\/\/totalblue.ro\/fr\/livrare\/","title":{"rendered":"Livraison"},"content":{"rendered":"<h4><strong>Cum comand?<br \/>\n<\/strong><br \/>\nAdaugati produsele in cos.<br \/>\nContinuati cu checkout<br \/>\nCompletati detaliile de facturare si livrare. ATENTIE! Nu uitati sa completati codul postal pentru calcularea corecta a costului de transport.<br \/>\nSelectati metoda de plata:<br \/>\nPentru plata cu cardul primiti o reducere de -5% din valoarea cosului de cumparaturi.<br \/>\nPentru plata ramburs se aplica o taxa de procesare plata la livrare de 6,05 lei.<br \/>\nPentru transfer bancar direct, utilizati ID-ul comenzii ca referinta de plata. Comanda dvs. nu va fi expediata pana cand plata nu va fi efectuata in contul nostru.<br \/>\nAcceptati termenii si conditiile pentru finalizarea comenzii.<br \/>\nPlasati comanda.<br \/>\nPentru a plati cu cardul, veti fi redirectionat catre pagina procesatorului nostru de plati: MobilPay.<\/h4>\n<p><strong>Livraison<\/strong><\/p>\n<p>Costurile de livrare vor fi afisate in cos. In functie de greutatea coletului sau de zona de livrare, se pot adauga costuril de livrare suplimentare, insa Clientul\/Cumparatorul va fi instiintat telefonic, dupa ce si-a dat acordul cu privire la livrarea comenzii.<\/p>\n<p>COSTURI SUPLIMENTARE. Mentionam ca pentru livrarea comenzilor a caror volum\/greutate necesita paletizare se vor percepe costuri suplimentare de livrare. In plus, pentru zonele de livrare cu kilometri exteriori (pentru firmele de curierat cu care lucram), se vor percepe taxe suplimentare. In ambele cazuri, clientul va fi anuntat telefonic pentru a fi de acord cu taxa suplimentara si livrarea comenzii.<br \/>\n<strong>ATTENTION !<\/strong> Comenzile ce depasesc 20kg vor fi livrate doar dupa confirmarea platii!<\/p>\n<p><strong>Cum sa beneficiezi de livrare gratuita?<\/strong><\/p>\n<p>\u2192 COMENZI CU PRODUSE NECONGELATE &#8211; oferim livrare gratuita in urmatoarele conditii:<br \/>\n&#8211; pentru comenzi de minim 149 lei Bucuresti (toate sectoarele) si localitatile invecinate: Chiajna, Rosu, Dudu, Bragadiru, Dragomiresti, Ciorogarla si Domnesti.<br \/>\n&#8211; in tara, pentru comenzi de minim 299 lei.<\/p>\n<p>\u2192 COMENZI CU PRODUSE CONGELATE \/ PRODUSE MIXTE &#8211; oferim livrare gratuita in urmatoarele conditii:<br \/>\n&#8211; Livrare gratuita pentru comenzi de minim 149 lei pentru urmatoarele zone de livrare: Bucuresti (toate sectoarele) si localitatile invecinate: Chiajna, Rosu, Dudu, Bragadiru, Dragomiresti, Ciorogarla si Domnesti.<br \/>\n&#8211; Livrare gratuita pentru comenzi de minim 299 lei in toata tara (cu achizitionarea unei cutii speciale de transport produse congelate in valoare de 48,40 lei)<br \/>\n&#8211; Livrare gratuita pentru comenzi de minim 999 lei in toata tara indiferent de natura produselor (congelate si\/sau necongelate). Taxa speciala de transport de 48,40 lei nu se mai aplica.<\/p>\n<p><strong>Atentie! Pentru comenzile care contin produse congelate se percepe o taxa de ambalare de 15,25 lei, daca nu este selectata cutia speciala.<\/strong><\/p>\n<p><strong>!!! Cutia speciala pentru produse congelate contine gheata carbonica (-80\u00b0) !!!<\/strong><br \/>\n<strong>Nu este recomandata atingerea cuburilor de gheata!<\/strong><br \/>\n<strong>A nu se turna apa peste gheata carbonica!<\/strong><br \/>\n<strong>Atentie: Inhalarea vaporilor de la gheata carbonica poate produce dureri de cap si alte simptome neplacute!<\/strong><\/p>\n<p><a href=\"https:\/\/totalblue.ro\/wp-content\/uploads\/2025\/11\/Untitled-design1.jpg\"><img loading=\"lazy\" decoding=\"async\" class=\"alignnone size-medium wp-image-254259\" src=\"https:\/\/totalblue.ro\/wp-content\/uploads\/2025\/11\/Untitled-design1-515x400.jpg\" alt=\"\" width=\"515\" height=\"400\" srcset=\"https:\/\/totalblue.ro\/wp-content\/uploads\/2025\/11\/Untitled-design1-515x400.jpg 515w, https:\/\/totalblue.ro\/wp-content\/uploads\/2025\/11\/Untitled-design1-60x47.jpg 60w, https:\/\/totalblue.ro\/wp-content\/uploads\/2025\/11\/Untitled-design1-15x12.jpg 15w, https:\/\/totalblue.ro\/wp-content\/uploads\/2025\/11\/Untitled-design1-510x396.jpg 510w, https:\/\/totalblue.ro\/wp-content\/uploads\/2025\/11\/Untitled-design1-96x75.jpg 96w, https:\/\/totalblue.ro\/wp-content\/uploads\/2025\/11\/Untitled-design1-42x33.jpg 42w, https:\/\/totalblue.ro\/wp-content\/uploads\/2025\/11\/Untitled-design1.jpg 768w\" sizes=\"auto, (max-width: 515px) 100vw, 515px\" \/><\/a><\/p>\n<p><strong>Atentie! Voucherul primit pe email este valabil 30 de zile!<\/strong><\/p>\n<p>&nbsp;<\/p>\n<p><strong>\u2192 COMENZI CU RIDICARE DIN MAGAZIN &#8211; Bd. Uverturii 69A Sector 6 Bucuresti<\/strong><br \/>\n<strong>\u2192 Livram produsele noastre si in urmatoarele tari : Bulgaria, Ungaria si Grecia.<br \/>\n<\/strong><\/p>\n<p><strong>Ridicare personala \/ Livrare prin curier<br \/>\n<\/strong><\/p>\n<p>NOTE !!!!! En raison de leur poids et de leur volume, les produits suivants sont livr\u00e9s UNIQUEMENT \u00e0 Bucarest et dans les villes voisines : Chiajna, Ro\u0219u, Dudu, Bragadiru, Dragomire\u0219ti, Ciorog\u00e2rla et Domne\u0219ti :<br \/>\n\u2013 apa minerala \/ apa plata ambalata la pet de 0,75l \/ 1,5l \/ 2l \/ 5l.<br \/>\n\u2013 sucuri carbogazoase ambalate la pet 1,5l \/ 2l \/ 2,5l.<br \/>\n&#8211; marci de bere romanesti<br \/>\n&#8211; ulei, muraturi si alte produse ce depasesc 1litru.<\/p>\n<div align=\"justify\">\n<p>Cu serviciul Click &amp; Collect TotalBlue iti po\u021bi rezerva online produsele, iar in intervalul orar 08:00-21:00 le poti ridica din locatia situata in Bucuresti, Sector 6, Bulevardul Uverturii 69 A<br \/>\nApr\u00e8s avoir pass\u00e9 et enregistr\u00e9 votre commande, vous serez inform\u00e9 (par t\u00e9l\u00e9phone, e-mail ou SMS) de l'heure \u00e0 laquelle vous pourrez venir r\u00e9cup\u00e9rer votre commande.<br \/>\nNu se percep taxe suplimentare pentru Click &amp; Collect TotalBlue<br \/>\nVous payez les articles achet\u00e9s soit en ligne au moment de la commande, soit en esp\u00e8ces ou par carte directement en magasin au moment de la collecte.<\/p>\n<p><strong>Timpul de livrare<\/strong><br \/>\nComenzile plasate de luni p\u00e2n\u0103 vineri (excluz\u00e2nd s\u0103rb\u0103torile legale) \u00eenainte de ora 15:00 vor pleca de la noi \u00een aceea\u0219i zi, iar cele plasate dup\u0103 ora 15:00 vor fi predate curierului \u00een urm\u0103toarea zi lucr\u0103toare.<br \/>\nNOT\u0102: Comenzile care con\u021bin produse care necesit\u0103 temperatura controlata (produse congelate, br\u00e2nzeturi, lactate etc.) plasate \u00een zilele de vineri, s\u00e2mb\u0103t\u0103 \u0219i duminic\u0103 sau de s\u0103rb\u0103torile legale vor fi procesate \u0219i predate curierului \u00een prima zi lucr\u0103toare \u00eentre luni \u0219i joi.<br \/>\nIn Bucuresti si zonele invecinate, livrarea se poate face in aceeasi zi sau a doua zi dupa confirmarea comenzii telefonic, cu exceptia sarbatorilor legale. Pentru restul tarii, timpul de livrare este de 2 pana la 4 zile lucratoare.<br \/>\n<strong>Atentie!!! <\/strong>Totalblue.ro nu poate fi responsabil pentru prejudicii cauzate de intarzieri in livrarea comenzilor din cauza unor factori externi: conditii meteo deosebite, accidente rutiere, greve, calamitati, manifestari de strada sau alte situatii speciale ce ar putea impiedica curierul rapid sa livreze la timp, fapt pentru care Totalblue.ro nu va plati despagubiri pentru prejudiciile create de nelivrarea la timp a produselor.<\/p>\n<p>ATEN\u021aIE: Pentru livr\u0103ri \u00een Bulgaria, Ungaria, Grecia: Comenzile de produse cu temperatur\u0103 controlat\u0103 (produse congelate, br\u00e2nzeturi, lactate etc.) plasate joi, vineri, s\u00e2mb\u0103t\u0103 \u0219i duminic\u0103 sau de s\u0103rb\u0103torile legale vor fi procesate \u00een prima zi lucr\u0103toare \u00eentre luni \u0219i miercuri \u0219i predate curierului.<\/p>\n<p><strong>Statusul comenzii<\/strong><\/p>\n<p>Dup\u0103 \u00eenregistrarea unei comenzi, po\u021bi monitoriza starea acesteia \u00een timp real din contul t\u0103u de client, \u00een sec\u021biunea Comenzile mele.<\/p>\n<p>Orice comanda plasata prin intermediul site-ului www.totalblue.ro are valoare contractuala insotita de confirmarea comenzii.<\/p>\n<p><strong>INFORMATII PRODUSE<\/strong><\/p>\n<p>Imaginile publicate pe site-ul www.totalblue.ro au titlu de exemplu, iar produsele livrate pot diferi uneori de imaginile prezentate in orice mod (culoare, accesorii, aspect, etc.). TOTAL BLUE IMPEX si furnizorii sai isi rezerva dreptul sa modifice specificatiile produselor fara o notificare prealabila. Pentru continutul site-ului (texte, descrieri ale produselor, imagini, simboluri) TOTAL BLUE IMPEX nu isi asuma responsabilitatea pentru descrierile produselor prezentate in site, acestea fiind identice cu cele puse la dispozitia noastra de catre reprezentantii fiecarei marci.<\/p>\n<p>Les produits pr\u00e9sents sur le site www.totalblue.ro sont commercialis\u00e9s dans l'emballage d'origine du fabricant. Les images des produits commercialis\u00e9s par TOTAL BLUE IMPEX sont uniquement destin\u00e9es \u00e0 la pr\u00e9sentation. Il est possible que des erreurs apparaissent dans les descriptions des produits, ind\u00e9pendamment de notre volont\u00e9, mais nous nous effor\u00e7ons de corriger ces donn\u00e9es en permanence. Ind\u00e9pendamment de notre contr\u00f4le, les produits livr\u00e9s peuvent pr\u00e9senter des \u00e9carts mineurs par rapport aux photos et descriptions pr\u00e9sent\u00e9es. Les fabricants peuvent apporter des modifications sans que nous en soyons inform\u00e9s au pr\u00e9alable.<\/p>\n<p>Veuillez noter que, selon l'\u00e9talonnage de votre moniteur, les couleurs affich\u00e9es peuvent diff\u00e9rer des couleurs r\u00e9elles.<\/p>\n<\/div>","protected":false},"excerpt":{"rendered":"<p>Cum comand? Adaugati produsele in cos. Continuati cu checkout Completati detaliile de facturare si livrare. ATENTIE! Nu uitati sa completati codul postal pentru calcularea corecta a costului de transport. Selectati metoda de plata: Pentru plata cu cardul primiti o reducere de -5% din valoarea cosului de cumparaturi. Pentru plata ramburs se aplica o taxa de [&#8230;]\n","protected":false},"author":1,"featured_media":0,"parent":0,"menu_order":0,"comment_status":"closed","ping_status":"closed","template":"","meta":{"_acf_changed":false,"_seopress_robots_primary_cat":"","_seopress_titles_title":"","_seopress_titles_desc":"","_seopress_robots_index":"","footnotes":""},"class_list":["post-1554","page","type-page","status-publish"],"acf":[],"_links":{"self":[{"href":"https:\/\/totalblue.ro\/fr\/wp-json\/wp\/v2\/pages\/1554","targetHints":{"allow":["GET"]}}],"collection":[{"href":"https:\/\/totalblue.ro\/fr\/wp-json\/wp\/v2\/pages"}],"about":[{"href":"https:\/\/totalblue.ro\/fr\/wp-json\/wp\/v2\/types\/page"}],"author":[{"embeddable":true,"href":"https:\/\/totalblue.ro\/fr\/wp-json\/wp\/v2\/users\/1"}],"replies":[{"embeddable":true,"href":"https:\/\/totalblue.ro\/fr\/wp-json\/wp\/v2\/comments?post=1554"}],"version-history":[{"count":47,"href":"https:\/\/totalblue.ro\/fr\/wp-json\/wp\/v2\/pages\/1554\/revisions"}],"predecessor-version":[{"id":254261,"href":"https:\/\/totalblue.ro\/fr\/wp-json\/wp\/v2\/pages\/1554\/revisions\/254261"}],"wp:attachment":[{"href":"https:\/\/totalblue.ro\/fr\/wp-json\/wp\/v2\/media?parent=1554"}],"curies":[{"name":"wp","href":"https:\/\/api.w.org\/{rel}","templated":true}]}}