{"id":1558,"date":"2019-01-30T06:46:18","date_gmt":"2019-01-30T06:46:18","guid":{"rendered":"https:\/\/racekids.ro\/?page_id=1558"},"modified":"2025-11-17T12:43:21","modified_gmt":"2025-11-17T10:43:21","slug":"contact","status":"publish","type":"page","link":"https:\/\/totalblue.ro\/fr\/contact\/","title":{"rendered":"Contact"},"content":{"rendered":"<section class=\"section\" id=\"section_1779573472\">\n\t\t<div class=\"section-bg fill\" >\n\t\t\t\t\t\t\t\t\t<div class=\"section-bg-overlay absolute fill\"><\/div>\n\t\t\t\n\n\t\t<\/div>\n\n\t\t\n\n\t\t<div class=\"section-content relative\">\n\t\t\t\n\t<div id=\"text-4204757179\" class=\"text\">\n\t\t\n<h1>Nous sommes l\u00e0 pour vous aider<\/h1>\n<h3>Contactez nos consultants en commerce \u00e9lectronique par e-mail, chat ou t\u00e9l\u00e9phone<\/h3>\n\t\t\n<style>\n#text-4204757179 {\n  text-align: center;\n}\n<\/style>\n\t<\/div>\n\t\n\t<div id=\"text-3014429641\" class=\"text\">\n\t\t\n\t\t\n<style>\n#text-3014429641 {\n  text-align: center;\n}\n<\/style>\n\t<\/div>\n\t\n<div class=\"row\"  id=\"row-487679145\">\n\n\t<div id=\"col-1464926851\" class=\"col medium-4 small-12 large-4\"  >\n\t\t\t\t<div class=\"col-inner\"  >\n\t\t\t\n\t\t\t\n<h3>Consultants en commerce \u00e9lectronique<br \/>\nRoumain \/ Anglais<\/h3>\n<p>Nos consultants sont joignables par t\u00e9l\u00e9phone au<strong> Du lundi au vendredi<\/strong>entre <strong>9:00 et 17:00<\/strong><\/p>\n<p><strong>\ud83d\udcde 0728 305 612<br \/>\n<\/strong><\/p>\n<p style=\"text-align: left;\"><strong>\ud83d\udcde 0728 305 612 ( WhatsApp)<\/strong><\/p>\n<p>&nbsp;<\/p>\n\t<div class=\"img has-hover x md-x lg-x y md-y lg-y\" id=\"image_1101343860\">\n\t\t\t\t\t\t\t\t<div class=\"img-inner dark\" >\n\t\t\t<img loading=\"lazy\" decoding=\"async\" width=\"1020\" height=\"335\" src=\"https:\/\/totalblue.ro\/wp-content\/uploads\/2021\/04\/contactblue-1400x460.jpg\" class=\"attachment-large size-large\" alt=\"\" srcset=\"https:\/\/totalblue.ro\/wp-content\/uploads\/2021\/04\/contactblue-1400x460.jpg 1400w, https:\/\/totalblue.ro\/wp-content\/uploads\/2021\/04\/contactblue-scaled-510x168.jpg 510w, https:\/\/totalblue.ro\/wp-content\/uploads\/2021\/04\/contactblue-800x263.jpg 800w, https:\/\/totalblue.ro\/wp-content\/uploads\/2021\/04\/contactblue-768x252.jpg 768w, https:\/\/totalblue.ro\/wp-content\/uploads\/2021\/04\/contactblue-1536x505.jpg 1536w, https:\/\/totalblue.ro\/wp-content\/uploads\/2021\/04\/contactblue-2048x673.jpg 2048w, https:\/\/totalblue.ro\/wp-content\/uploads\/2021\/04\/contactblue-600x197.jpg 600w, https:\/\/totalblue.ro\/wp-content\/uploads\/2021\/04\/contactblue-100x33.jpg 100w\" sizes=\"auto, (max-width: 1020px) 100vw, 1020px\" \/>\t\t\t\t\t\t\n\t\t\t\t\t<\/div>\n\t\t\t\t\t\t\t\t\n<style>\n#image_1101343860 {\n  width: 100%;\n}\n<\/style>\n\t<\/div>\n\t\n\t\t<\/div>\n\t\t\t\t\t<\/div>\n\n\t\n\n\t<div id=\"col-2089837845\" class=\"col medium-4 small-12 large-4\"  >\n\t\t\t\t<div class=\"col-inner\"  >\n\t\t\t\n\t\t\t\n\n<div class=\"wpcf7 no-js\" id=\"wpcf7-f22-o1\" lang=\"ro-RO\" dir=\"ltr\" data-wpcf7-id=\"22\">\n<div class=\"screen-reader-response\"><p role=\"status\" aria-live=\"polite\" aria-atomic=\"true\"><\/p> <ul><\/ul><\/div>\n<form action=\"\/fr\/wp-json\/wp\/v2\/pages\/1558#wpcf7-f22-o1\" method=\"post\" class=\"wpcf7-form init\" aria-label=\"Formular de contact\" novalidate=\"novalidate\" data-status=\"init\" data-trp-original-action=\"\/fr\/wp-json\/wp\/v2\/pages\/1558#wpcf7-f22-o1\">\n<fieldset class=\"hidden-fields-container\"><input type=\"hidden\" name=\"_wpcf7\" value=\"22\" \/><input type=\"hidden\" name=\"_wpcf7_version\" value=\"6.1.5\" \/><input type=\"hidden\" name=\"_wpcf7_locale\" value=\"ro_RO\" \/><input type=\"hidden\" name=\"_wpcf7_unit_tag\" value=\"wpcf7-f22-o1\" \/><input type=\"hidden\" name=\"_wpcf7_container_post\" value=\"0\" \/><input type=\"hidden\" name=\"_wpcf7_posted_data_hash\" value=\"\" \/>\n<\/fieldset>\n<p><label> Nom de famille Pr\u00e9nom (*)<br \/>\n<span class=\"wpcf7-form-control-wrap\" data-name=\"your-name\"><input size=\"40\" maxlength=\"400\" class=\"wpcf7-form-control wpcf7-text wpcf7-validates-as-required\" aria-required=\"true\" aria-invalid=\"false\" value=\"\" type=\"text\" name=\"your-name\" \/><\/span> <\/label>\n<\/p>\n<p><label> Adresse \u00e9lectronique (*)<br \/>\n<span class=\"wpcf7-form-control-wrap\" data-name=\"your-email\"><input size=\"40\" maxlength=\"400\" class=\"wpcf7-form-control wpcf7-email wpcf7-validates-as-required wpcf7-text wpcf7-validates-as-email\" aria-required=\"true\" aria-invalid=\"false\" value=\"\" type=\"email\" name=\"your-email\" \/><\/span> <\/label>\n<\/p>\n<p><label> Sujet<br \/>\n<span class=\"wpcf7-form-control-wrap\" data-name=\"your-subject\"><input size=\"40\" maxlength=\"400\" class=\"wpcf7-form-control wpcf7-text\" aria-invalid=\"false\" value=\"\" type=\"text\" name=\"your-subject\" \/><\/span> <\/label>\n<\/p>\n<p><label> Message<br \/>\n<span class=\"wpcf7-form-control-wrap\" data-name=\"your-message\"><textarea cols=\"40\" rows=\"10\" maxlength=\"2000\" class=\"wpcf7-form-control wpcf7-textarea\" aria-invalid=\"false\" name=\"your-message\"><\/textarea><\/span> <\/label>\n<\/p>\n<p><input class=\"wpcf7-form-control wpcf7-submit has-spinner\" type=\"submit\" value=\"Envoyer\" \/>\n<\/p><input type='hidden' class='wpcf7-pum' value='{\"closepopup\":false,\"closedelay\":0,\"openpopup\":false,\"openpopup_id\":0}' \/><div class=\"wpcf7-response-output\" aria-hidden=\"true\"><\/div>\n<input type=\"hidden\" name=\"trp-form-language\" value=\"fr\"\/><\/form>\n<\/div>\n\n\t\t<\/div>\n\t\t\t\t\t<\/div>\n\n\t\n\n\t<div id=\"col-1381104142\" class=\"col medium-4 small-12 large-4\"  >\n\t\t\t\t<div class=\"col-inner\"  >\n\t\t\t\n\t\t\t\n<p><strong>PROGRAMME DE MAGASINS :<\/strong><\/p>\n<p>Lundi-vendredi : 8:00 - 22:00<br \/>\nSambata: 08:30 &#8211; 19:00<br \/>\nDuminica: Inchis<br \/>\nBd. Uverturii Nr.69A<br \/>\nSecteur 6 Bucuresti ( Blue69Cafe)<\/p>\n<p><strong>EMAIL :<br \/>\n<\/strong>comenzi@totalblue.ro<\/p>\n<p><strong>SC TOTAL BLUE IMPEX SRL<\/strong><br \/>\nCUI : RO1806565665 , J200501777776403<br \/>\nCapital social 75 000 lei<br \/>\nBd. Uverturii Nr.69A Sector 6 Sector 6 Bucuresti Bucuresti<br \/>\nBanque de Transylvanie<br \/>\nRO45 BTRL RONC RT06 6827 8601<\/p>\n\t\t<\/div>\n\t\t\t\t\t<\/div>\n\n\t\n<\/div>\n\t<div id=\"text-479457810\" class=\"text\">\n\t\t\n\t\t\n<style>\n#text-479457810 {\n  text-align: center;\n}\n<\/style>\n\t<\/div>\n\t\n\t\t<\/div>\n\n\t\t\n<style>\n#section_1779573472 {\n  padding-top: 0px;\n  padding-bottom: 0px;\n  background-color: rgb(247, 247, 247);\n}\n#section_1779573472 .section-bg-overlay {\n  background-color: rgba(255, 255, 255, 0.85);\n}\n<\/style>\n\t<\/section>\n\t\n<p>&nbsp;<\/p>\n<p style=\"text-align: left;\">Conform\u00e9ment \u00e0 l'arr\u00eat\u00e9 de l'ANPC relatif \u00e0 l'information des consommateurs par les op\u00e9rateurs \u00e9conomiques op\u00e9rant en ligne, nous ajoutons les informations suivantes sur notre entreprise :<\/p>\n<p style=\"text-align: left;\">Nom de l'entreprise : Total Blue Impex SRL<\/p>\n<p style=\"text-align: left;\">Code TVA : FR 18065665<\/p>\n<p style=\"text-align: left;\">J2005017776403<\/p>\n<p style=\"text-align: left;\">Bucarest, secteur 6, rue Uverturii 69A<\/p>\n<p style=\"text-align: left;\">Adresse du point de travail : Bucarest, Secteur 6, 69A Uverturii Street<\/p>\n<p style=\"text-align: left;\">Adresse de l'entrep\u00f4t : Bucarest, Sector 6, Uverturii Street 69A<\/p>\n<p style=\"text-align: left;\">Permis d'exploitation n\u00b0 6764 du 14.09.2023 d\u00e9livr\u00e9 par le bureau du maire du secteur 6<\/p>\n<p style=\"text-align: left;\">2012\/20974 du 24.10.2023 Certification de conformit\u00e9 aux normes d'hygi\u00e8ne et de sant\u00e9 publique d\u00e9livr\u00e9e par le Minist\u00e8re de la sant\u00e9, D\u00e9partement de la sant\u00e9 publique de Bucarest.<\/p>\n<p style=\"text-align: left;\">VA 2245 du 05.10.2016 Document d'enregistrement sanitaire v\u00e9t\u00e9rinaire et de s\u00e9curit\u00e9 alimentaire pour les activit\u00e9s de vente au d\u00e9tail d\u00e9livr\u00e9 par l'Autorit\u00e9 nationale v\u00e9t\u00e9rinaire et de s\u00e9curit\u00e9 alimentaire, Direction de la s\u00e9curit\u00e9 v\u00e9t\u00e9rinaire et alimentaire de Bucarest, Bucarest.<\/p>\n<p style=\"text-align: left;\">7HRXXFB45BK \u00e0 partir du 20.03.2024 Certificat de constatation des codes CAEN, y compris le code CAEN 4791 Commerce de d\u00e9tail par Internet ou via Internet d\u00e9livr\u00e9 par l'Office national du registre du commerce du Tribunal de Bucarest<\/p>\n<p style=\"text-align: left;\">Codes NACE :<\/p>\n<p style=\"text-align: left;\">4711- Commerce de d\u00e9tail en magasin non sp\u00e9cialis\u00e9 \u00e0 pr\u00e9dominance alimentaire, de boissons et de tabac<\/p>\n<p style=\"text-align: left;\">4719 - Commerce de d\u00e9tail en magasin non sp\u00e9cialis\u00e9 \u00e0 pr\u00e9dominance non alimentaire<\/p>\n<p style=\"text-align: left;\">4729 - Commerce de d\u00e9tail d'autres produits alimentaires en magasin sp\u00e9cialis\u00e9<\/p>\n<p style=\"text-align: left;\">4791 - Commerce de d\u00e9tail par correspondance ou par Internet<\/p>\n<p style=\"text-align: left;\">5210 - Entrep\u00f4ts<\/p>\n<p style=\"text-align: left;\">5224 - Manipulateurs<\/p>\n<p style=\"text-align: left;\">5629 - Autres services de restauration n.c.a.<\/p>\n<p style=\"text-align: left;\">5630 - Bars et autres d\u00e9bits de boissons<\/p>\n<p style=\"text-align: left;\">6311 - Traitement de donn\u00e9es, gestion de pages web et activit\u00e9s connexes<\/p>\n<p style=\"text-align: left;\">6312 - Activit\u00e9s du portail web<\/p>\n<p style=\"text-align: left;\">8292 - Activit\u00e9s d'emballage<\/p>\n<h3 style=\"text-align: center;\"><strong><span data-text-color=\"alert\">Nouveau ! Click &amp; Collect TotalBlue !<\/span><\/strong><\/h3>\n<div dir=\"auto\" style=\"text-align: center;\">Commandez vos produits pr\u00e9f\u00e9r\u00e9s et venez chercher votre commande quand vous avez le temps !<\/div>\n<div dir=\"auto\" style=\"text-align: center;\">Avec le service TotalBlue Click &amp; Collect, vous pouvez r\u00e9server vos produits en ligne et pendant les heures d'ouverture des magasins.<br \/>\n( Bd. Uverturii 69A, Sector 6, Bucuresti ) vous pouvez les r\u00e9cup\u00e9rer.<\/div>\n<div dir=\"auto\" style=\"text-align: center;\">Apr\u00e8s avoir pass\u00e9 et enregistr\u00e9 votre commande, vous serez inform\u00e9 (par t\u00e9l\u00e9phone, e-mail ou SMS) de l'heure \u00e0 laquelle vous pourrez venir r\u00e9cup\u00e9rer votre commande.<\/div>\n<div dir=\"auto\" style=\"text-align: center;\">Il n'y a pas de frais suppl\u00e9mentaires pour Click &amp; Collect TotalBlue.<\/div>\n<div dir=\"auto\" style=\"text-align: center;\"><strong>Vous payez les articles achet\u00e9s soit en ligne au moment de la commande, soit en esp\u00e8ces ou par carte directement en magasin au moment de la collecte.<\/strong><\/div>\n<div dir=\"auto\" style=\"text-align: center;\"><\/div>","protected":false},"excerpt":{"rendered":"<p>&nbsp; Conform Ordinulului ANPC privind informarea consumatorilor de catre operatorii economici care desfasoara activitate in mediul online, adaugam urmatoarele informatii referitoare la societatea noastra: Denumire societate : Total Blue Impex SRL Cod TVA : RO 18065665 J2005017776403 Adresa sediu social: Bucuresti, Sector 6, Strada Uverturii 69A Adresa punct de lucru: Bucuresti, Sector 6, Strada Uverturii [&#8230;]\n","protected":false},"author":1,"featured_media":0,"parent":0,"menu_order":0,"comment_status":"closed","ping_status":"closed","template":"","meta":{"_acf_changed":false,"_seopress_robots_primary_cat":"","_seopress_titles_title":"","_seopress_titles_desc":"","_seopress_robots_index":"","footnotes":""},"class_list":["post-1558","page","type-page","status-publish"],"acf":[],"_links":{"self":[{"href":"https:\/\/totalblue.ro\/fr\/wp-json\/wp\/v2\/pages\/1558","targetHints":{"allow":["GET"]}}],"collection":[{"href":"https:\/\/totalblue.ro\/fr\/wp-json\/wp\/v2\/pages"}],"about":[{"href":"https:\/\/totalblue.ro\/fr\/wp-json\/wp\/v2\/types\/page"}],"author":[{"embeddable":true,"href":"https:\/\/totalblue.ro\/fr\/wp-json\/wp\/v2\/users\/1"}],"replies":[{"embeddable":true,"href":"https:\/\/totalblue.ro\/fr\/wp-json\/wp\/v2\/comments?post=1558"}],"version-history":[{"count":48,"href":"https:\/\/totalblue.ro\/fr\/wp-json\/wp\/v2\/pages\/1558\/revisions"}],"predecessor-version":[{"id":254224,"href":"https:\/\/totalblue.ro\/fr\/wp-json\/wp\/v2\/pages\/1558\/revisions\/254224"}],"wp:attachment":[{"href":"https:\/\/totalblue.ro\/fr\/wp-json\/wp\/v2\/media?parent=1558"}],"curies":[{"name":"wp","href":"https:\/\/api.w.org\/{rel}","templated":true}]}}