{"id":2993,"date":"2019-03-06T12:56:10","date_gmt":"2019-03-06T12:56:10","guid":{"rendered":"https:\/\/racekids.ro\/?page_id=2993"},"modified":"2022-10-14T13:47:51","modified_gmt":"2022-10-14T10:47:51","slug":"program-fidelizare-si-puncte-bonus","status":"publish","type":"page","link":"https:\/\/totalblue.ro\/fr\/program-fidelizare-si-puncte-bonus\/","title":{"rendered":"Programme de fid\u00e9lit\u00e9 et points bonus"},"content":{"rendered":"<p>Ne bucuram ca sunteti alaturi de noi si v-am pregatit 2 modalitati de fidelizare :<\/p>\n<p><strong>1.PUNCTE BONUS<\/strong><\/p>\n<p><a href=\"https:\/\/totalblue.ro\/wp-content\/uploads\/2020\/08\/bonusshoptrg.jpg\"><img loading=\"lazy\" decoding=\"async\" class=\"size-full wp-image-23947 aligncenter\" src=\"https:\/\/totalblue.ro\/wp-content\/uploads\/2020\/08\/bonusshoptrg.jpg\" alt=\"\" width=\"839\" height=\"193\" srcset=\"https:\/\/totalblue.ro\/wp-content\/uploads\/2020\/08\/bonusshoptrg.jpg 839w, https:\/\/totalblue.ro\/wp-content\/uploads\/2020\/08\/bonusshoptrg-510x117.jpg 510w\" sizes=\"auto, (max-width: 839px) 100vw, 839px\" \/><\/a><\/p>\n\n\t<section class=\"section\" id=\"section_641127764\">\n\t\t<div class=\"section-bg fill\" >\n\t\t\t\t\t\t\t\t\t\n\t\t\t\n\n\t\t<\/div>\n\n\t\t\n\n\t\t<div class=\"section-content relative\">\n\t\t\t\n<div class=\"row\"  id=\"row-1267069412\">\n\n\t<div id=\"col-1241685101\" class=\"col medium-4 small-12 large-4\"  >\n\t\t\t\t<div class=\"col-inner\"  >\n\t\t\t\n\t\t\t\n<p style=\"color: #07b7cf\" align=\"center\">Adun\u0103 puncte la fiecare comand\u0103<\/p>\n<p align=\"center\">Creeaza-ti cont si bucura-te de beneficiile special pregatite pentru tine!<\/p>\n\t\t<\/div>\n\t\t\t\t\t<\/div>\n\n\t\n\n\t<div id=\"col-1632010630\" class=\"col medium-4 small-12 large-4\"  >\n\t\t\t\t<div class=\"col-inner\"  >\n\t\t\t\n\t\t\t\n<p style=\"color: #78c68c\" align=\"center\">C\u00e2\u0219tig\u0103 puncte bonus<\/p>\n<p align=\"center\">Calcul simplu 2,00 LEI = 1 punct bonus.<br \/>\nPunctele sunt creditate dup\u0103 plata comenzii.<\/p>\n\t\t<\/div>\n\t\t\t\t\t<\/div>\n\n\t\n\n\t<div id=\"col-899379642\" class=\"col medium-4 small-12 large-4\"  >\n\t\t\t\t<div class=\"col-inner\"  >\n\t\t\t\n\t\t\t\n<p style=\"color: #ff9999\" align=\"center\">Folose\u0219te punctele<\/p>\n<p align=\"center\">Alege cadoul dorit si adauga-l in cos.<\/p>\n\t\t<\/div>\n\t\t\t\t\t<\/div>\n\n\t\n<\/div>\n\t\t<\/div>\n\n\t\t\n<style>\n#section_641127764 {\n  padding-top: 30px;\n  padding-bottom: 30px;\n}\n<\/style>\n\t<\/section>\n\t\n<div align=\"justify\">\n<p>Sumar al regulilor pentru acumularea punctelor:<\/p>\n<p>Pentru fiecare 2,00 LEI din totalul comenzii, ve\u0163i primi un punct.<\/p>\n<p>Dac\u0103 totalul punctelor nu este un num\u0103r rotund, acesta va fi rotunjit \u00een sus \u00eencep\u00e2nd de la 0,50 LEI. De exemplu pentru o comand\u0103 de 46,50 LEI ve\u0163i primi 23 puncte; pentru o comand\u0103 de 49,00 LEI, ve\u021bi primi 25 puncte.<\/p>\n<p>Punctele v\u0103 vor fi creditate dup\u0103 ce comanda e achitat\u0103 integral, iar plata e \u00eenregistrat\u0103 \u00een sistemul nostru. Din motive tehnice, pl\u0103\u0163ile apar ca fiind \u00eenregistrate \u00een sistemul nostru la aproximativ o zi dup\u0103 ce au fost \u00eenregistrate \u00een contul dumneavoastr\u0103.<br \/>Dac\u0103 valoarea comenzii \u015fi plata scad \u00een valoare (ex: din cauza unui retur), ve\u0163i primi puncte doar pentru valoarea achitat\u0103 efectiv.<\/p>\n<p>Pentru anumite oferte speciale,Total Blue v\u0103 poate oferi puncte extra. Aceste oferte speciale sunt publicate pe website-ul nostru \u015fi v\u0103 ajut\u0103 s\u0103 c\u00e2\u015ftiga\u0163i premii mai rapid!<\/p>\n<p><strong>2. FIDELIZARE<\/p>\n<p><a href=\"https:\/\/totalblue.ro\/wp-content\/uploads\/2022\/10\/cooltext421395266547951.png\"><img loading=\"lazy\" decoding=\"async\" class=\"alignnone  wp-image-67107\" src=\"https:\/\/totalblue.ro\/wp-content\/uploads\/2022\/10\/cooltext421395266547951.png\" alt=\"\" width=\"350\" height=\"64\" srcset=\"https:\/\/totalblue.ro\/wp-content\/uploads\/2022\/10\/cooltext421395266547951.png 623w, https:\/\/totalblue.ro\/wp-content\/uploads\/2022\/10\/cooltext421395266547951-510x93.png 510w, https:\/\/totalblue.ro\/wp-content\/uploads\/2022\/10\/cooltext421395266547951-96x18.png 96w, https:\/\/totalblue.ro\/wp-content\/uploads\/2022\/10\/cooltext421395266547951-42x8.png 42w, https:\/\/totalblue.ro\/wp-content\/uploads\/2022\/10\/cooltext421395266547951-60x11.png 60w\" sizes=\"auto, (max-width: 350px) 100vw, 350px\" \/><\/a><br \/><\/strong><\/p>\n<p><strong>Acumuleaza comenzi in valoare de peste 2000 lei si vei beneficia de un discount permanent de 2% la toate comenzile viitoare.<\/strong><\/p>\n<\/div>","protected":false},"excerpt":{"rendered":"<p>Ne bucuram ca sunteti alaturi de noi si v-am pregatit 2 modalitati de fidelizare : 1.PUNCTE BONUS Sumar al regulilor pentru acumularea punctelor: Pentru fiecare 2,00 LEI din totalul comenzii, ve\u0163i primi un punct. Dac\u0103 totalul punctelor nu este un num\u0103r rotund, acesta va fi rotunjit \u00een sus \u00eencep\u00e2nd de la 0,50 LEI. De exemplu [&#8230;]\n","protected":false},"author":2,"featured_media":0,"parent":0,"menu_order":0,"comment_status":"closed","ping_status":"closed","template":"","meta":{"_acf_changed":false,"_seopress_robots_primary_cat":"","_seopress_titles_title":"","_seopress_titles_desc":"","_seopress_robots_index":"","footnotes":""},"class_list":["post-2993","page","type-page","status-publish"],"acf":[],"_links":{"self":[{"href":"https:\/\/totalblue.ro\/fr\/wp-json\/wp\/v2\/pages\/2993","targetHints":{"allow":["GET"]}}],"collection":[{"href":"https:\/\/totalblue.ro\/fr\/wp-json\/wp\/v2\/pages"}],"about":[{"href":"https:\/\/totalblue.ro\/fr\/wp-json\/wp\/v2\/types\/page"}],"author":[{"embeddable":true,"href":"https:\/\/totalblue.ro\/fr\/wp-json\/wp\/v2\/users\/2"}],"replies":[{"embeddable":true,"href":"https:\/\/totalblue.ro\/fr\/wp-json\/wp\/v2\/comments?post=2993"}],"version-history":[{"count":10,"href":"https:\/\/totalblue.ro\/fr\/wp-json\/wp\/v2\/pages\/2993\/revisions"}],"predecessor-version":[{"id":67108,"href":"https:\/\/totalblue.ro\/fr\/wp-json\/wp\/v2\/pages\/2993\/revisions\/67108"}],"wp:attachment":[{"href":"https:\/\/totalblue.ro\/fr\/wp-json\/wp\/v2\/media?parent=2993"}],"curies":[{"name":"wp","href":"https:\/\/api.w.org\/{rel}","templated":true}]}}