{"id":3024,"date":"2019-03-06T13:26:09","date_gmt":"2019-03-06T13:26:09","guid":{"rendered":"https:\/\/racekids.ro\/?page_id=3024"},"modified":"2025-02-10T09:38:27","modified_gmt":"2025-02-10T07:38:27","slug":"politica-de-utilizare-cookie-uri","status":"publish","type":"page","link":"https:\/\/totalblue.ro\/fr\/politica-de-utilizare-cookie-uri\/","title":{"rendered":"Politique en mati\u00e8re de cookies"},"content":{"rendered":"<h2 class=\"western\" style=\"text-align: left;\"><span style=\"font-family: Arial, sans-serif;\"><span style=\"font-size: medium;\">Cookie-uri<\/span><\/span><\/h2>\n<p style=\"text-align: left;\"><span style=\"font-family: Arial, sans-serif;\"><span style=\"font-size: medium;\">1. Politica de utilizare cookie-uri \u0219i tehnologii similare<\/span><\/span><\/p>\n<p style=\"text-align: left;\"><span style=\"font-family: Arial, sans-serif;\"><span style=\"font-size: medium;\">Aceast\u0103 politic\u0103 se refer\u0103 la cookie-urile \u0219i la tehnologiile similare folosite, dup\u0103 caz, \u00een website-urile \u0219i aplica\u021biile operate de SC TOTAL BLUE IMPEX S.R.L. cu sediul social \u00een Bucure\u0219ti, bd. Uverturii, nr.69A, sector 6, (denumit\u0103 \u00een continuare Totalblue.ro).<\/span><\/span><\/p>\n<p style=\"text-align: left;\"><span style=\"font-family: Arial, sans-serif;\"><span style=\"font-size: medium;\">Cookie-urile sunt folosite pentru urm\u0103toarele scopuri:<\/span><\/span><\/p>\n<ul style=\"text-align: left;\">\n<li><span style=\"font-family: Arial, sans-serif;\"><span style=\"font-size: medium;\">de func\u021bionare a site-ului, <\/span><\/span><\/li>\n<li><span style=\"font-family: Arial, sans-serif;\"><span style=\"font-size: medium;\">de analiz\u0103 a comportamentului vizitatorilor site-ului, <\/span><\/span><\/li>\n<li><span style=\"font-family: Arial, sans-serif;\"><span style=\"font-size: medium;\">pentru publicitate. <\/span><\/span><\/li>\n<\/ul>\n<p style=\"text-align: left;\"><span style=\"font-family: Arial, sans-serif;\"><span style=\"font-size: medium;\">Aceast\u0103 politic\u0103 se completeaz\u0103 cu politica Totalblue.ro cu privire la protec\u021bia datelor personale \u00een general pe care o pute\u021bi g\u0103si aici \u0219i cu Termenii \u0219i Condi\u021biile site-ului pe care le pute\u021bi g\u0103si aici, pe care v\u0103 \u00eencuraj\u0103m s\u0103 le citi\u021bi, acestea incluz\u00e2nd informa\u021bii suplimentare utile, inclusiv cu privire la responsabilul Totalblue.<\/span><\/span><\/p>\n<p style=\"text-align: left;\"><span style=\"font-family: Arial, sans-serif;\"><span style=\"font-size: medium;\">.ro pentru protec\u021bia datelor personale, toate scopurile prelucr\u0103rilor de date de c\u0103tre Totalblue.ro, drepturile dumneavoastr\u0103, precum \u0219i excep\u021biile \u0219i limitele acestora etc.<\/span><\/span><\/p>\n<p style=\"text-align: left;\"><span style=\"font-family: Arial, sans-serif;\"><span style=\"font-size: medium;\">Protec\u021bia corespunz\u0103toare a datelor cu caracter personal este un obiectiv important pentru Totalblue.ro. Dorin\u021ba noastr\u0103 este s\u0103 fim c\u00e2t mai clari \u0219i transparen\u021bi cu privire la abordarea Totalblue.ro \u00een materie. Pentru orice \u00eentrebare, v\u0103 rug\u0103m s\u0103 ne contacta\u021bi la comenzi@totalblue.ro.<\/span><\/span><\/p>\n<p style=\"text-align: left;\"><span style=\"font-family: Arial, sans-serif;\"><span style=\"font-size: medium;\">2. Ce sunt cookie-urile?<\/span><\/span><\/p>\n<p style=\"text-align: left;\"><span style=\"font-family: Arial, sans-serif;\"><span style=\"font-size: medium;\">Cookie-ul este un fi\u0219ier de mici dimensiuni, format din litere \u0219i numere, care va fi stocat pe computerul, terminalul mobil sau alte echipamente ale unui utilizator de pe care se acceseaz\u0103 internetul. Cookie-ul este instalat prin solicitarea emis\u0103 de c\u0103tre terminalul utilizatorului c\u0103tre un server Totalblue.ro sau c\u0103tre un server al unei ter\u021be p\u0103r\u021bi.<\/span><\/span><\/p>\n<p style=\"text-align: left;\"><span style=\"font-family: Arial, sans-serif;\"><span style=\"font-size: medium;\">3. La ce sunt folosite cookie-urile?<\/span><\/span><\/p>\n<p style=\"text-align: left;\"><span style=\"font-family: Arial, sans-serif;\"><span style=\"font-size: medium;\">Aceste fi\u0219iere fac posibil\u0103 \u00een principal recunoa\u0219terea terminalului utilizatorului \u0219i prezentarea con\u021binutului \u00eentr-un mod relevant, adaptat preferin\u021belor utilizatorului.<\/span><\/span><\/p>\n<p style=\"text-align: left;\"><span style=\"font-family: Arial, sans-serif;\"><span style=\"font-size: medium;\">Cookie-urile asigur\u0103 utilizatorilor o experien\u021b\u0103 pl\u0103cut\u0103 de navigare \u0219i sus\u021bin eforturile Totalblue.ro pentru a oferi servicii mai adaptate utilizatorilor, ex: \u2013 preferin\u021bele \u00een materie de confiden\u021bialitate online, co\u0219ul de cump\u0103r\u0103turi sau publicitate relevant\u0103. De asemenea, sunt utilizate \u00een preg\u0103tirea unor statistici anonime agregate care ne ajut\u0103 s\u0103 \u00een\u021belegem cum un utilizator beneficiaz\u0103 de paginile noastre de internet, permi\u021b\u00e2ndu-ne \u00eembun\u0103t\u0103\u021birea structurii \u0219i con\u021binutului lor, f\u0103r\u0103 a permite identificarea personal\u0103 a utilizatorului.<\/span><\/span><\/p>\n<p style=\"text-align: left;\"><span style=\"font-family: Arial, sans-serif;\"><span style=\"font-size: medium;\">4. Ce cookie-uri folosim?<\/span><\/span><\/p>\n<p style=\"text-align: left;\"><span style=\"font-family: Arial, sans-serif;\"><span style=\"font-size: medium;\">Folosim dou\u0103 tipuri de cookie-uri: per sesiune \u0219i fixe. Cookie-urile per sesiune sunt fi\u0219iere temporare ce r\u0103m\u00e2n \u00een terminalul utilizatorului p\u00e2n\u0103 la terminarea sesiunii sau \u00eenchiderea aplica\u021biei. Cookie-urile fixe r\u0103m\u00e2n pe terminalul utilizatorului pe o perioad\u0103 determinat\u0103 de parametrii cookie-ului sau p\u00e2n\u0103 sunt \u0219terse manual de utilizator.<\/span><\/span><\/p>\n<p style=\"text-align: left;\"><span style=\"font-family: Arial, sans-serif;\"><span style=\"font-size: medium;\">5. Cum sunt folosite cookie-urile de c\u0103tre acest site?<\/span><\/span><\/p>\n<p style=\"text-align: left;\"><span style=\"font-family: Arial, sans-serif;\"><span style=\"font-size: medium;\">O vizit\u0103 pe acest site poate plasa urm\u0103toarele tipuri de cookie-uri:<\/span><\/span><\/p>\n<ul style=\"text-align: left;\">\n<li><span style=\"font-family: Arial, sans-serif;\"><span style=\"font-size: medium;\">cookie-uri strict necesare pentru func\u021bionarea site-ului <\/span><\/span><\/li>\n<li><span style=\"font-family: Arial, sans-serif;\"><span style=\"font-size: medium;\">cookie-uri de analiz\u0103 <\/span><\/span><\/li>\n<li><span style=\"font-family: Arial, sans-serif;\"><span style=\"font-size: medium;\">cookie-uri pentru publicitate <\/span><\/span><\/li>\n<\/ul>\n<p style=\"text-align: left;\"><span style=\"font-family: Arial, sans-serif;\"><span style=\"font-size: medium;\">Cookie-urile \u0219i\/sau tehnologiile similare strict necesare sunt esen\u021biale pentru buna func\u021bionare a site-ului, fiind setate pe dispozitivul dumneavoastr\u0103 la accesarea site-ului sau \u00een urma ac\u021biunilor efectuate \u00een site, dup\u0103 caz. Pute\u021bi seta browser-ul dumneavoastr\u0103 pentru a bloca cookie-urile, \u00eens\u0103 \u00een acest caz anumite sec\u021biuni ale site-ului nu vor func\u021biona corect.<\/span><\/span><\/p>\n<p style=\"text-align: left;\"><span style=\"font-family: Arial, sans-serif;\"><span style=\"font-size: medium;\">6. Con\u021bin cookie-urile sau tehnologiile similare date personale?<\/span><\/span><\/p>\n<p style=\"text-align: left;\"><span style=\"font-family: Arial, sans-serif;\"><span style=\"font-size: medium;\">Cookie-urile sau tehnologiile similare \u00een sine nu solicit\u0103 informa\u021bii cu caracter personal pentru a putea fi utilizate \u0219i, \u00een multe cazuri, nici nu identific\u0103 personal utilizatorii de internet. Exist\u0103 \u00eens\u0103 situa\u021bii c\u00e2nd datele personale pot fi colectate prin utilizarea cookie-urilor pentru a facilita anumite func\u021bionalit\u0103\u021bi pentru utilizator sau pentru a oferi utilizatorului o experien\u021b\u0103 mai adaptat\u0103 preferin\u021belor sale. Astfel de date sunt criptate \u00eentr-un mod care face imposibil accesul persoanelor neautorizate la ele.<\/span><\/span><\/p>\n<p style=\"text-align: left;\"><span style=\"font-family: Arial, sans-serif;\"><span style=\"font-size: medium;\">Ce sunt tehnologiile similare?<\/span><\/span><\/p>\n<p style=\"text-align: left;\"><span style=\"font-family: Arial, sans-serif;\"><span style=\"font-size: medium;\">Exist\u0103 alte tehnologii care pot fi utilizate \u00een acelea\u0219i scopuri precum cookie-urile.<\/span><\/span><\/p>\n<p style=\"text-align: left;\"><span style=\"font-family: Arial, sans-serif;\"><span style=\"font-size: medium;\">7. Blocare cookie-uri<\/span><\/span><\/p>\n<p style=\"text-align: left;\"><span style=\"font-family: Arial, sans-serif;\"><span style=\"font-size: medium;\">\u00cen cazul \u00een care dori\u021bi sa bloca\u021bi cookie-urile, unele func\u021bionalit\u0103\u021bi ale site-ului vor fi oprite, iar acest lucru poate genera anumite disfunc\u021bionalit\u0103\u021bi sau erori \u00een folosirea site-ului nostru. De exemplu, blocarea cookie-urilor v\u0103 poate \u00eempiedica s\u0103:<\/span><\/span><\/p>\n<ul style=\"text-align: left;\">\n<li><span style=\"font-family: Arial, sans-serif;\"><span style=\"font-size: medium;\">cump\u0103ra\u021bi online <\/span><\/span><\/li>\n<li><span style=\"font-family: Arial, sans-serif;\"><span style=\"font-size: medium;\">v\u0103 autentifica\u021bi \u00een contul dumneavoastr\u0103 <\/span><\/span><\/li>\n<\/ul>\n<p style=\"text-align: left;\"><span style=\"font-family: Arial, sans-serif;\"><span style=\"font-size: medium;\">\u00cen cazul \u00een care e\u0219ti de acord cu aceste limit\u0103ri \u0219i dore\u0219ti s\u0103 blochezi cookie-urile, urmeaz\u0103 instruc\u021biunile de mai jos:<\/span><\/span><\/p>\n<p style=\"text-align: left;\"><span style=\"font-family: Arial, sans-serif;\"><span style=\"font-size: medium;\">Cele mai multe browsere sunt setate implicit s\u0103 accepte cookie-uri, dar ave\u021bi posibilitatea s\u0103 modifica\u021bi set\u0103rile pentru a bloca unele sau toate cookie-urile.<br \/>\nAlege browser-ul t\u0103u din lista de mai jos pentru a afi\u0219a instruc\u021biunile pe care trebuie s\u0103 le parcurge\u021bi dup\u0103 deschiderea browser-ului. <\/span><\/span><\/p>\n<p style=\"text-align: left;\"><span style=\"font-family: Arial, sans-serif;\"><span style=\"font-size: medium;\">8. Administrarea preferin\u021belor cu privire la plasarea de cookie-uri<\/span><\/span><\/p>\n<p style=\"text-align: left;\"><span style=\"font-family: Arial, sans-serif;\"><span style=\"font-size: medium;\">\u00cen general, o aplica\u021bie folosit\u0103 pentru accesarea paginilor web permite salvarea cookie-urilor \u0219i\/sau a tehnologiilor similare pe terminal \u00een mod implicit. Aceste set\u0103ri pot fi schimbate \u00een a\u0219a fel \u00eenc\u00e2t administrarea automat\u0103 a cookie-urilor s\u0103 fie blocat\u0103 de browser-ul web sau utilizatorul s\u0103 fie informat de fiecare dat\u0103 c\u00e2nd cookie-uri sunt trimise c\u0103tre terminalul s\u0103u.<\/span><\/span><\/p>\n<p style=\"text-align: left;\"><span style=\"font-family: Arial, sans-serif;\"><span style=\"font-size: medium;\">Informa\u021bii detaliate despre posibilit\u0103\u021bile \u0219i modurile de administrare a cookie-urilor pot fi g\u0103site \u00een zona de set\u0103ri a aplica\u021biei (browser-ului web). Limitarea folosirii cookie-urilor poate afecta anumite func\u021bionalit\u0103\u021bi ale website-ului.<\/span><\/span><\/p>\n<p style=\"text-align: left;\"><span style=\"font-family: Arial, sans-serif;\"><span style=\"font-size: medium;\">9. De ce sunt cookie-urile \u0219i\/sau tehnologiile similare importante pentru Internet?<\/span><\/span><\/p>\n<p style=\"text-align: left;\"><span style=\"font-family: Arial, sans-serif;\"><span style=\"font-size: medium;\">Cookie-urile \u0219i\/sau tehnologiile similare reprezint\u0103 un punct central al func\u021bion\u0103rii eficiente a Internetului, ajut\u00e2nd la generarea unei experien\u021be de navigare prietenoase \u0219i adaptate preferin\u021belor \u0219i intereselor fiec\u0103rui utilizator. Refuzarea sau dezactivarea cookie-urilor poate face unele site-uri sau p\u0103r\u021bi ale site-urilor imposibil de folosit.<\/span><\/span><\/p>\n<p style=\"text-align: left;\"><span style=\"font-family: Arial, sans-serif;\"><span style=\"font-size: medium;\">Dezactivarea cookie-urilor nu \u00eenseamn\u0103 c\u0103 nu ve\u021bi mai primi, cu respectarea legisla\u021biei, publicitate online \u2013 ci doar c\u0103 aceasta nu va mai putea \u021bine cont de preferin\u021bele \u0219i interesele dvs., eviden\u021biate prin comportamentul de navigare.<\/span><\/span><\/p>\n<p style=\"text-align: left;\"><span style=\"font-family: Arial, sans-serif;\"><span style=\"font-size: medium;\">Exemple de \u00eentrebuin\u021b\u0103ri importante ale cookie-urilor (care nu necesit\u0103 autentificarea unui utilizator prin intermediul unui cont):<\/span><\/span><\/p>\n<ul style=\"text-align: left;\">\n<li><span style=\"font-family: Arial, sans-serif;\"><span style=\"font-size: medium;\">Con\u021binut \u0219i servicii adaptate preferin\u021belor utilizatorului \u2013 categorii de produse \u0219i servicii. <\/span><\/span><\/li>\n<li><span style=\"font-family: Arial, sans-serif;\"><span style=\"font-size: medium;\">Oferte adaptate intereselor utilizatorilor <\/span><\/span><\/li>\n<li><span style=\"font-family: Arial, sans-serif;\"><span style=\"font-size: medium;\">Re\u021binerea parolelor <\/span><\/span><\/li>\n<li><span style=\"font-family: Arial, sans-serif;\"><span style=\"font-size: medium;\">Re\u021binerea filtrelor de protec\u021bie a copiilor privind con\u021binutul pe Internet (op\u021biuni family mode, func\u021bii de safe search). <\/span><\/span><\/li>\n<li><span style=\"font-family: Arial, sans-serif;\"><span style=\"font-size: medium;\">Limitarea frecven\u021bei de difuzare a reclamelor \u2013 limitarea num\u0103rului de afi\u0219\u0103ri a unei reclame pentru un anumit utilizator pe un site. <\/span><\/span><\/li>\n<li><span style=\"font-family: Arial, sans-serif;\"><span style=\"font-size: medium;\">Furnizarea de publicitate relevant\u0103 pentru utilizator. <\/span><\/span><\/li>\n<li><span style=\"font-family: Arial, sans-serif;\"><span style=\"font-size: medium;\">M\u0103surarea, optimizarea \u0219i adaptarea caracteristicilor de analiz\u0103 \u2013 cum ar fi confirmarea unui anumit nivel de trafic pe un website, ce tip de con\u021binut este vizualizat \u0219i modul cum un utilizator ajunge pe un website (ex: prin motoare de c\u0103utare, direct, din alte website-uri etc.). Website-urile deruleaz\u0103 aceste analize privitoare la utilizarea lor pentru a-\u0219i \u00eembun\u0103t\u0103\u021bi serviciile \u00een beneficiul utilizatorilor. <\/span><\/span><\/li>\n<\/ul>\n<p style=\"text-align: left;\"><span style=\"font-family: Arial, sans-serif;\"><span style=\"font-size: medium;\">10. Securitate \u0219i aspecte legate de confiden\u021bialitate<\/span><\/span><\/p>\n<p style=\"text-align: left;\"><span style=\"font-family: Arial, sans-serif;\"><span style=\"font-size: medium;\">\u00cen general browserele au integrate set\u0103ri de confiden\u021bialitate care furnizeaz\u0103 diferite niveluri de acceptare a cookie-urilor, perioada de valabilitate \u0219i \u0219tergere automat\u0103 dup\u0103 ce utilizatorul a vizitat un anumit site.<\/span><\/span><\/p>\n<p style=\"text-align: left;\"><span style=\"font-family: Arial, sans-serif;\"><span style=\"font-size: medium;\">Alte aspecte de securitate legate de cookie-uri:<\/span><\/span><\/p>\n<ul style=\"text-align: left;\">\n<li><span style=\"font-family: Arial, sans-serif;\"><span style=\"font-size: medium;\">Particularizarea set\u0103rilor browserului \u00een ceea ce prive\u0219te cookie-urile pentru a reflecta un nivel confortabil pentru dumneavoastr\u0103 al securit\u0103\u021bii utiliz\u0103rii cookie-urilor. <\/span><\/span><\/li>\n<li><span style=\"font-family: Arial, sans-serif;\"><span style=\"font-size: medium;\">Dac\u0103 sunte\u021bi singura persoan\u0103 care utilizeaz\u0103 computerul, pute\u021bi seta, dac\u0103 dori\u021bi, termene lungi de expirare pentru stocarea istoricului de navigare \u0219i a datelor personale de acces. <\/span><\/span><\/li>\n<li><span style=\"font-family: Arial, sans-serif;\"><span style=\"font-size: medium;\">Dac\u0103 \u00eemp\u0103r\u021bi\u021bi accesul la calculator, pute\u021bi lua \u00een considerare setarea browserului pentru a \u0219terge datele individuale de navigare de fiecare dat\u0103 c\u00e2nd \u00eenchide\u021bi browserul. Aceasta este o variant\u0103 de a accesa site-urile care plaseaz\u0103 cookie-uri \u0219i de a \u0219terge orice informa\u021bie de vizitare la \u00eenchiderea sesiunii de navigare. <\/span><\/span><\/li>\n<\/ul>\n<p style=\"text-align: left;\"><span style=\"font-family: Arial, sans-serif;\"><span style=\"font-size: medium;\">11. Linkuri \u0219i informa\u021bii suplimentare utile<\/span><\/span><\/p>\n<p style=\"text-align: left;\"><span style=\"font-family: Arial, sans-serif;\"><span style=\"font-size: medium;\">Dac\u0103 dori\u021bi s\u0103 afla\u021bi mai multe informa\u021bii despre cookie-uri \u0219i la ce sunt utilizate, recomand\u0103m urm\u0103toarele linkuri:<\/span><\/span><\/p>\n<ul style=\"text-align: left;\">\n<li><span style=\"font-family: Arial, sans-serif;\"><span style=\"font-size: medium;\"><a href=\"https:\/\/support.microsoft.com\/en-us\/help\/260971\/description-of-cookies\" target=\"_blank\" rel=\"noopener noreferrer\">Microsoft Cookies guide<\/a> <\/span><\/span><\/li>\n<li><span style=\"font-family: Arial, sans-serif;\"><span style=\"font-size: medium;\"><a href=\"http:\/\/www.allaboutcookies.org\/\" target=\"_blank\" rel=\"noopener noreferrer\">All About Cookies<\/a> <\/span><\/span><\/li>\n<li><span style=\"font-family: Arial, sans-serif;\"><span style=\"font-size: medium;\"><a href=\"http:\/\/www.youronlinechoices.com\/ro\/\" target=\"_blank\" rel=\"noopener noreferrer\">http:\/\/www.youronlinechoices.com\/ro\/<\/a> <\/span><\/span><\/li>\n<\/ul>\n<p style=\"text-align: left;\">","protected":false},"excerpt":{"rendered":"<p>Cookie-uri 1. Politica de utilizare cookie-uri \u0219i tehnologii similare Aceast\u0103 politic\u0103 se refer\u0103 la cookie-urile \u0219i la tehnologiile similare folosite, dup\u0103 caz, \u00een website-urile \u0219i aplica\u021biile operate de SC TOTAL BLUE IMPEX S.R.L. cu sediul social \u00een Bucure\u0219ti, bd. Uverturii, nr.69A, sector 6, (denumit\u0103 \u00een continuare Totalblue.ro). Cookie-urile sunt folosite pentru urm\u0103toarele scopuri: de func\u021bionare [&#8230;]\n","protected":false},"author":2,"featured_media":0,"parent":0,"menu_order":0,"comment_status":"closed","ping_status":"closed","template":"","meta":{"_acf_changed":false,"_seopress_robots_primary_cat":"","_seopress_titles_title":"","_seopress_titles_desc":"","_seopress_robots_index":"","footnotes":""},"class_list":["post-3024","page","type-page","status-publish"],"acf":[],"_links":{"self":[{"href":"https:\/\/totalblue.ro\/fr\/wp-json\/wp\/v2\/pages\/3024","targetHints":{"allow":["GET"]}}],"collection":[{"href":"https:\/\/totalblue.ro\/fr\/wp-json\/wp\/v2\/pages"}],"about":[{"href":"https:\/\/totalblue.ro\/fr\/wp-json\/wp\/v2\/types\/page"}],"author":[{"embeddable":true,"href":"https:\/\/totalblue.ro\/fr\/wp-json\/wp\/v2\/users\/2"}],"replies":[{"embeddable":true,"href":"https:\/\/totalblue.ro\/fr\/wp-json\/wp\/v2\/comments?post=3024"}],"version-history":[{"count":3,"href":"https:\/\/totalblue.ro\/fr\/wp-json\/wp\/v2\/pages\/3024\/revisions"}],"predecessor-version":[{"id":202910,"href":"https:\/\/totalblue.ro\/fr\/wp-json\/wp\/v2\/pages\/3024\/revisions\/202910"}],"wp:attachment":[{"href":"https:\/\/totalblue.ro\/fr\/wp-json\/wp\/v2\/media?parent=3024"}],"curies":[{"name":"wp","href":"https:\/\/api.w.org\/{rel}","templated":true}]}}