{"id":100639,"date":"2023-09-20T14:27:22","date_gmt":"2023-09-20T11:27:22","guid":{"rendered":"https:\/\/totalblue.ro\/?post_type=product&#038;p=100639"},"modified":"2025-08-04T10:21:21","modified_gmt":"2025-08-04T07:21:21","slug":"old-amsterdam-tasty-grill-sweet-chilli-2-x-70g-import-pays-bas","status":"publish","type":"product","link":"https:\/\/totalblue.ro\/fr\/produs\/old-amsterdam-tasty-grill-chili-dulce-2-x-70g-import-olanda\/","title":{"rendered":"Old Amsterdam Tasty Grill Piment doux 2 x 70g, import\u00e9 de Hollande"},"content":{"rendered":"<p>1 paquet contient 2 morceaux de fromage Old Amsterdam 2 x70 g = 140 g<\/p>\n<p>Aujourd'hui, nous mangeons du Old Amsterdam. Un hamburger au fromage traditionnel et savoureux avec la saveur caract\u00e9ristique du Old Amsterdam et des notes de piment doux.<\/p>\n<p>Rapide et facile \u00e0 pr\u00e9parer \u00e0 la po\u00eale, sur le gril ou au barbecue. Apr\u00e8s la cuisson, le cheese burger a un int\u00e9rieur cr\u00e9meux et une cro\u00fbte croustillante au barbecue.<\/p>\n<p>Ingr\u00e9dient :<br \/>\n73,0% Fromage (lait pasteuris\u00e9, sel, acide lactique (contient du lait), pr\u00e9sure microbienne, conservateur (E251), colorant (carot\u00e8nes)), eau, cr\u00e8me (lait), prot\u00e9ine d'\u0153uf de poulet en poudre, amidon, 0,3% poudre de chili, poudre de paprika, poudre de tomate, fenugrec.<\/p>\n<p>Allerg\u00e8nes<br \/>\nContient du lait et des \u0153ufs<br \/>\nValeurs nutritionnelles pour 100g :<\/p>\n<p>\u00c9nergie 1387 kj \/ 334 kcal<br \/>\nMati\u00e8res grasses 26 g dont 18 g d'acides gras satur\u00e9s<br \/>\nGlucides 4,7g dont sucres 0,4g<br \/>\nProt\u00e9ines 21 g<br \/>\nSel 1,5 g<\/p>","protected":false},"excerpt":{"rendered":"<p>1 pachet contine 2 bucati branza Old Amsterdam 2 x70 g = 140 g Azi mancam Old Amsterdam. Un burger traditional si gustos cu branza, cu aroma caracteristica Old Amsterdam si note de chili dulce. Usor si rapid de pregatit in tigaie, la gratar sau pe gratar. Dupa preparare, burgerul cu branza are un interior [&#8230;]\n","protected":false},"featured_media":100641,"comment_status":"open","ping_status":"closed","template":"","meta":{"_acf_changed":false,"_seopress_robots_primary_cat":"none","_seopress_titles_title":"","_seopress_titles_desc":"","_seopress_robots_index":""},"product_brand":[11534],"product_cat":[1555,4226,3288,1767],"giftcard-category":[],"class_list":{"0":"post-100639","1":"product","2":"type-product","3":"status-publish","4":"has-post-thumbnail","6":"product_brand-old-amsterdam","7":"product_cat-bacanie","8":"product_cat-branzeturi-bacanie","9":"product_cat-branzeturi","10":"product_cat-produse-olanda","12":"first","13":"outofstock","14":"taxable","15":"shipping-taxable","16":"purchasable","17":"product-type-simple"},"acf":[],"_links":{"self":[{"href":"https:\/\/totalblue.ro\/fr\/wp-json\/wp\/v2\/product\/100639","targetHints":{"allow":["GET"]}}],"collection":[{"href":"https:\/\/totalblue.ro\/fr\/wp-json\/wp\/v2\/product"}],"about":[{"href":"https:\/\/totalblue.ro\/fr\/wp-json\/wp\/v2\/types\/product"}],"replies":[{"embeddable":true,"href":"https:\/\/totalblue.ro\/fr\/wp-json\/wp\/v2\/comments?post=100639"}],"wp:featuredmedia":[{"embeddable":true,"href":"https:\/\/totalblue.ro\/fr\/wp-json\/wp\/v2\/media\/100641"}],"wp:attachment":[{"href":"https:\/\/totalblue.ro\/fr\/wp-json\/wp\/v2\/media?parent=100639"}],"wp:term":[{"taxonomy":"product_brand","embeddable":true,"href":"https:\/\/totalblue.ro\/fr\/wp-json\/wp\/v2\/product_brand?post=100639"},{"taxonomy":"product_cat","embeddable":true,"href":"https:\/\/totalblue.ro\/fr\/wp-json\/wp\/v2\/product_cat?post=100639"},{"taxonomy":"giftcard-category","embeddable":true,"href":"https:\/\/totalblue.ro\/fr\/wp-json\/wp\/v2\/giftcard-category?post=100639"}],"curies":[{"name":"wp","href":"https:\/\/api.w.org\/{rel}","templated":true}]}}