{"id":100781,"date":"2023-09-22T10:26:33","date_gmt":"2023-09-22T07:26:33","guid":{"rendered":"https:\/\/totalblue.ro\/?post_type=product&#038;p=100781"},"modified":"2026-03-23T11:20:19","modified_gmt":"2026-03-23T09:20:19","slug":"goudas-glorie-sos-cremos-de-usturoi-import-olanda-550-ml","status":"publish","type":"product","link":"https:\/\/totalblue.ro\/fr\/produs\/goudas-glorie-sos-cremos-de-usturoi-import-olanda-550-ml\/","title":{"rendered":"Gouda's Glorie sauce cr\u00e9meuse \u00e0 l'ail, import Hollande 550 ml"},"content":{"rendered":"<p>Glorie Fresh de Gouda est une sauce cr\u00e9meuse \u00e0 l'ail, id\u00e9ale pour le poulet, les viandes grill\u00e9es, etc.<br \/>\nSos cremos de usturoi cu usturoi proaspat.<br \/>\nTub cu capac de dozare.<br \/>\nPreparat cu oua de la gaini crescute in aer liber.<br \/>\nSans gluten.<br \/>\nDescriere: sos de usturoi cu usturoi proaspat tocat.<br \/>\nSosurile de la Gouda: delicioase cu bauturi, la burger, cu gustari si cartofi prajiti!<br \/>\nContinut si greutate 550 mililitri<br \/>\nIngrediente: apa, ulei de rapita, iaurt organic cu continut scazut de grasimi, otet natural, zahar, amidon de porumb modificat, galbenus de ou crescator, usturoi proaspat tocat 2,1%, ierburi, mustar (apa, seminte de mustar, otet, condimente), sare si sare de mare, pudra de usturoi, acizi alimentari: acid lactic si acid citric, clorura de potasiu, agent de ingrosare: guma guar, concentrat de ceapa, aroma, conservant: sorbat de potasiu, antioxidant: E385.<br \/>\nAllerg\u00e8nes : contient du lait, de la moutarde, des \u0153ufs.<br \/>\nValeurs nutritionnelles pour 100g :<br \/>\n\u00c9nergie 1211 kJ (293 kcal)<br \/>\nLipides 26 g dont 2 g de graisses satur\u00e9es<br \/>\nCarbohidrati 13 g din care zaharuri 9 g<br \/>\nProt\u00e9ines 1,1 g<br \/>\nSel 1,1 g<br \/>\nStockage : conserver au frais apr\u00e8s ouverture.<br \/>\nGreutate si ambalaj: 550 ml. Tub de plastic.<br \/>\nProducteur : Glorie Sauzen de Gouda, Postbus 10, 3734 ZG Den Dolder.<br \/>\nImportateur : Total Blue Impex SRL, Roumanie, Bucarest.<\/p>","protected":false},"excerpt":{"rendered":"<p>&nbsp;<\/p>\n<div id=\"simple-translate\">\n<div>\n<div class=\"simple-translate-button isShow\" style=\"height: 22px;width: 22px\"><\/div>\n<div class=\"simple-translate-panel\" style=\"width: 300px;height: 200px;font-size: 13px;background-color: #ffffff\">\n<div class=\"simple-translate-result-wrapper\" style=\"overflow: hidden\">\n<div class=\"simple-translate-move\"><\/div>\n<div class=\"simple-translate-result-contents\">\n<p class=\"simple-translate-candidate\" dir=\"auto\" style=\"color: #737373\">\n<\/div>\n<\/div>\n<\/div>\n<\/div>\n<\/div>","protected":false},"featured_media":100785,"comment_status":"open","ping_status":"closed","template":"","meta":{"_acf_changed":false,"_seopress_robots_primary_cat":"none","_seopress_titles_title":"","_seopress_titles_desc":"","_seopress_robots_index":""},"product_brand":[15950],"product_cat":[1555,3280,1451,1767],"giftcard-category":[],"class_list":{"0":"post-100781","1":"product","2":"type-product","3":"status-publish","4":"has-post-thumbnail","6":"product_brand-goudas-glorie","7":"product_cat-bacanie","8":"product_cat-condimente-sosuri","9":"product_cat-condimente-produse-instant","10":"product_cat-produse-olanda","12":"first","13":"instock","14":"taxable","15":"shipping-taxable","16":"purchasable","17":"product-type-simple"},"acf":[],"_links":{"self":[{"href":"https:\/\/totalblue.ro\/fr\/wp-json\/wp\/v2\/product\/100781","targetHints":{"allow":["GET"]}}],"collection":[{"href":"https:\/\/totalblue.ro\/fr\/wp-json\/wp\/v2\/product"}],"about":[{"href":"https:\/\/totalblue.ro\/fr\/wp-json\/wp\/v2\/types\/product"}],"replies":[{"embeddable":true,"href":"https:\/\/totalblue.ro\/fr\/wp-json\/wp\/v2\/comments?post=100781"}],"wp:featuredmedia":[{"embeddable":true,"href":"https:\/\/totalblue.ro\/fr\/wp-json\/wp\/v2\/media\/100785"}],"wp:attachment":[{"href":"https:\/\/totalblue.ro\/fr\/wp-json\/wp\/v2\/media?parent=100781"}],"wp:term":[{"taxonomy":"product_brand","embeddable":true,"href":"https:\/\/totalblue.ro\/fr\/wp-json\/wp\/v2\/product_brand?post=100781"},{"taxonomy":"product_cat","embeddable":true,"href":"https:\/\/totalblue.ro\/fr\/wp-json\/wp\/v2\/product_cat?post=100781"},{"taxonomy":"giftcard-category","embeddable":true,"href":"https:\/\/totalblue.ro\/fr\/wp-json\/wp\/v2\/giftcard-category?post=100781"}],"curies":[{"name":"wp","href":"https:\/\/api.w.org\/{rel}","templated":true}]}}