{"id":100841,"date":"2023-09-22T12:55:27","date_gmt":"2023-09-22T09:55:27","guid":{"rendered":"https:\/\/totalblue.ro\/?post_type=product&#038;p=100841"},"modified":"2025-04-01T13:18:43","modified_gmt":"2025-04-01T10:18:43","slug":"peijnenburg-turta-dulce-cu-ghimbir-netaiata-465g-import-olanda","status":"publish","type":"product","link":"https:\/\/totalblue.ro\/fr\/produs\/peijnenburg-turta-dulce-cu-ghimbir-netaiata-465g-import-olanda\/","title":{"rendered":"Pain d'\u00e9pices doux de Peijnenburg (non coup\u00e9) 465g, import\u00e9 des Pays-Bas"},"content":{"rendered":"<p>Ingrediente: Sirop de glucoza-fructoza, faina de secara 31%, ghimbir 14%, apa, zahar, zahar perlat, agenti de crestere (carbonat acid de sodiu, difosfat disodic), ulei de floarea soarelui, condimente, conservant (sorbat de potasiu). Poate contine nuci si lapte.<br \/>\nInformatii despre alergeni:<br \/>\nContine: secara, cereale care contin gluten.<br \/>\nPoate contine: nuci, lapte<br \/>\nValeurs nutritionnelles pour 100g :<br \/>\nEnergie 1265 kJ (299 kcal)<br \/>\nGrasimi 2,1 g din care grasimi saturate 0,4 g<br \/>\nGlucide 66 g din care zaharuri 41 g<br \/>\nFibres alimentaires 3 g<br \/>\nProteine \u200b\u200b2,8 g<br \/>\nSare 0,46 g<br \/>\nUtilizare: Deschideti cu grija ambalajul de-a lungul cusaturii de sigilare.<br \/>\nDepozitare: Pentru a va pastra fursecul frumos si fraged, de preferinta pastrati-l intr-un loc uscat si intunecat. De exemplu intr-o cutie inchisa.<\/p>","protected":false},"excerpt":{"rendered":"<p>Peijnenburg Ontbijtkoek rozijnen ongesneden 465 g<br \/>\nPeijnenburg G\u00e2teau sucr\u00e9 aux raisins secs et \u00e0 la cannelle (non coup\u00e9) 465g<\/p>","protected":false},"featured_media":200850,"comment_status":"open","ping_status":"closed","template":"","meta":{"_acf_changed":false,"_seopress_robots_primary_cat":"1767","_seopress_titles_title":"Peijnenburg Turta Dulce cu Stafide si Scortisoara","_seopress_titles_desc":"Profita acum si cimpara Peijnenburg Turta Dulce cu Stafide si Scortisoara (netaiata), specialitati olandeze. Magazin cu produse OLANDA, turta dulce","_seopress_robots_index":""},"product_brand":[2040],"product_cat":[1555,3296,3338,7021,3304,1767],"giftcard-category":[],"class_list":{"0":"post-100841","1":"product","2":"type-product","3":"status-publish","4":"has-post-thumbnail","6":"product_brand-peijnenburg","7":"product_cat-bacanie","8":"product_cat-brutarie-patiserie","9":"product_cat-dulciuri-snacksuri","10":"product_cat-dulciuri-snacks","11":"product_cat-mic-dejun-produse-olanda","12":"product_cat-produse-olanda","14":"first","15":"outofstock","16":"taxable","17":"shipping-taxable","18":"purchasable","19":"product-type-simple"},"acf":[],"_links":{"self":[{"href":"https:\/\/totalblue.ro\/fr\/wp-json\/wp\/v2\/product\/100841","targetHints":{"allow":["GET"]}}],"collection":[{"href":"https:\/\/totalblue.ro\/fr\/wp-json\/wp\/v2\/product"}],"about":[{"href":"https:\/\/totalblue.ro\/fr\/wp-json\/wp\/v2\/types\/product"}],"replies":[{"embeddable":true,"href":"https:\/\/totalblue.ro\/fr\/wp-json\/wp\/v2\/comments?post=100841"}],"wp:featuredmedia":[{"embeddable":true,"href":"https:\/\/totalblue.ro\/fr\/wp-json\/wp\/v2\/media\/200850"}],"wp:attachment":[{"href":"https:\/\/totalblue.ro\/fr\/wp-json\/wp\/v2\/media?parent=100841"}],"wp:term":[{"taxonomy":"product_brand","embeddable":true,"href":"https:\/\/totalblue.ro\/fr\/wp-json\/wp\/v2\/product_brand?post=100841"},{"taxonomy":"product_cat","embeddable":true,"href":"https:\/\/totalblue.ro\/fr\/wp-json\/wp\/v2\/product_cat?post=100841"},{"taxonomy":"giftcard-category","embeddable":true,"href":"https:\/\/totalblue.ro\/fr\/wp-json\/wp\/v2\/giftcard-category?post=100841"}],"curies":[{"name":"wp","href":"https:\/\/api.w.org\/{rel}","templated":true}]}}