{"id":100877,"date":"2023-09-22T16:33:12","date_gmt":"2023-09-22T13:33:12","guid":{"rendered":"https:\/\/totalblue.ro\/?post_type=product&#038;p=100877"},"modified":"2025-04-15T15:22:44","modified_gmt":"2025-04-15T12:22:44","slug":"pain-depices-peijnenburg-avec-morceaux-de-noix-importe-des-pays-bas","status":"publish","type":"product","link":"https:\/\/totalblue.ro\/fr\/produs\/peijnenburg-turta-dulce-cu-bucati-de-nuci-import-olanda\/","title":{"rendered":"Pain d'\u00e9pices Peijnenburg avec morceaux de noix 337 g, import\u00e9 des Pays-Bas"},"content":{"rendered":"<p>Ingr\u00e9dients : sirop de glucose-fructose, farine SECARA 32%, eau, fruits \u00e0 coque 6% (MIGDALE 5%, ALMON 1%), raisins secs, sucre perl\u00e9, sucre, poudres \u00e0 lever (carbonate acide de sodium, diphosphate disodique), huile de tournesol, cannelle, \u00e9pices. Peut contenir du MALTE.<br \/>\nInformations sur les allergies<br \/>\nContient :<br \/>\nSeigle, amandes, noisettes, c\u00e9r\u00e9ales contenant du gluten, fruits \u00e0 coque<br \/>\nPeut contenir :<br \/>\nLait<br \/>\nValeurs nutritionnelles<br \/>\nCes valeurs s'appliquent au produit non pr\u00e9par\u00e9.<br \/>\nConseil pour 100 grammes<br \/>\n\u00c9nergie 1372 kJ (325 kcal)<br \/>\nMati\u00e8res grasses 5,5 g dont 0,6 g satur\u00e9es<br \/>\nGlucides 63 g dont sucres 36 g<br \/>\nFibres alimentaires 3,6 g<br \/>\nProt\u00e9ines 4,2 g<br \/>\nSel 0,62 g<\/p>","protected":false},"excerpt":{"rendered":"<p>Ingrediente: sirop de glucoza-fructoza, faina de SECARA 32%, apa, nuci 6% (MIGDALE 5%, ALUNE 1%), stafide, zahar perlat, zahar, agenti de crestere (carbonat acid de sodiu, difosfat disodic), ulei de floarea soarelui, scortisoara, condimente. Poate contine LAPTE. Informatii despre alergii Contine: Secara, migdale, alune, cereale care contin gluten, nuci Poate contine: Lapte Valori nutritive Aceste [&#8230;]\n","protected":false},"featured_media":201487,"comment_status":"open","ping_status":"closed","template":"","meta":{"_acf_changed":false,"_seopress_robots_primary_cat":"1767","_seopress_titles_title":"Peijnenburg Turta Dulce cu Stafide si Scortisoara","_seopress_titles_desc":"Profita acum si cimpara Peijnenburg Turta Dulce cu Stafide si Scortisoara (netaiata), specialitati olandeze. Magazin cu produse OLANDA, turta dulce","_seopress_robots_index":""},"product_brand":[2040],"product_cat":[1555,3296,3338,7021,3304,1767],"giftcard-category":[],"class_list":{"0":"post-100877","1":"product","2":"type-product","3":"status-publish","4":"has-post-thumbnail","6":"product_brand-peijnenburg","7":"product_cat-bacanie","8":"product_cat-brutarie-patiserie","9":"product_cat-dulciuri-snacksuri","10":"product_cat-dulciuri-snacks","11":"product_cat-mic-dejun-produse-olanda","12":"product_cat-produse-olanda","14":"first","15":"outofstock","16":"taxable","17":"shipping-taxable","18":"purchasable","19":"product-type-simple"},"acf":[],"_links":{"self":[{"href":"https:\/\/totalblue.ro\/fr\/wp-json\/wp\/v2\/product\/100877","targetHints":{"allow":["GET"]}}],"collection":[{"href":"https:\/\/totalblue.ro\/fr\/wp-json\/wp\/v2\/product"}],"about":[{"href":"https:\/\/totalblue.ro\/fr\/wp-json\/wp\/v2\/types\/product"}],"replies":[{"embeddable":true,"href":"https:\/\/totalblue.ro\/fr\/wp-json\/wp\/v2\/comments?post=100877"}],"wp:featuredmedia":[{"embeddable":true,"href":"https:\/\/totalblue.ro\/fr\/wp-json\/wp\/v2\/media\/201487"}],"wp:attachment":[{"href":"https:\/\/totalblue.ro\/fr\/wp-json\/wp\/v2\/media?parent=100877"}],"wp:term":[{"taxonomy":"product_brand","embeddable":true,"href":"https:\/\/totalblue.ro\/fr\/wp-json\/wp\/v2\/product_brand?post=100877"},{"taxonomy":"product_cat","embeddable":true,"href":"https:\/\/totalblue.ro\/fr\/wp-json\/wp\/v2\/product_cat?post=100877"},{"taxonomy":"giftcard-category","embeddable":true,"href":"https:\/\/totalblue.ro\/fr\/wp-json\/wp\/v2\/giftcard-category?post=100877"}],"curies":[{"name":"wp","href":"https:\/\/api.w.org\/{rel}","templated":true}]}}