{"id":104438,"date":"2023-10-12T16:00:32","date_gmt":"2023-10-12T13:00:32","guid":{"rendered":"https:\/\/totalblue.ro\/?post_type=product&#038;p=104438"},"modified":"2024-12-16T13:25:21","modified_gmt":"2024-12-16T11:25:21","slug":"fulgi-de-ciocolata-rotunzi-de-ruijter-specials-extra-puur-35-olanda-200g","status":"publish","type":"product","link":"https:\/\/totalblue.ro\/fr\/produs\/fulgi-de-ciocolata-rotunzi-de-ruijter-specials-extra-puur-35-olanda-200g\/","title":{"rendered":"Fulgi de ciocolata rotunzi De Ruijter Specials Extra Puur 35% \u2013 Olanda 200g"},"content":{"rendered":"<p>Ingrediente: zahar, pudra de cacao slaba, unt de cacao, emulgator (lecitina de soia), grasime din lapte fractionat (fractiune tare), Rainforest Alliance Certified\u2122.<br \/>\nCacao certificat\u0103 Rainforest Alliance<br \/>\nPeut contenir des traces de prot\u00e9ines de lait et de lactose.<br \/>\nAllerg\u00e8nes : lait, soja, peut contenir du lactose.<br \/>\nStockage : Conserver dans un endroit sec \u00e0 temp\u00e9rature ambiante. Ne pas consommer avant la date indiqu\u00e9e sur l'emballage.<br \/>\nContinut si greutate: 200 grame, ambalat in cutie de carton.<br \/>\nDimensiunea portiei: 20 g per portie. Numar de portii : 10.<br \/>\nValeurs nutritionnelles pour 100 g :<br \/>\nEnergie 195 kJ (430 kcal)<br \/>\nGr\u0103sime 18 g din care satura\u021bi 11 g<br \/>\nCarbohidra\u021bi 55 g din care zaharuri 52 g<br \/>\nProteine \u200b\u200b7.5 g<br \/>\nSel 0,03 g<br \/>\nFabriqu\u00e9 aux Pays-Bas par De Ruijter Consumentenservice<br \/>\nGustav Mahlerlaan 1228 1081 LA Amsterdam Postbus 87118 1080 JC Amsterdam<br \/>\n1080 JC Amsterdam<br \/>\nImportateur et distributeur Total Blue Impex SRL<br \/>\n<a href=\"https:\/\/totalblue.ro\/wp-content\/uploads\/2020\/12\/Rainforest-Alliance.jpeg\"><img loading=\"lazy\" decoding=\"async\" class=\"alignnone wp-image-27609\" src=\"https:\/\/totalblue.ro\/wp-content\/uploads\/2020\/12\/Rainforest-Alliance-699x400.jpeg\" alt=\"\" width=\"252\" height=\"144\" srcset=\"https:\/\/totalblue.ro\/wp-content\/uploads\/2020\/12\/Rainforest-Alliance-699x400.jpeg 699w, https:\/\/totalblue.ro\/wp-content\/uploads\/2020\/12\/Rainforest-Alliance-510x292.jpeg 510w, https:\/\/totalblue.ro\/wp-content\/uploads\/2020\/12\/Rainforest-Alliance-768x440.jpeg 768w, https:\/\/totalblue.ro\/wp-content\/uploads\/2020\/12\/Rainforest-Alliance-600x343.jpeg 600w, https:\/\/totalblue.ro\/wp-content\/uploads\/2020\/12\/Rainforest-Alliance-100x57.jpeg 100w, https:\/\/totalblue.ro\/wp-content\/uploads\/2020\/12\/Rainforest-Alliance.jpeg 959w\" sizes=\"auto, (max-width: 252px) 100vw, 252px\" \/><\/a><\/p>","protected":false},"excerpt":{"rendered":"<p>&nbsp;<\/p>\n<div id=\"simple-translate\">\n<div>\n<div class=\"simple-translate-button isShow\" style=\"height: 22px;width: 22px\"><\/div>\n<div class=\"simple-translate-panel\" style=\"width: 300px;height: 200px;font-size: 13px;background-color: #ffffff\">\n<div class=\"simple-translate-result-wrapper\" style=\"overflow: hidden\">\n<div class=\"simple-translate-move\"><\/div>\n<div class=\"simple-translate-result-contents\">\n<p class=\"simple-translate-candidate\" dir=\"auto\" style=\"color: #737373\">\n<\/div>\n<\/div>\n<\/div>\n<\/div>\n<\/div>","protected":false},"featured_media":104443,"comment_status":"open","ping_status":"closed","template":"","meta":{"_acf_changed":false,"_seopress_robots_primary_cat":"none","_seopress_titles_title":"","_seopress_titles_desc":"","_seopress_robots_index":""},"product_brand":[1823],"product_cat":[1555,1506,3338,3304,1767],"giftcard-category":[],"class_list":{"0":"post-104438","1":"product","2":"type-product","3":"status-publish","4":"has-post-thumbnail","6":"product_brand-de-ruijter","7":"product_cat-bacanie","8":"product_cat-cafea-ceai-mic-dejun","9":"product_cat-dulciuri-snacksuri","10":"product_cat-mic-dejun-produse-olanda","11":"product_cat-produse-olanda","13":"first","14":"outofstock","15":"taxable","16":"shipping-taxable","17":"purchasable","18":"product-type-simple"},"acf":[],"_links":{"self":[{"href":"https:\/\/totalblue.ro\/fr\/wp-json\/wp\/v2\/product\/104438","targetHints":{"allow":["GET"]}}],"collection":[{"href":"https:\/\/totalblue.ro\/fr\/wp-json\/wp\/v2\/product"}],"about":[{"href":"https:\/\/totalblue.ro\/fr\/wp-json\/wp\/v2\/types\/product"}],"replies":[{"embeddable":true,"href":"https:\/\/totalblue.ro\/fr\/wp-json\/wp\/v2\/comments?post=104438"}],"wp:featuredmedia":[{"embeddable":true,"href":"https:\/\/totalblue.ro\/fr\/wp-json\/wp\/v2\/media\/104443"}],"wp:attachment":[{"href":"https:\/\/totalblue.ro\/fr\/wp-json\/wp\/v2\/media?parent=104438"}],"wp:term":[{"taxonomy":"product_brand","embeddable":true,"href":"https:\/\/totalblue.ro\/fr\/wp-json\/wp\/v2\/product_brand?post=104438"},{"taxonomy":"product_cat","embeddable":true,"href":"https:\/\/totalblue.ro\/fr\/wp-json\/wp\/v2\/product_cat?post=104438"},{"taxonomy":"giftcard-category","embeddable":true,"href":"https:\/\/totalblue.ro\/fr\/wp-json\/wp\/v2\/giftcard-category?post=104438"}],"curies":[{"name":"wp","href":"https:\/\/api.w.org\/{rel}","templated":true}]}}