{"id":105071,"date":"2023-10-25T12:36:36","date_gmt":"2023-10-25T09:36:36","guid":{"rendered":"https:\/\/totalblue.ro\/?post_type=product&#038;p=105071"},"modified":"2025-08-12T10:41:56","modified_gmt":"2025-08-12T07:41:56","slug":"stegeman-salam-fuet-delicios-130g-import-des-pays-bas","status":"publish","type":"product","link":"https:\/\/totalblue.ro\/fr\/produs\/stegeman-salam-fuet-delicios-130g-import-olanda\/","title":{"rendered":"Stegeman Salam Fuet d\u00e9licieux 130g, import\u00e9 de Hollande"},"content":{"rendered":"<p>Stegeman Salam Fuet d\u00e9licieux 130g, import\u00e9 de Hollande<br \/>\nUne sensation gustative que seuls les fabricants de saucisses Stegeman peuvent vous offrir gr\u00e2ce \u00e0 leurs ann\u00e9es d'exp\u00e9rience.<br \/>\nLe meilleur Salam Fuet des Pays-Bas !<br \/>\nIngr\u00e9dients : Porc*, sel, poudre de fromage (lait), \u00e9pices, sucre de canne, dextrose, sirop de glucose, ar\u00f4mes, prot\u00e9ines de porc, antioxydant (E301), conservateur (E250), enrobage comestible : collag\u00e8ne de porc.<br \/>\n*= Label de qualit\u00e9 Better Life 1 \u00e9toile.<br \/>\nFabriqu\u00e9 dans une usine qui traite les noix.<br \/>\n100 g de produit fabriqu\u00e9 \u00e0 partir de 170 g de porc.<br \/>\nAllerg\u00e8nes : contient du lait. Peut contenir des arachides, des fruits \u00e0 coque.<br \/>\nValeurs nutritionnelles pour 100g :<br \/>\n\u00c9nergie 2064 kJ (498 kcal)<br \/>\nMati\u00e8res grasses 42 g dont 16 g de graisses satur\u00e9es<br \/>\nGlucides 2 g dont sucres 1 g<br \/>\nProt\u00e9ines 28 g<br \/>\nSel 4,5 g<br \/>\nConditions de conservation : apr\u00e8s ouverture, le produit peut \u00eatre conserv\u00e9 au r\u00e9frig\u00e9rateur jusqu'\u00e0 10 jours (max. 7\u00b0C).<br \/>\nFabricant : Stegeman Consumentenservice Postbus 1, 8130 AA Wijhe<br \/>\nImportateur Total Blue Impex SRL, Roumanie, Bucuresti<\/p>","protected":false},"excerpt":{"rendered":"<p>Stegeman Salam Fuet delicios 130g, import Olanda O senzatie gustativa pe care doar producatorii de carnati Stegeman ti-o pot oferi prin anii lor de experienta. Cel mai bun Salam Fuet din Olanda! Ingrediente: Carne de porc*, sare, branza praf (lapte), condimente, zahar din trestie, dextroza, sirop de glucoza, arome, proteina de porc, antioxidant (E301), conservant [&#8230;]\n","protected":false},"featured_media":105075,"comment_status":"open","ping_status":"closed","template":"","meta":{"_acf_changed":false,"_seopress_robots_primary_cat":"none","_seopress_titles_title":"Stegeman Salam Fuet delicios 130g, import Olanda","_seopress_titles_desc":"Cauti carnati? Cumpara acum carnati afumati Gelderse Rookworst din import Olanda, recomandati pentru mancare de mazare, ciorba de mazare, kale.","_seopress_robots_index":""},"product_brand":[17070],"product_cat":[1555,3272,1767],"giftcard-category":[],"class_list":{"0":"post-105071","1":"product","2":"type-product","3":"status-publish","4":"has-post-thumbnail","6":"product_brand-stegeman","7":"product_cat-bacanie","8":"product_cat-conserve","9":"product_cat-produse-olanda","11":"first","12":"outofstock","13":"taxable","14":"shipping-taxable","15":"purchasable","16":"product-type-simple"},"acf":[],"_links":{"self":[{"href":"https:\/\/totalblue.ro\/fr\/wp-json\/wp\/v2\/product\/105071","targetHints":{"allow":["GET"]}}],"collection":[{"href":"https:\/\/totalblue.ro\/fr\/wp-json\/wp\/v2\/product"}],"about":[{"href":"https:\/\/totalblue.ro\/fr\/wp-json\/wp\/v2\/types\/product"}],"replies":[{"embeddable":true,"href":"https:\/\/totalblue.ro\/fr\/wp-json\/wp\/v2\/comments?post=105071"}],"wp:featuredmedia":[{"embeddable":true,"href":"https:\/\/totalblue.ro\/fr\/wp-json\/wp\/v2\/media\/105075"}],"wp:attachment":[{"href":"https:\/\/totalblue.ro\/fr\/wp-json\/wp\/v2\/media?parent=105071"}],"wp:term":[{"taxonomy":"product_brand","embeddable":true,"href":"https:\/\/totalblue.ro\/fr\/wp-json\/wp\/v2\/product_brand?post=105071"},{"taxonomy":"product_cat","embeddable":true,"href":"https:\/\/totalblue.ro\/fr\/wp-json\/wp\/v2\/product_cat?post=105071"},{"taxonomy":"giftcard-category","embeddable":true,"href":"https:\/\/totalblue.ro\/fr\/wp-json\/wp\/v2\/giftcard-category?post=105071"}],"curies":[{"name":"wp","href":"https:\/\/api.w.org\/{rel}","templated":true}]}}