{"id":105463,"date":"2023-11-03T14:38:05","date_gmt":"2023-11-03T12:38:05","guid":{"rendered":"https:\/\/totalblue.ro\/?post_type=product&#038;p=105463"},"modified":"2026-04-06T16:04:39","modified_gmt":"2026-04-06T13:04:39","slug":"remia-curry-gewurz-tube-800-ml","status":"publish","type":"product","link":"https:\/\/totalblue.ro\/fr\/produs\/remia-curry-gewurz-tube-800-ml\/","title":{"rendered":"Remia Curry Gew\u00fcrz sauce tomate et curry douce et \u00e9pic\u00e9e 800 ml"},"content":{"rendered":"<p>Remia Curry Gew\u00fcrz are un gust placut si picant. Delicios cu un frikandel special sau cartofi prajiti. Noul nostru ambalaj la indemana de 800 ml il face usor de dozat si garanteaza pastrarea optima a aromei.<\/p>\n<p>Sans lactose<br \/>\nSans gluten<br \/>\nV\u00e9g\u00e9tarien<\/p>\n<p>Ingrediente: sirop de glucoza-fructoza, apa, piure de rosii, otet, zahar, amidon modificat, sare, condimente curry (mustar), acid alimentar: acid lactic, ulei de rapita, aroma (soia), agent de ingrosare: guma xantan, conservant: sorbat de potasiu , colorant: caramel, indulcitori: acesulfam -K si aspartam*<\/p>\n<p>Alergeni: mustar, soia.<\/p>\n<p>Continut si greutate: 800 mililitri.<\/p>\n<p>Valori nutritionalela 100g:<br \/>\nCes valeurs s'appliquent au produit non pr\u00e9par\u00e9.<br \/>\nEnergie 317 kJ (75 kcal)<br \/>\nGraisses 0 g dont graisses satur\u00e9es 0 g<br \/>\nCarbohidrati 17 g din care zaharuri 12 g<br \/>\nProt\u00e9ines 0,5 g<br \/>\nSel 2,0 g<\/p>\n<p>Stockage : Conserver dans un endroit sec, \u00e0 l'abri de la lumi\u00e8re et \u00e0 temp\u00e9rature ambiante. Ne pas exposer \u00e0 la lumi\u00e8re directe du soleil.<br \/>\nConsommer avant : voir sur l'emballage.<br \/>\nTenir hors de port\u00e9e des enfants<br \/>\nApr\u00e8s ouverture, conserver au r\u00e9frig\u00e9rateur.<\/p>\n<p>Producator: Remia Consumenten Service Antwoordnummer 32, 3720 ZC Den Dolder, The Netherlands.<br \/>\nImportateur : Total Blue Impex SRL<\/p>","protected":false},"excerpt":{"rendered":"<p>Remia Curry Gew\u00fcrz are un gust placut si picant. Delicios cu un frikandel special sau cartofi prajiti. Noul nostru ambalaj la indemana de 800 ml il face usor de dozat si garanteaza pastrarea optima a aromei. Fara lactoza Fara gluten Vegetarian Ingrediente: sirop de glucoza-fructoza, apa, piure de rosii, otet, zahar, amidon modificat, sare, condimente [&#8230;]\n","protected":false},"featured_media":105467,"comment_status":"open","ping_status":"closed","template":"","meta":{"_acf_changed":false,"_seopress_robots_primary_cat":"1767","_seopress_titles_title":"Remia Curry Gew\u00fcrz sos picant de rosii si curry 800 ml","_seopress_titles_desc":"Cauti Remia Curry Gewurz? Cumpara acum sos de rosii, sos de rosii picant, sos de rosii cu curry, sos de rosii Remia, sos de rosii picant, ketchup Remia","_seopress_robots_index":""},"product_brand":[2045],"product_cat":[1555,1451,3280,1767],"giftcard-category":[],"class_list":{"0":"post-105463","1":"product","2":"type-product","3":"status-publish","4":"has-post-thumbnail","6":"product_brand-remia","7":"product_cat-bacanie","8":"product_cat-condimente-produse-instant","9":"product_cat-condimente-sosuri","10":"product_cat-produse-olanda","12":"first","13":"instock","14":"taxable","15":"shipping-taxable","16":"purchasable","17":"product-type-simple"},"acf":[],"_links":{"self":[{"href":"https:\/\/totalblue.ro\/fr\/wp-json\/wp\/v2\/product\/105463","targetHints":{"allow":["GET"]}}],"collection":[{"href":"https:\/\/totalblue.ro\/fr\/wp-json\/wp\/v2\/product"}],"about":[{"href":"https:\/\/totalblue.ro\/fr\/wp-json\/wp\/v2\/types\/product"}],"replies":[{"embeddable":true,"href":"https:\/\/totalblue.ro\/fr\/wp-json\/wp\/v2\/comments?post=105463"}],"wp:featuredmedia":[{"embeddable":true,"href":"https:\/\/totalblue.ro\/fr\/wp-json\/wp\/v2\/media\/105467"}],"wp:attachment":[{"href":"https:\/\/totalblue.ro\/fr\/wp-json\/wp\/v2\/media?parent=105463"}],"wp:term":[{"taxonomy":"product_brand","embeddable":true,"href":"https:\/\/totalblue.ro\/fr\/wp-json\/wp\/v2\/product_brand?post=105463"},{"taxonomy":"product_cat","embeddable":true,"href":"https:\/\/totalblue.ro\/fr\/wp-json\/wp\/v2\/product_cat?post=105463"},{"taxonomy":"giftcard-category","embeddable":true,"href":"https:\/\/totalblue.ro\/fr\/wp-json\/wp\/v2\/giftcard-category?post=105463"}],"curies":[{"name":"wp","href":"https:\/\/api.w.org\/{rel}","templated":true}]}}