{"id":105472,"date":"2023-11-03T15:23:41","date_gmt":"2023-11-03T13:23:41","guid":{"rendered":"https:\/\/totalblue.ro\/?post_type=product&#038;p=105472"},"modified":"2025-05-30T10:34:30","modified_gmt":"2025-05-30T07:34:30","slug":"conimex-acrisor-sauce-sucree-175-ml-importe-des-pays-bas","status":"publish","type":"product","link":"https:\/\/totalblue.ro\/fr\/produs\/conimex-sos-dulce-acrisor-175-ml-import-olanda\/","title":{"rendered":"Conimex Acrisor Sweet Sauce 175 ml, import\u00e9 de Hollande"},"content":{"rendered":"<p>Sauce wok aigre-douce Conimex .<br \/>\nUne sauce orientale avec des herbes et des \u00e9pices authentiques.<br \/>\nUne sauce frite sans colorants artificiels ni exhausteurs de go\u00fbt.<br \/>\nCette sauce aigre-douce est v\u00e9g\u00e9tarienne et convient pour 2 \u00e0 3 personnes.<br \/>\nDescription : sauce wok.<br \/>\nIngr\u00e9dients : eau, sucre, sirop de glucose, vinaigre, pur\u00e9e de tomates, ar\u00f4mes, sel, \u00e9pices (ail en poudre, gingembre), amidon de ma\u00efs modifi\u00e9, acide alimentaire E270, extrait de levure, huile de colza, conservateur E202, extrait de paprika, maltodextrine, stabilisateur E415, jus de citron concentr\u00e9.<br \/>\nAllerg\u00e8nes : ma\u00efs.<br \/>\nValeurs nutritionnelles pour 100g :<br \/>\n\u00c9nergie 949 kJ (227 kcal)<br \/>\nGraisses &lt; 0,5 g dont graisses satur\u00e9es 0,2 g<br \/>\nGlucides 53 g dont sucres 31 g<br \/>\nProt\u00e9ines 1,9 g<br \/>\nSel 3,5 g<br \/>\nPr\u00e9paration :<\/p>\n<p>Une demi-bouteille de sauce wok suffit pour 2 ou 3 personnes.<\/p>\n<p>1. Pr\u00e9parer les nouilles pour wok selon les instructions figurant sur l'emballage.<br \/>\n2. Faire chauffer 2 cuill\u00e8res \u00e0 soupe d'huile dans un wok. Faire frire le blanc de poulet \u00e0 feu vif jusqu'\u00e0 ce qu'il soit dor\u00e9, puis faire sauter les l\u00e9gumes pendant 2 minutes.<br \/>\n3. Ajouter 1\/2 bouteille de sauce wok (2-3 pers) et les nouilles wok et faire sauter pendant 2 minutes \u00e0 feu vif.<br \/>\nIngr\u00e9dients (2-3 personnes) :<br \/>\n400 g de l\u00e9gumes m\u00e9lang\u00e9s tels que bok choy, oignons de printemps et poivrons rouges<br \/>\n250 g de blanc de poulet, coup\u00e9 en d\u00e9s<br \/>\nHuile pour wok Conimex<br \/>\nTaitei Conimex Wok<\/p>\n<p>Fabriqu\u00e9 en Hollande Unilever Nederland, Conimex, Postbus 160, 3000 AD Rotterdam<br \/>\nImportateur et distributeur Total Blue Impex SRL<\/p>","protected":false},"excerpt":{"rendered":"<p>&nbsp;<\/p>\n<div id=\"simple-translate\" class=\"simple-translate-light-theme\">\n<div>\n<div class=\"simple-translate-button isShow\" style=\"height: 22px; width: 22px; top: 97px; left: 324px;\"><\/div>\n<div class=\"simple-translate-panel\" style=\"width: 300px; height: 200px; top: 0px; left: 0px; font-size: 13px;\">\n<div class=\"simple-translate-result-wrapper\" style=\"overflow: hidden;\">\n<div class=\"simple-translate-move\"><\/div>\n<div class=\"simple-translate-result-contents\">\n<p class=\"simple-translate-candidate\" dir=\"auto\">\n<\/div>\n<\/div>\n<\/div>\n<\/div>\n<\/div>","protected":false},"featured_media":105477,"comment_status":"open","ping_status":"closed","template":"","meta":{"_acf_changed":false,"_seopress_robots_primary_cat":"none","_seopress_titles_title":"Sos Conimex Wok teriyaki 175 ml Olanda","_seopress_titles_desc":"Cauti Sos Conimex Wok soia dulce 175 ml? Comanda acum Sos Conimex Wok soia dulce 175 ml, produs in Olanda cu livrare rapida","_seopress_robots_index":""},"product_brand":[1949],"product_cat":[1555,21674,3280,17494,1767],"giftcard-category":[],"class_list":{"0":"post-105472","1":"product","2":"type-product","3":"status-publish","4":"has-post-thumbnail","6":"product_brand-conimex","7":"product_cat-bacanie","8":"product_cat-condimente-sosuri-influente-asiatice","9":"product_cat-condimente-sosuri","10":"product_cat-influente-asiatice","11":"product_cat-produse-olanda","13":"first","14":"outofstock","15":"taxable","16":"shipping-taxable","17":"purchasable","18":"product-type-simple"},"acf":[],"_links":{"self":[{"href":"https:\/\/totalblue.ro\/fr\/wp-json\/wp\/v2\/product\/105472","targetHints":{"allow":["GET"]}}],"collection":[{"href":"https:\/\/totalblue.ro\/fr\/wp-json\/wp\/v2\/product"}],"about":[{"href":"https:\/\/totalblue.ro\/fr\/wp-json\/wp\/v2\/types\/product"}],"replies":[{"embeddable":true,"href":"https:\/\/totalblue.ro\/fr\/wp-json\/wp\/v2\/comments?post=105472"}],"wp:featuredmedia":[{"embeddable":true,"href":"https:\/\/totalblue.ro\/fr\/wp-json\/wp\/v2\/media\/105477"}],"wp:attachment":[{"href":"https:\/\/totalblue.ro\/fr\/wp-json\/wp\/v2\/media?parent=105472"}],"wp:term":[{"taxonomy":"product_brand","embeddable":true,"href":"https:\/\/totalblue.ro\/fr\/wp-json\/wp\/v2\/product_brand?post=105472"},{"taxonomy":"product_cat","embeddable":true,"href":"https:\/\/totalblue.ro\/fr\/wp-json\/wp\/v2\/product_cat?post=105472"},{"taxonomy":"giftcard-category","embeddable":true,"href":"https:\/\/totalblue.ro\/fr\/wp-json\/wp\/v2\/giftcard-category?post=105472"}],"curies":[{"name":"wp","href":"https:\/\/api.w.org\/{rel}","templated":true}]}}