{"id":105483,"date":"2023-11-03T15:45:48","date_gmt":"2023-11-03T13:45:48","guid":{"rendered":"https:\/\/totalblue.ro\/?post_type=product&#038;p=105483"},"modified":"2026-01-12T11:31:21","modified_gmt":"2026-01-12T09:31:21","slug":"conimex-woksaus-hoisin-dulce-picant-175-ml-import-olanda","status":"publish","type":"product","link":"https:\/\/totalblue.ro\/fr\/produs\/conimex-woksaus-hoisin-dulce-picant-175-ml-import-olanda\/","title":{"rendered":"Conimex Woksaus Woksaus Hoisin Sweet Sweet Spicy 175 ml, import\u00e9 des Pays-Bas"},"content":{"rendered":"<p>Sosul de prajit Conimex hoisin este un sos delicios dulce-picant cu ierburi si condimente chinezesti autentice pentru preparatul perfect oriental.<\/p>\n<p>Sosul wok Conimex hoisin este un sos delicios dulce-picant.<br \/>\nUn sos oriental cu ierburi si condimente chinezesti autentice.<br \/>\nUne sauce frite sans colorants artificiels ni exhausteurs de go\u00fbt.<br \/>\nAcest sos bland este vegetarian si potrivit pentru 2 pana la 3 persoane.<br \/>\nContinut si greutate: 175 mililitri. Ambalaj: sticla.<br \/>\nIngrediente: apa, sos de soia (apa, soia, sare, grau, conservant E202), zahar, melasa, amidon de porumb modificat, praf de usturoi, acid E270, arome, ulei de rapita, extract de radacina de lemn dulce, fenicul, pudra de tamarind, ghimbir, sare , agent de ingrosare E415, concentrat de boia de ardei, ardei iute, extract de drojdie, conservant E202, leustean.<br \/>\nAlergeni: cereale care contin gluten, grau, soia.<br \/>\nValeurs nutritionnelles pour 100g :<br \/>\nEnergie 735 kJ \/ 176 kcal<br \/>\nGrasimi 1 g din care grasimi saturate 0,1 g<br \/>\nGlucide 37 g din care zaharuri 21 g<br \/>\nFibre alimentare 0.7 g<br \/>\nProteine \u200b\u200b3.8 g<br \/>\nSare 5.4 g<br \/>\nStockage : Conserver dans un endroit sec, \u00e0 l'abri de la lumi\u00e8re et \u00e0 temp\u00e9rature ambiante. Ne pas exposer \u00e0 la lumi\u00e8re directe du soleil.<br \/>\nConsommer avant : voir sur l'emballage.<br \/>\nTenir hors de port\u00e9e des enfants<br \/>\nDupa deschidere a se pastra la rece, maxim 2 luni.<br \/>\nPr\u00e9paration :<\/p>\n<p>Une demi-bouteille de sauce wok suffit pour 2 ou 3 personnes.<\/p>\n<p>1. Pr\u00e9parer les nouilles pour wok selon les instructions figurant sur l'emballage.<br \/>\n2. Faire chauffer 2 cuill\u00e8res \u00e0 soupe d'huile dans un wok. Faire frire le blanc de poulet \u00e0 feu vif jusqu'\u00e0 ce qu'il soit dor\u00e9, puis faire sauter les l\u00e9gumes pendant 2 minutes.<br \/>\n3. Ajouter 1\/2 bouteille de sauce wok (2-3 pers) et les nouilles wok et faire sauter pendant 2 minutes \u00e0 feu vif.<br \/>\nIngr\u00e9dients (2-3 personnes) :<br \/>\n400 g de l\u00e9gumes m\u00e9lang\u00e9s tels que bok choy, oignons de printemps et poivrons rouges<br \/>\n250 g de blanc de poulet, coup\u00e9 en d\u00e9s<br \/>\nHuile pour wok Conimex<br \/>\nTaitei Conimex Wok<\/p>\n<p>Fabriqu\u00e9 en Hollande Unilever Nederland, Conimex, Postbus 160, 3000 AD Rotterdam<br \/>\nImportateur et distributeur Total Blue Impex SRL<\/p>","protected":false},"excerpt":{"rendered":"<p>Sosul de prajit Conimex hoisin este un sos delicios dulce-picant cu ierburi si condimente chinezesti autentice pentru preparatul perfect oriental. Sosul wok Conimex hoisin este un sos delicios dulce-picant. Un sos oriental cu ierburi si condimente chinezesti autentice. Un sos prajit fara coloranti artificiali sau potentiatori suplimentari de aroma. Acest sos bland este vegetarian si [&#8230;]\n","protected":false},"featured_media":105487,"comment_status":"open","ping_status":"closed","template":"","meta":{"_acf_changed":false,"_seopress_robots_primary_cat":"none","_seopress_titles_title":"Sos Conimex Wok teriyaki 175 ml Olanda","_seopress_titles_desc":"Cauti Sos Conimex Wok soia dulce 175 ml? Comanda acum Sos Conimex Wok soia dulce 175 ml, produs in Olanda cu livrare rapida","_seopress_robots_index":""},"product_brand":[1949],"product_cat":[1555,3280,17494,1767],"giftcard-category":[],"class_list":{"0":"post-105483","1":"product","2":"type-product","3":"status-publish","4":"has-post-thumbnail","6":"product_brand-conimex","7":"product_cat-bacanie","8":"product_cat-condimente-sosuri","9":"product_cat-influente-asiatice","10":"product_cat-produse-olanda","12":"first","13":"instock","14":"taxable","15":"shipping-taxable","16":"purchasable","17":"product-type-simple"},"acf":[],"_links":{"self":[{"href":"https:\/\/totalblue.ro\/fr\/wp-json\/wp\/v2\/product\/105483","targetHints":{"allow":["GET"]}}],"collection":[{"href":"https:\/\/totalblue.ro\/fr\/wp-json\/wp\/v2\/product"}],"about":[{"href":"https:\/\/totalblue.ro\/fr\/wp-json\/wp\/v2\/types\/product"}],"replies":[{"embeddable":true,"href":"https:\/\/totalblue.ro\/fr\/wp-json\/wp\/v2\/comments?post=105483"}],"wp:featuredmedia":[{"embeddable":true,"href":"https:\/\/totalblue.ro\/fr\/wp-json\/wp\/v2\/media\/105487"}],"wp:attachment":[{"href":"https:\/\/totalblue.ro\/fr\/wp-json\/wp\/v2\/media?parent=105483"}],"wp:term":[{"taxonomy":"product_brand","embeddable":true,"href":"https:\/\/totalblue.ro\/fr\/wp-json\/wp\/v2\/product_brand?post=105483"},{"taxonomy":"product_cat","embeddable":true,"href":"https:\/\/totalblue.ro\/fr\/wp-json\/wp\/v2\/product_cat?post=105483"},{"taxonomy":"giftcard-category","embeddable":true,"href":"https:\/\/totalblue.ro\/fr\/wp-json\/wp\/v2\/giftcard-category?post=105483"}],"curies":[{"name":"wp","href":"https:\/\/api.w.org\/{rel}","templated":true}]}}