{"id":105493,"date":"2023-11-03T16:09:26","date_gmt":"2023-11-03T14:09:26","guid":{"rendered":"https:\/\/totalblue.ro\/?post_type=product&#038;p=105493"},"modified":"2026-01-17T16:57:24","modified_gmt":"2026-01-17T14:57:24","slug":"conimex-woksaus-sos-picant-cu-5-condimente-175-ml-olanda","status":"publish","type":"product","link":"https:\/\/totalblue.ro\/fr\/produs\/conimex-woksaus-sos-picant-cu-5-condimente-175-ml-olanda\/","title":{"rendered":"Conimex Woksaus sos picant cu 5 condimente 175 ml, Olanda"},"content":{"rendered":"<p>Sosul cu cinci condimente Conimex este un sos delicios de condimente cu ierburi si condimente chinezesti autentice pentru preparatul perfect oriental.<\/p>\n<p>Sosul wok Conimex cu cinci condimente este un sos delicios picant.<br \/>\nUn sos oriental cu ierburi si condimente chinezesti autentice.<br \/>\nUn sos pentru prajit fara coloranti artificiali sau potentiatori suplimentari de aroma.<br \/>\nAcest sos picant este vegetarian si recomandat pentru 2 pana la 3 persoane.<br \/>\nContinut si greutate: 175 mililitri. Ambalaj: sticla.<br \/>\nIngrediente: Apa, sirop de glucoza, arome (contine lapte), maltodextrina, zahar, sos de soia (apa, soia, sare, grau), sare, amidon modificat, condimente 1,4% (ghimbir, anason, scortisoara, coriandru, chimen, stea). anason), extract de drojdie, acid E270, zahar ars, busuioc, ulei de rapita, stabilizator E415, conservant E202.<br \/>\nAllerg\u00e8nes :<br \/>\nContine: soia, cereale care contin gluten, lapte, grau.<br \/>\nValeurs nutritionnelles pour 100g :<br \/>\nEnergie 455 kJ (109 kcal)<br \/>\nGrasimi 3.6 g din care grasimi saturate 0,5 g<br \/>\nGlucide 14 g din care zaharuri 3.1 g<br \/>\nProteine \u200b\u200b5.2 g<br \/>\nSare 0.49 g<br \/>\nPr\u00e9paration :<br \/>\n1. Marinati 500 g cuburi de tofu timp de 10 minute in 2 linguri de sos de soia si 1 lingurita de sambal.<br \/>\n2. Pregatiti 3 blocuri de taitei wok dupa metoda de preparare prezentata pe ambalaj.<br \/>\n3. Incinge 1 lingura ulei wok. Se usuca tofu marinat si se prajeste pana cand devine auriu. Tine deoparte.<br \/>\n4. Incinge 1 lingura ulei wok. Prajiti \/ wok 400 g legume amestecate timp de 2 minute.Adaugati tofu, \u00bd sticla de sos wok si taiteii wok si amestecati timp de 2 minute.<br \/>\nStockage : Conserver dans un endroit sec, \u00e0 l'abri de la lumi\u00e8re et \u00e0 temp\u00e9rature ambiante. Ne pas exposer \u00e0 la lumi\u00e8re directe du soleil.<br \/>\nConsommer avant : voir sur l'emballage.<br \/>\nTenir hors de port\u00e9e des enfants<br \/>\nDupa deschidere a se pastra la rece, maxim 2 luni.<br \/>\nFabriqu\u00e9 en Hollande Unilever Nederland, Conimex, Postbus 160, 3000 AD Rotterdam<br \/>\nImportateur et distributeur Total Blue Impex SRL<\/p>","protected":false},"excerpt":{"rendered":"<p>Sosul cu cinci condimente Conimex este un sos delicios de condimente cu ierburi si condimente chinezesti autentice pentru preparatul perfect oriental. Sosul wok Conimex cu cinci condimente este un sos delicios picant. Un sos oriental cu ierburi si condimente chinezesti autentice. Un sos pentru prajit fara coloranti artificiali sau potentiatori suplimentari de aroma. Acest sos [&#8230;]\n","protected":false},"featured_media":105497,"comment_status":"open","ping_status":"closed","template":"","meta":{"_acf_changed":false,"_seopress_robots_primary_cat":"none","_seopress_titles_title":"Sos Conimex Wok teriyaki 175 ml Olanda","_seopress_titles_desc":"Cauti Sos Conimex Wok soia dulce 175 ml? Comanda acum Sos Conimex Wok soia dulce 175 ml, produs in Olanda cu livrare rapida","_seopress_robots_index":""},"product_brand":[1949],"product_cat":[1555,3280,17494,1767],"giftcard-category":[],"class_list":{"0":"post-105493","1":"product","2":"type-product","3":"status-publish","4":"has-post-thumbnail","6":"product_brand-conimex","7":"product_cat-bacanie","8":"product_cat-condimente-sosuri","9":"product_cat-influente-asiatice","10":"product_cat-produse-olanda","12":"first","13":"instock","14":"taxable","15":"shipping-taxable","16":"purchasable","17":"product-type-simple"},"acf":[],"_links":{"self":[{"href":"https:\/\/totalblue.ro\/fr\/wp-json\/wp\/v2\/product\/105493","targetHints":{"allow":["GET"]}}],"collection":[{"href":"https:\/\/totalblue.ro\/fr\/wp-json\/wp\/v2\/product"}],"about":[{"href":"https:\/\/totalblue.ro\/fr\/wp-json\/wp\/v2\/types\/product"}],"replies":[{"embeddable":true,"href":"https:\/\/totalblue.ro\/fr\/wp-json\/wp\/v2\/comments?post=105493"}],"wp:featuredmedia":[{"embeddable":true,"href":"https:\/\/totalblue.ro\/fr\/wp-json\/wp\/v2\/media\/105497"}],"wp:attachment":[{"href":"https:\/\/totalblue.ro\/fr\/wp-json\/wp\/v2\/media?parent=105493"}],"wp:term":[{"taxonomy":"product_brand","embeddable":true,"href":"https:\/\/totalblue.ro\/fr\/wp-json\/wp\/v2\/product_brand?post=105493"},{"taxonomy":"product_cat","embeddable":true,"href":"https:\/\/totalblue.ro\/fr\/wp-json\/wp\/v2\/product_cat?post=105493"},{"taxonomy":"giftcard-category","embeddable":true,"href":"https:\/\/totalblue.ro\/fr\/wp-json\/wp\/v2\/giftcard-category?post=105493"}],"curies":[{"name":"wp","href":"https:\/\/api.w.org\/{rel}","templated":true}]}}