{"id":105504,"date":"2023-11-03T16:19:58","date_gmt":"2023-11-03T14:19:58","guid":{"rendered":"https:\/\/totalblue.ro\/?post_type=product&#038;p=105504"},"modified":"2026-02-10T17:16:45","modified_gmt":"2026-02-10T15:16:45","slug":"kuhne-zilveruien-silber-zwiebeln-330g","status":"publish","type":"product","link":"https:\/\/totalblue.ro\/fr\/produs\/kuhne-zilveruien-silber-zwiebeln-330g\/","title":{"rendered":"Oignons argent\u00e9s marin\u00e9s K\u00fchne 330g"},"content":{"rendered":"<p>Ingr\u00e9dients : oignons perl\u00e9s, vinaigre naturel, sirop de glucose-fructose, sel, sucre, antioxydants : acide ascorbique, acide citrique, disulfite de sodium, ar\u00f4mes naturels.<br \/>\nAllerg\u00e8nes :<br \/>\nContient : dioxyde de soufre et sulfites.<br \/>\n\u00c9nergie 156 kj \/ 37 kcal<br \/>\nGraisses 0,1 g dont graisses satur\u00e9es &lt; 0,1 g<br \/>\nGlucides 6,5 g dont sucres 6,2 g<br \/>\nFibres alimentaires 1,5 g<br \/>\nProt\u00e9ines 0,8 g<br \/>\nSel 1.70 g<br \/>\nStockage : Conserver dans un endroit sec, \u00e0 l'abri de la lumi\u00e8re et \u00e0 temp\u00e9rature ambiante. Ne pas exposer \u00e0 la lumi\u00e8re directe du soleil.<br \/>\nConsommer avant : voir sur l'emballage.<br \/>\nTenir hors de port\u00e9e des enfants<br \/>\nApr\u00e8s ouverture, conserver au r\u00e9frig\u00e9rateur.<br \/>\nProducteur : Carl K\u00fchne, K\u00fchneh\u00f6fe 11<br \/>\nD-22761 Hambourg, Allemagne<br \/>\nImportateur : Total Blue Impex SRL<\/p>\n<p><a href=\"https:\/\/totalblue.ro\/wp-content\/uploads\/2021\/02\/vegetarian.jpeg\"><img loading=\"lazy\" decoding=\"async\" class=\"alignnone wp-image-27413\" src=\"https:\/\/totalblue.ro\/wp-content\/uploads\/2021\/02\/vegetarian.jpeg\" alt=\"\" width=\"81\" height=\"81\" srcset=\"https:\/\/totalblue.ro\/wp-content\/uploads\/2021\/02\/vegetarian.jpeg 225w, https:\/\/totalblue.ro\/wp-content\/uploads\/2021\/02\/vegetarian-100x100.jpeg 100w\" sizes=\"auto, (max-width: 81px) 100vw, 81px\" \/><\/a><\/p>","protected":false},"excerpt":{"rendered":"<p>Ingrediente: ceapa sidefata, otet natural, sirop de glucoza-fructoza, sare, zahar, antioxidanti: acid ascorbic, acid citric, disulfit de sodiu, arome naturale. Alergeni: Contine: dioxid de sulf si sulfiti. Energie 156 kj \/ 37 kcal Grasimi 0,1 g din care grasimi saturate &lt; 0.1 g Glucide 6,5 g din care zaharuri 6,2 g Fibre alimentare 1,5 g [&#8230;]\n","protected":false},"featured_media":105505,"comment_status":"open","ping_status":"closed","template":"","meta":{"_acf_changed":false,"_seopress_robots_primary_cat":"none","_seopress_titles_title":"","_seopress_titles_desc":"","_seopress_robots_index":""},"product_brand":[2002],"product_cat":[1555,1683,3272,1767],"giftcard-category":[],"class_list":{"0":"post-105504","1":"product","2":"type-product","3":"status-publish","4":"has-post-thumbnail","6":"product_brand-kuhne","7":"product_cat-bacanie","8":"product_cat-conserve-mancare-gatita","9":"product_cat-conserve","10":"product_cat-produse-olanda","12":"first","13":"instock","14":"taxable","15":"shipping-taxable","16":"purchasable","17":"product-type-simple"},"acf":[],"_links":{"self":[{"href":"https:\/\/totalblue.ro\/fr\/wp-json\/wp\/v2\/product\/105504","targetHints":{"allow":["GET"]}}],"collection":[{"href":"https:\/\/totalblue.ro\/fr\/wp-json\/wp\/v2\/product"}],"about":[{"href":"https:\/\/totalblue.ro\/fr\/wp-json\/wp\/v2\/types\/product"}],"replies":[{"embeddable":true,"href":"https:\/\/totalblue.ro\/fr\/wp-json\/wp\/v2\/comments?post=105504"}],"wp:featuredmedia":[{"embeddable":true,"href":"https:\/\/totalblue.ro\/fr\/wp-json\/wp\/v2\/media\/105505"}],"wp:attachment":[{"href":"https:\/\/totalblue.ro\/fr\/wp-json\/wp\/v2\/media?parent=105504"}],"wp:term":[{"taxonomy":"product_brand","embeddable":true,"href":"https:\/\/totalblue.ro\/fr\/wp-json\/wp\/v2\/product_brand?post=105504"},{"taxonomy":"product_cat","embeddable":true,"href":"https:\/\/totalblue.ro\/fr\/wp-json\/wp\/v2\/product_cat?post=105504"},{"taxonomy":"giftcard-category","embeddable":true,"href":"https:\/\/totalblue.ro\/fr\/wp-json\/wp\/v2\/giftcard-category?post=105504"}],"curies":[{"name":"wp","href":"https:\/\/api.w.org\/{rel}","templated":true}]}}