{"id":106309,"date":"2023-11-15T15:28:11","date_gmt":"2023-11-15T13:28:11","guid":{"rendered":"https:\/\/totalblue.ro\/?post_type=product&#038;p=106309"},"modified":"2025-10-29T18:14:41","modified_gmt":"2025-10-29T16:14:41","slug":"president-creme-de-brie-125-g","status":"publish","type":"product","link":"https:\/\/totalblue.ro\/fr\/produs\/president-creme-de-brie-125-g\/","title":{"rendered":"Pr\u00e9sident Cr\u00e8me de brie 125 g"},"content":{"rendered":"<p>Ingrediente: Brie Pr\u00e9sident (55%) (lapte), lapte degresat reconstituit, unt (lapte), proteine \u200b\u200bdin lapte, saruri de topire (E339, E452), conservant: sorbat de potasiu, agenti de ingrosare: guma xantan, faina de roscove.<br \/>\nPoate contine urme de ou.<br \/>\nAlergeni: Contine lapte.<br \/>\nPoate contine: oua.<\/p>\n<p>Producator: LF ZI des Touches &#8211; Bd Arago &#8211; 53810 Chang\u00e9 &#8211; FRANCE<br \/>\nImportator: Total Blue Impex SRL, Bucuresti, Sector 6, B-dul Uverturii 69A<\/p>\n<p>Valeurs nutritionnelles pour 100 g :<br \/>\nEnergie 1189 kJ (287 kcal)<br \/>\nGrasimi 25 g din care grasimi saturate 18 g<br \/>\nGlucide 1.5 g din care zaharuri 1.5 g<br \/>\nProteine \u200b\u200b14 g<br \/>\nSel 1,6 g<\/p>","protected":false},"excerpt":{"rendered":"<p>Ingrediente: Brie Pr\u00e9sident (55%) (lapte), lapte degresat reconstituit, unt (lapte), proteine \u200b\u200bdin lapte, saruri de topire (E339, E452), conservant: sorbat de potasiu, agenti de ingrosare: guma xantan, faina de roscove. Poate contine urme de ou. Alergeni: Contine lapte. Poate contine: oua. Producator: LF ZI des Touches &#8211; Bd Arago &#8211; 53810 Chang\u00e9 &#8211; FRANCE Importator: [&#8230;]\n","protected":false},"featured_media":106314,"comment_status":"open","ping_status":"closed","template":"","meta":{"_acf_changed":false,"_seopress_robots_primary_cat":"none","_seopress_titles_title":"","_seopress_titles_desc":"","_seopress_robots_index":""},"product_brand":[17107],"product_cat":[1555,4226,3288,1767],"giftcard-category":[],"class_list":{"0":"post-106309","1":"product","2":"type-product","3":"status-publish","4":"has-post-thumbnail","6":"product_brand-president","7":"product_cat-bacanie","8":"product_cat-branzeturi-bacanie","9":"product_cat-branzeturi","10":"product_cat-produse-olanda","12":"first","13":"outofstock","14":"taxable","15":"shipping-taxable","16":"purchasable","17":"product-type-simple"},"acf":[],"_links":{"self":[{"href":"https:\/\/totalblue.ro\/fr\/wp-json\/wp\/v2\/product\/106309","targetHints":{"allow":["GET"]}}],"collection":[{"href":"https:\/\/totalblue.ro\/fr\/wp-json\/wp\/v2\/product"}],"about":[{"href":"https:\/\/totalblue.ro\/fr\/wp-json\/wp\/v2\/types\/product"}],"replies":[{"embeddable":true,"href":"https:\/\/totalblue.ro\/fr\/wp-json\/wp\/v2\/comments?post=106309"}],"wp:featuredmedia":[{"embeddable":true,"href":"https:\/\/totalblue.ro\/fr\/wp-json\/wp\/v2\/media\/106314"}],"wp:attachment":[{"href":"https:\/\/totalblue.ro\/fr\/wp-json\/wp\/v2\/media?parent=106309"}],"wp:term":[{"taxonomy":"product_brand","embeddable":true,"href":"https:\/\/totalblue.ro\/fr\/wp-json\/wp\/v2\/product_brand?post=106309"},{"taxonomy":"product_cat","embeddable":true,"href":"https:\/\/totalblue.ro\/fr\/wp-json\/wp\/v2\/product_cat?post=106309"},{"taxonomy":"giftcard-category","embeddable":true,"href":"https:\/\/totalblue.ro\/fr\/wp-json\/wp\/v2\/giftcard-category?post=106309"}],"curies":[{"name":"wp","href":"https:\/\/api.w.org\/{rel}","templated":true}]}}