{"id":106990,"date":"2023-11-21T15:00:52","date_gmt":"2023-11-21T13:00:52","guid":{"rendered":"https:\/\/totalblue.ro\/?post_type=product&#038;p=106990"},"modified":"2025-10-25T11:39:49","modified_gmt":"2025-10-25T08:39:49","slug":"melange-dassaisonnement-silvo-pour-ragouts-et-pot-au-feu-25g-hollandaise","status":"publish","type":"product","link":"https:\/\/totalblue.ro\/fr\/produs\/silvo-mix-de-condimente-pentru-mancaruri-si-tocane-25g-olanda\/","title":{"rendered":"Silvo M\u00e9lange d'assaisonnement pour rago\u00fbts et pot-au-feu 25g, Pays-Bas"},"content":{"rendered":"<p>Ingr\u00e9dients : glucose, sel 26%, ar\u00f4mes (contient de l'orge, du bl\u00e9), lait \u00e9cr\u00e9m\u00e9 en poudre, exhausteur de go\u00fbt : glutamate monosodique, \u00e9pices 4,5% (muscade 2,5%, poivre noir, curcuma), herbes 2,5% (persil 2%, aneth), huile de colza, anti-agglom\u00e9rant : dioxyde de silicium.<br \/>\nTeneur totale en herbes et \u00e9pices : 7%<br \/>\nUn d\u00e9licieux rago\u00fbt hollandais traditionnel avec des carottes, des oignons et des pommes de terre. Facile \u00e0 pr\u00e9parer. Depuis 1833, Silvo vous apporte passion et expertise dans ce m\u00e9lange de confiance de rago\u00fbt hollandais traditionnel avec carottes, oignons et pommes de terre.<br \/>\nValeurs nutritionnelles pour 100 g :<br \/>\n\u00c9nergie 1029 kJ (246 kcal)<br \/>\nGraisses 3,1 g dont graisses satur\u00e9es 1,3 g<br \/>\nGlucides 44,2 g dont sucres 35,5 g<br \/>\nProt\u00e9ines 10,3 g<br \/>\nSel 35,17 g<\/p>\n<p>Pr\u00e9paration et utilisation<\/p>\n<p>Ajouter :<br \/>\n1 kg de pommes de terre<br \/>\n800 g de carottes<br \/>\n500 g d'oignons<br \/>\n1,5 litre de lait<\/p>\n<p>Nettoyer et laver les pommes de terre.<br \/>\n\u00c9plucher et couper les carottes en tranches.<br \/>\nMettre les pommes de terre, les carottes et l'oignon dans une casserole avec une couche d'eau et faire cuire pendant 25 minutes.<br \/>\nPendant ce temps, faire bouillir le lait.<br \/>\n\u00c9goutter les pommes de terre et les l\u00e9gumes, les \u00e9craser et les m\u00e9langer avec le lait et une noix de beurre jusqu'\u00e0 homog\u00e9n\u00e9isation.<br \/>\nAjouter le m\u00e9lange et laisser le rago\u00fbt se r\u00e9chauffer tout en remuant.<br \/>\nNe pas ajouter de sel ou de poivre.<\/p>","protected":false},"excerpt":{"rendered":"<p>Verstegen Kruidenmix for kip 225 g<br \/>\nVerstegen Mix - \u00e9pices traditionnelles pour le poulet 225 g<\/p>","protected":false},"featured_media":106994,"comment_status":"open","ping_status":"closed","template":"","meta":{"_acf_changed":false,"_seopress_robots_primary_cat":"1451","_seopress_titles_title":"","_seopress_titles_desc":"","_seopress_robots_index":""},"product_brand":[17279],"product_cat":[1555,3280,1451,1767],"giftcard-category":[],"class_list":{"0":"post-106990","1":"product","2":"type-product","3":"status-publish","4":"has-post-thumbnail","6":"product_brand-silvo","7":"product_cat-bacanie","8":"product_cat-condimente-sosuri","9":"product_cat-condimente-produse-instant","10":"product_cat-produse-olanda","12":"first","13":"instock","14":"taxable","15":"shipping-taxable","16":"purchasable","17":"product-type-simple"},"acf":[],"_links":{"self":[{"href":"https:\/\/totalblue.ro\/fr\/wp-json\/wp\/v2\/product\/106990","targetHints":{"allow":["GET"]}}],"collection":[{"href":"https:\/\/totalblue.ro\/fr\/wp-json\/wp\/v2\/product"}],"about":[{"href":"https:\/\/totalblue.ro\/fr\/wp-json\/wp\/v2\/types\/product"}],"replies":[{"embeddable":true,"href":"https:\/\/totalblue.ro\/fr\/wp-json\/wp\/v2\/comments?post=106990"}],"wp:featuredmedia":[{"embeddable":true,"href":"https:\/\/totalblue.ro\/fr\/wp-json\/wp\/v2\/media\/106994"}],"wp:attachment":[{"href":"https:\/\/totalblue.ro\/fr\/wp-json\/wp\/v2\/media?parent=106990"}],"wp:term":[{"taxonomy":"product_brand","embeddable":true,"href":"https:\/\/totalblue.ro\/fr\/wp-json\/wp\/v2\/product_brand?post=106990"},{"taxonomy":"product_cat","embeddable":true,"href":"https:\/\/totalblue.ro\/fr\/wp-json\/wp\/v2\/product_cat?post=106990"},{"taxonomy":"giftcard-category","embeddable":true,"href":"https:\/\/totalblue.ro\/fr\/wp-json\/wp\/v2\/giftcard-category?post=106990"}],"curies":[{"name":"wp","href":"https:\/\/api.w.org\/{rel}","templated":true}]}}