{"id":107040,"date":"2023-11-22T11:39:35","date_gmt":"2023-11-22T09:39:35","guid":{"rendered":"https:\/\/totalblue.ro\/?post_type=product&#038;p=107040"},"modified":"2026-01-11T12:56:00","modified_gmt":"2026-01-11T10:56:00","slug":"hak-tranches-de-betterave-aigre-douce-705g-importe-des-pays-bas","status":"publish","type":"product","link":"https:\/\/totalblue.ro\/fr\/produs\/hak-felii-dulci-acrisoare-de-sfecla-rosie-705g-import-olanda\/","title":{"rendered":"Hak tranches de betterave aigre-douce 705g, import\u00e9 des Pays-Bas"},"content":{"rendered":"<p>La betterave Hak est un l\u00e9gume d\u00e9licieux et polyvalent. Il est tout simplement d\u00e9licieux avec un morceau de viande et des pommes de terre, mais il constitue \u00e9galement une base d\u00e9licieuse pour une salade ou une soupe.<\/p>\n<p>Bon \u00e9quilibre aigre-doux<br \/>\nFacile \u00e0 ouvrir gr\u00e2ce au couvercle sp\u00e9cial Hak 1 2. Pour retirer la betterave du bocal, utilisez une cuill\u00e8re en bois ou en plastique. Ne pas utiliser le contenu lorsque le couvercle est gonfl\u00e9.<br \/>\nPlein de vitamines et d'antioxydants<br \/>\nUn bel \u00e9clat<br \/>\nDescription.<br \/>\nCarpaccio de betterave : placer les tranches de betterave en \u00e9ventail sur une assiette, pr\u00e9parer une sauce mayonnaise, une cuill\u00e8re \u00e0 soupe de raifort et de la ciboulette hach\u00e9e, \u00e9taler le tout sur les tranches de betterave, et moudre g\u00e9n\u00e9reusement de poivre noir !<br \/>\nContenu et poids : 705 grammes<br \/>\nIngr\u00e9dients : betterave rouge 76%, eau, vinaigre aux herbes, sucre, amidon de ma\u00efs, sel de mer.<br \/>\nValeurs nutritionnelles pour 100g :<br \/>\nCes valeurs s'appliquent au produit non pr\u00e9par\u00e9.<br \/>\n\u00c9nergie 161 kJ (38 kcal)<br \/>\nMati\u00e8res grasses 0,1 g dont satur\u00e9es 0 g<br \/>\nGlucides 7,2 g dont sucres1 5,8 g<br \/>\nFibres alimentaires 2,1 g<br \/>\nProt\u00e9ines 0,9 g<br \/>\nSel 0,3 g<br \/>\nPr\u00e9paration:Chauffage:En cas d'utilisation \u00e0 chaud, r\u00e9chauffer uniquement ; ne pas faire bouillir.<br \/>\nStockage : Conserver au r\u00e9frig\u00e9rateur (max. 7\u00b0C) apr\u00e8s ouverture et a une dur\u00e9e de vie limit\u00e9e.<br \/>\nFabriqu\u00e9 aux Pays-Bas par HAK B.V.<br \/>\nPostbus 2, 4283 ZG Giessen, Pays-Bas<br \/>\nImportateur et distributeur Total Blue Impex SRL<\/p>\n<p><a href=\"https:\/\/totalblue.ro\/wp-content\/uploads\/2021\/02\/vegetarian.jpeg\"><img loading=\"lazy\" decoding=\"async\" class=\"alignnone wp-image-27413\" src=\"https:\/\/totalblue.ro\/wp-content\/uploads\/2021\/02\/vegetarian.jpeg\" alt=\"\" width=\"81\" height=\"81\" srcset=\"https:\/\/totalblue.ro\/wp-content\/uploads\/2021\/02\/vegetarian.jpeg 225w, https:\/\/totalblue.ro\/wp-content\/uploads\/2021\/02\/vegetarian-100x100.jpeg 100w\" sizes=\"auto, (max-width: 81px) 100vw, 81px\" \/><\/a><\/p>","protected":false},"excerpt":{"rendered":"<p>Sfecla rosie Hak este o leguma delicioasa si versatila. Pur si simplu delicios cu o bucata de carne si cartofi, dar si o baza delicioasa pentru o salata sau supa. Echilibrul dulce-acru bun Usor de deschis cu capacul special Hak 1 2, cand scoateti sfecla din borcan, folositi o lingura de lemn sau plastic. Nu [&#8230;]\n","protected":false},"featured_media":107044,"comment_status":"open","ping_status":"closed","template":"","meta":{"_acf_changed":false,"_seopress_robots_primary_cat":"none","_seopress_titles_title":"","_seopress_titles_desc":"","_seopress_robots_index":""},"product_brand":[2014],"product_cat":[1555,1683,3272,1767],"giftcard-category":[],"class_list":{"0":"post-107040","1":"product","2":"type-product","3":"status-publish","4":"has-post-thumbnail","6":"product_brand-hak","7":"product_cat-bacanie","8":"product_cat-conserve-mancare-gatita","9":"product_cat-conserve","10":"product_cat-produse-olanda","12":"first","13":"outofstock","14":"taxable","15":"shipping-taxable","16":"purchasable","17":"product-type-simple"},"acf":[],"_links":{"self":[{"href":"https:\/\/totalblue.ro\/fr\/wp-json\/wp\/v2\/product\/107040","targetHints":{"allow":["GET"]}}],"collection":[{"href":"https:\/\/totalblue.ro\/fr\/wp-json\/wp\/v2\/product"}],"about":[{"href":"https:\/\/totalblue.ro\/fr\/wp-json\/wp\/v2\/types\/product"}],"replies":[{"embeddable":true,"href":"https:\/\/totalblue.ro\/fr\/wp-json\/wp\/v2\/comments?post=107040"}],"wp:featuredmedia":[{"embeddable":true,"href":"https:\/\/totalblue.ro\/fr\/wp-json\/wp\/v2\/media\/107044"}],"wp:attachment":[{"href":"https:\/\/totalblue.ro\/fr\/wp-json\/wp\/v2\/media?parent=107040"}],"wp:term":[{"taxonomy":"product_brand","embeddable":true,"href":"https:\/\/totalblue.ro\/fr\/wp-json\/wp\/v2\/product_brand?post=107040"},{"taxonomy":"product_cat","embeddable":true,"href":"https:\/\/totalblue.ro\/fr\/wp-json\/wp\/v2\/product_cat?post=107040"},{"taxonomy":"giftcard-category","embeddable":true,"href":"https:\/\/totalblue.ro\/fr\/wp-json\/wp\/v2\/giftcard-category?post=107040"}],"curies":[{"name":"wp","href":"https:\/\/api.w.org\/{rel}","templated":true}]}}