{"id":107048,"date":"2023-11-22T11:47:12","date_gmt":"2023-11-22T09:47:12","guid":{"rendered":"https:\/\/totalblue.ro\/?post_type=product&#038;p=107048"},"modified":"2025-09-27T18:15:39","modified_gmt":"2025-09-27T15:15:39","slug":"hak-0-betisoare-taiate-de-sfecla-rosie-fara-adaos-de-zahar-si-sare-355g-olanda","status":"publish","type":"product","link":"https:\/\/totalblue.ro\/fr\/produs\/hak-0-betisoare-taiate-de-sfecla-rosie-fara-adaos-de-zahar-si-sare-355g-olanda\/","title":{"rendered":"Hak 0% B\u00e2tonnets de betterave hach\u00e9e sans sucre ni sel 355g, Pays-Bas"},"content":{"rendered":"<p>Betisoare taiate de sfecla rosie fara adaos de zahar si sare! Aromat cu ingrediente naturale, cum ar fi ierburi, condimente si otet.<br \/>\nIngr\u00e9dient : <span class=\"HwtZe\" lang=\"ro\"><span class=\"jCAhz ChMk0b\"><span class=\"ryNqvb\">sfecla rosie 73%, apa, otet de vin alb, otet de mere, amidon de porumb.<\/span><\/span><\/span><\/p>\n<p>Bogat in vitamina C<br \/>\nFara sare si zahar adaugat<br \/>\nAromat cu ingrediente naturale<br \/>\nDelicios intr-o salata<br \/>\nDescriere: Sfecla rosie 0% Fara adaos de zaharuri si sare<\/p>\n<p>Continut si greutate 355 grame<br \/>\nValeurs nutritionnelles pour 100g :<br \/>\nAceste valori se aplica produsului nepreparat<br \/>\nEnergie 124 kJ (30 kcal)<br \/>\nMati\u00e8res grasses 0,1 g dont satur\u00e9es 0 g<br \/>\nGlucide 4,5 g din care zaharuri1 4,4 g<br \/>\nFibre alimentare 2,8 g<br \/>\nProteine \u200b\u200b1,2 g<br \/>\nSare 0,15 g<br \/>\nUsor de deschis cu capacul special Hak 1 2, cand scoateti sfecla din borcan, folositi o lingura de lemn sau plastic. Nu utilizati continutul cand capacul este umflat.Nu reincalziti dupa preparare!<br \/>\nMod de preparare: Incalzire. Cand se foloseste fierbinte, se incalzeste numai. A nu se lasa sa fiarba.<br \/>\nStockage : Conserver au r\u00e9frig\u00e9rateur (max. 7\u00b0C) apr\u00e8s ouverture et a une dur\u00e9e de vie limit\u00e9e.<br \/>\nFabriqu\u00e9 aux Pays-Bas par HAK B.V.<br \/>\nPostbus 2, 4283 ZG Giessen, Pays-Bas<br \/>\nImportateur et distributeur Total Blue Impex SRL<\/p>\n<p><a href=\"https:\/\/totalblue.ro\/wp-content\/uploads\/2022\/04\/nutri-score-a.png\"><img loading=\"lazy\" decoding=\"async\" class=\"alignnone wp-image-49979\" src=\"https:\/\/totalblue.ro\/wp-content\/uploads\/2022\/04\/nutri-score-a-738x400.png\" alt=\"\" width=\"172\" height=\"93\" srcset=\"https:\/\/totalblue.ro\/wp-content\/uploads\/2022\/04\/nutri-score-a-738x400.png 738w, https:\/\/totalblue.ro\/wp-content\/uploads\/2022\/04\/nutri-score-a-510x276.png 510w, https:\/\/totalblue.ro\/wp-content\/uploads\/2022\/04\/nutri-score-a-768x416.png 768w, https:\/\/totalblue.ro\/wp-content\/uploads\/2022\/04\/nutri-score-a-96x52.png 96w, https:\/\/totalblue.ro\/wp-content\/uploads\/2022\/04\/nutri-score-a-42x23.png 42w, https:\/\/totalblue.ro\/wp-content\/uploads\/2022\/04\/nutri-score-a-60x33.png 60w, https:\/\/totalblue.ro\/wp-content\/uploads\/2022\/04\/nutri-score-a-600x325.png 600w, https:\/\/totalblue.ro\/wp-content\/uploads\/2022\/04\/nutri-score-a-100x54.png 100w, https:\/\/totalblue.ro\/wp-content\/uploads\/2022\/04\/nutri-score-a.png 1024w\" sizes=\"auto, (max-width: 172px) 100vw, 172px\" \/><\/a><\/p>","protected":false},"excerpt":{"rendered":"<p>Betisoare taiate de sfecla rosie fara adaos de zahar si sare! Aromat cu ingrediente naturale, cum ar fi ierburi, condimente si otet. Ingrediente : sfecla rosie 73%, apa, otet de vin alb, otet de mere, amidon de porumb. Bogat in vitamina C Fara sare si zahar adaugat Aromat cu ingrediente naturale Delicios intr-o salata Descriere: [&#8230;]\n","protected":false},"featured_media":107052,"comment_status":"open","ping_status":"closed","template":"","meta":{"_acf_changed":false,"_seopress_robots_primary_cat":"none","_seopress_titles_title":"","_seopress_titles_desc":"","_seopress_robots_index":""},"product_brand":[2014],"product_cat":[1555,1683,3272,1767],"giftcard-category":[],"class_list":{"0":"post-107048","1":"product","2":"type-product","3":"status-publish","4":"has-post-thumbnail","6":"product_brand-hak","7":"product_cat-bacanie","8":"product_cat-conserve-mancare-gatita","9":"product_cat-conserve","10":"product_cat-produse-olanda","12":"first","13":"outofstock","14":"taxable","15":"shipping-taxable","16":"purchasable","17":"product-type-simple"},"acf":[],"_links":{"self":[{"href":"https:\/\/totalblue.ro\/fr\/wp-json\/wp\/v2\/product\/107048","targetHints":{"allow":["GET"]}}],"collection":[{"href":"https:\/\/totalblue.ro\/fr\/wp-json\/wp\/v2\/product"}],"about":[{"href":"https:\/\/totalblue.ro\/fr\/wp-json\/wp\/v2\/types\/product"}],"replies":[{"embeddable":true,"href":"https:\/\/totalblue.ro\/fr\/wp-json\/wp\/v2\/comments?post=107048"}],"wp:featuredmedia":[{"embeddable":true,"href":"https:\/\/totalblue.ro\/fr\/wp-json\/wp\/v2\/media\/107052"}],"wp:attachment":[{"href":"https:\/\/totalblue.ro\/fr\/wp-json\/wp\/v2\/media?parent=107048"}],"wp:term":[{"taxonomy":"product_brand","embeddable":true,"href":"https:\/\/totalblue.ro\/fr\/wp-json\/wp\/v2\/product_brand?post=107048"},{"taxonomy":"product_cat","embeddable":true,"href":"https:\/\/totalblue.ro\/fr\/wp-json\/wp\/v2\/product_cat?post=107048"},{"taxonomy":"giftcard-category","embeddable":true,"href":"https:\/\/totalblue.ro\/fr\/wp-json\/wp\/v2\/giftcard-category?post=107048"}],"curies":[{"name":"wp","href":"https:\/\/api.w.org\/{rel}","templated":true}]}}